{"id":744326,"date":"2025-03-03T19:09:53","date_gmt":"2025-03-03T18:09:53","guid":{"rendered":"https:\/\/stoic-curie.212-227-153-4.plesk.page\/producto\/vetus-lt50-plasticni-prigusivac-ispuha-50mm-diameter\/"},"modified":"2026-02-25T00:01:13","modified_gmt":"2026-02-25T00:01:13","slug":"vetus-lt50-plasticni-prigusivac-ispuha-50mm-diameter","status":"publish","type":"product","link":"https:\/\/stoic-curie.212-227-153-4.plesk.page\/hr\/product\/vetus-lt50-plasticni-prigusivac-ispuha-50mm-diameter\/","title":{"rendered":"Vetus LT50 plasti\u010dni prigu\u0161iva\u010d ispuha  (50mm Diameter)"},"content":{"rendered":"<p>Vetus LT50 plasti\u010dni prigu\u0161iva\u010d ispuha  (50mm Diameter) &#8211; <\/p>\n<div class=\"col-24 col-md-15\">\n<p>Vetus LT50 morski izduvni cijevni koljeno izra\u0111eno je od plastike i dizajnirano je da sprije\u010di povratak vode prema motoru u vla\u017enom sustavu izduvnih plinova. Ovo koljeno podi\u017ee liniju izduvne cijevi iznad razine vode tako da voda mo\u017ee te\u0107i prema dolje do najni\u017eeg mjesta, gdje bi trebala biti vodena blokada.<\/p>\n<p>Imajte na umu: Vetus izduvni dijelovi izra\u0111eni su od plastike i smiju se koristiti samo u vla\u017enim sustavima izduvnih plinova. Maksimalna temperatura ne smije prelaziti 70 \u00c2\u00b0C, ina\u010de bi dijelovi izduvnog sustava mogli biti o\u0161te\u0107eni.<\/p>\n<\/div>\n<p><\/p>\n<table class=\"table\">\n<tbody>\n<tr>\n<td><strong>Visina<\/strong><\/td>\n<td>502mm<\/td>\n<\/tr>\n<tr>\n<td><strong>Materijal<\/strong><\/td>\n<td>Plastika<\/td>\n<\/tr>\n<tr>\n<td><strong>\u0160irina<\/strong><\/td>\n<td>135mm<\/td>\n<\/tr>\n<tr>\n<td><strong>Brend<\/strong><\/td>\n<td>Vetus<\/td>\n<\/tr>\n<tr>\n<td><strong>Veli\u010dina priklju\u010dka<\/strong><\/td>\n<td>50mm<\/td>\n<\/tr>\n<tr>\n<td><strong>Osnovna konstrukcija<\/strong><\/td>\n<td>Plastika<\/td>\n<\/tr>\n<tr>\n<td><strong>Veli\u010dina ulazne\/izlazne priklju\u010dka<\/strong><\/td>\n<td>50mm<\/td>\n<\/tr>\n<tr>\n<td><strong>Dubina<\/strong><\/td>\n<td>182mm<\/td>\n<\/tr>\n<\/tbody>\n<\/table>\n","protected":false},"excerpt":{"rendered":"<p>Vetus LT50 plasti\u010dni prigu\u0161iva\u010d ispuha (50mm Diameter) &#8211; Vetus LT50 morski izduvni cijevni koljeno izra\u0111eno je od plastike i dizajnirano<\/p>\n","protected":false},"featured_media":5946345,"comment_status":"open","ping_status":"closed","template":"","meta":[],"product_brand":[3521],"product_cat":[1794],"product_tag":[],"class_list":{"0":"post-744326","1":"product","2":"type-product","3":"status-publish","4":"has-post-thumbnail","6":"product_brand-vetus-hr","7":"product_cat-ispusne-vode-i-prigusivaci","9":"first","10":"instock","11":"shipping-taxable","12":"purchasable","13":"product-type-simple"},"_links":{"self":[{"href":"https:\/\/stoic-curie.212-227-153-4.plesk.page\/hr\/wp-json\/wp\/v2\/product\/744326","targetHints":{"allow":["GET"]}}],"collection":[{"href":"https:\/\/stoic-curie.212-227-153-4.plesk.page\/hr\/wp-json\/wp\/v2\/product"}],"about":[{"href":"https:\/\/stoic-curie.212-227-153-4.plesk.page\/hr\/wp-json\/wp\/v2\/types\/product"}],"replies":[{"embeddable":true,"href":"https:\/\/stoic-curie.212-227-153-4.plesk.page\/hr\/wp-json\/wp\/v2\/comments?post=744326"}],"version-history":[{"count":0,"href":"https:\/\/stoic-curie.212-227-153-4.plesk.page\/hr\/wp-json\/wp\/v2\/product\/744326\/revisions"}],"wp:featuredmedia":[{"embeddable":true,"href":"https:\/\/stoic-curie.212-227-153-4.plesk.page\/hr\/wp-json\/wp\/v2\/media\/5946345"}],"wp:attachment":[{"href":"https:\/\/stoic-curie.212-227-153-4.plesk.page\/hr\/wp-json\/wp\/v2\/media?parent=744326"}],"wp:term":[{"taxonomy":"product_brand","embeddable":true,"href":"https:\/\/stoic-curie.212-227-153-4.plesk.page\/hr\/wp-json\/wp\/v2\/product_brand?post=744326"},{"taxonomy":"product_cat","embeddable":true,"href":"https:\/\/stoic-curie.212-227-153-4.plesk.page\/hr\/wp-json\/wp\/v2\/product_cat?post=744326"},{"taxonomy":"product_tag","embeddable":true,"href":"https:\/\/stoic-curie.212-227-153-4.plesk.page\/hr\/wp-json\/wp\/v2\/product_tag?post=744326"}],"curies":[{"name":"wp","href":"https:\/\/api.w.org\/{rel}","templated":true}]}}