{"id":744328,"date":"2025-03-03T19:09:54","date_gmt":"2025-03-03T18:09:54","guid":{"rendered":"https:\/\/stoic-curie.212-227-153-4.plesk.page\/producto\/centek-vernalift-grp-mokri-ispusni-lonac-inline-127mm-hose\/"},"modified":"2026-02-25T00:01:13","modified_gmt":"2026-02-25T00:01:13","slug":"centek-vernalift-grp-mokri-ispusni-lonac-inline-127mm-hose","status":"publish","type":"product","link":"https:\/\/stoic-curie.212-227-153-4.plesk.page\/hr\/product\/centek-vernalift-grp-mokri-ispusni-lonac-inline-127mm-hose\/","title":{"rendered":"Centek Vernalift GRP mokri ispu\u0161ni lonac (Inline \/ 127mm Hose)"},"content":{"rendered":"<p>Centek Vernalift GRP mokri ispu\u0161ni lonac (Inline \/ 127mm Hose) &#8211; <\/p>\n<div class=\"col-24 col-md-15\">\n<p>Centek 1500100 Vernalift vodna brava ima &#8216;Inline&#8217; konfiguraciju. Ova vodna brava pogodna je za kori\u0161tenje s unutarnjim motorima, jedrilicama i generatorima, ali se treba instalirati ispod motora kao najni\u017ea to\u010dka ispu\u0161nog sustava. Mo\u017ee se instalirati iznad ili ispod razine vode i pogodna je za benzinske (plin) ili dizelske primjene. Ima bolje zvu\u010dne apsorpcijske karakteristike od 22-28 dB, ovisno o motoru s kojim se koristi.<\/p>\n<p>Centek asortiman ispu\u0161nih vodnih brava napravljen je od toplinski otporne GRP-a (stakloplastike) zajedno s ostalim komponentama njihovog mokrog ispu\u0161nog sustava. Zbog ove konstrukcije vodne brave su otporne na koroziju i mogu izdr\u017eati temperature do 177 \u00b0C (350 \u00b0F). Centek ispu\u0161ni asortiman odobren je od strane ABS-a, ABYC-a, Lloyds-a i UL-a.<\/p>\n<p>Centek Vernalift pogodna je samo za kori\u0161tenje u sustavima mokrog ispuha i treba je koristiti s odobrenim gumenim morskim ispu\u0161nim crijevom.<\/p>\n<\/div>\n<p><\/p>\n<table class=\"table\">\n<tbody>\n<tr>\n<td><strong>Primjena<\/strong><\/td>\n<td>Unutarnji motori, Jedrilice &#038; Generatori<\/td>\n<\/tr>\n<tr>\n<td><strong>Du\u017eina<\/strong><\/td>\n<td>Port: 127mm, Ukupno: 559mm<\/td>\n<\/tr>\n<tr>\n<td><strong>Materijal<\/strong><\/td>\n<td>GRP<\/td>\n<\/tr>\n<tr>\n<td><strong>Marka<\/strong><\/td>\n<td>Centek<\/td>\n<\/tr>\n<tr>\n<td><strong>Konfiguracija Porta<\/strong><\/td>\n<td>Inline<\/td>\n<\/tr>\n<tr>\n<td><strong>Veli\u010dina Porta<\/strong><\/td>\n<td>127mm<\/td>\n<\/tr>\n<tr>\n<td><strong>Primarna Konstrukcija<\/strong><\/td>\n<td>GRP<\/td>\n<\/tr>\n<tr>\n<td><strong>Pogodno za<\/strong><\/td>\n<td>Benzin \/ Dizel<\/td>\n<\/tr>\n<tr>\n<td><strong>Dr\u017eava podrijetla<\/strong><\/td>\n<td>Sjedinjene Ameri\u010dke Dr\u017eave<\/td>\n<\/tr>\n<tr>\n<td><strong>Tipi\u010dno smanjenje buke<\/strong><\/td>\n<td>22-28dB<\/td>\n<\/tr>\n<tr>\n<td><strong>Promjer<\/strong><\/td>\n<td>Tijelo: 313mm<\/td>\n<\/tr>\n<tr>\n<td><strong>Ulazna i izlazna veli\u010dina Porta<\/strong><\/td>\n<td>127mm (5&#8243;)<\/td>\n<\/tr>\n<tr>\n<td><strong>Offset Porta<\/strong><\/td>\n<td>233mm<\/td>\n<\/tr>\n<tr>\n<td><strong>Razina vode<\/strong><\/td>\n<td>Iznad ili Ispod<\/td>\n<\/tr>\n<\/tbody>\n<\/table>\n","protected":false},"excerpt":{"rendered":"<p>Centek Vernalift GRP mokri ispu\u0161ni lonac (Inline \/ 127mm Hose) &#8211; Centek 1500100 Vernalift vodna brava ima &#8216;Inline&#8217; konfiguraciju. Ova<\/p>\n","protected":false},"featured_media":5946348,"comment_status":"open","ping_status":"closed","template":"","meta":[],"product_brand":[3226],"product_cat":[1794],"product_tag":[],"class_list":{"0":"post-744328","1":"product","2":"type-product","3":"status-publish","4":"has-post-thumbnail","6":"product_brand-orbitrade-marine-hr","7":"product_cat-ispusne-vode-i-prigusivaci","9":"first","10":"instock","11":"shipping-taxable","12":"purchasable","13":"product-type-simple"},"_links":{"self":[{"href":"https:\/\/stoic-curie.212-227-153-4.plesk.page\/hr\/wp-json\/wp\/v2\/product\/744328","targetHints":{"allow":["GET"]}}],"collection":[{"href":"https:\/\/stoic-curie.212-227-153-4.plesk.page\/hr\/wp-json\/wp\/v2\/product"}],"about":[{"href":"https:\/\/stoic-curie.212-227-153-4.plesk.page\/hr\/wp-json\/wp\/v2\/types\/product"}],"replies":[{"embeddable":true,"href":"https:\/\/stoic-curie.212-227-153-4.plesk.page\/hr\/wp-json\/wp\/v2\/comments?post=744328"}],"version-history":[{"count":0,"href":"https:\/\/stoic-curie.212-227-153-4.plesk.page\/hr\/wp-json\/wp\/v2\/product\/744328\/revisions"}],"wp:featuredmedia":[{"embeddable":true,"href":"https:\/\/stoic-curie.212-227-153-4.plesk.page\/hr\/wp-json\/wp\/v2\/media\/5946348"}],"wp:attachment":[{"href":"https:\/\/stoic-curie.212-227-153-4.plesk.page\/hr\/wp-json\/wp\/v2\/media?parent=744328"}],"wp:term":[{"taxonomy":"product_brand","embeddable":true,"href":"https:\/\/stoic-curie.212-227-153-4.plesk.page\/hr\/wp-json\/wp\/v2\/product_brand?post=744328"},{"taxonomy":"product_cat","embeddable":true,"href":"https:\/\/stoic-curie.212-227-153-4.plesk.page\/hr\/wp-json\/wp\/v2\/product_cat?post=744328"},{"taxonomy":"product_tag","embeddable":true,"href":"https:\/\/stoic-curie.212-227-153-4.plesk.page\/hr\/wp-json\/wp\/v2\/product_tag?post=744328"}],"curies":[{"name":"wp","href":"https:\/\/api.w.org\/{rel}","templated":true}]}}