{"id":744333,"date":"2025-03-03T19:09:55","date_gmt":"2025-03-03T18:09:55","guid":{"rendered":"https:\/\/stoic-curie.212-227-153-4.plesk.page\/producto\/rucna-kaljuzna-pumpa-johnson-viking-universal\/"},"modified":"2026-02-25T00:01:13","modified_gmt":"2026-02-25T00:01:13","slug":"rucna-kaljuzna-pumpa-johnson-viking-universal","status":"publish","type":"product","link":"https:\/\/stoic-curie.212-227-153-4.plesk.page\/hr\/product\/rucna-kaljuzna-pumpa-johnson-viking-universal\/","title":{"rendered":"Ru\u010dna kalju\u017ena pumpa Johnson Viking Universal"},"content":{"rendered":"<p>Ru\u010dna kalju\u017ena pumpa Johnson Viking Universal &#8211; <\/p>\n<p>Robusta, samousisna, ru\u010dna pumpa za odvodnju koja je pogodna za gotovo svaku vrstu instalacije. Dr\u017ea\u010d za monta\u017eu omogu\u0107uje vertikalno ili horizontalno postavljanje. S opcionalnim setom za prolaz kroz palubu, pumpa se mo\u017ee instalirati iza pregrada ili ispod palube.<\/p>\n","protected":false},"excerpt":{"rendered":"<p>Ru\u010dna kalju\u017ena pumpa Johnson Viking Universal &#8211; Robusta, samousisna, ru\u010dna pumpa za odvodnju koja je pogodna za gotovo svaku vrstu<\/p>\n","protected":false},"featured_media":5946357,"comment_status":"open","ping_status":"closed","template":"","meta":[],"product_brand":[3046],"product_cat":[1654],"product_tag":[],"class_list":{"0":"post-744333","1":"product","2":"type-product","3":"status-publish","4":"has-post-thumbnail","6":"product_brand-johnson-marine-hr","7":"product_cat-rucne-kaljuzne-pumpe","9":"first","10":"instock","11":"shipping-taxable","12":"purchasable","13":"product-type-simple"},"_links":{"self":[{"href":"https:\/\/stoic-curie.212-227-153-4.plesk.page\/hr\/wp-json\/wp\/v2\/product\/744333","targetHints":{"allow":["GET"]}}],"collection":[{"href":"https:\/\/stoic-curie.212-227-153-4.plesk.page\/hr\/wp-json\/wp\/v2\/product"}],"about":[{"href":"https:\/\/stoic-curie.212-227-153-4.plesk.page\/hr\/wp-json\/wp\/v2\/types\/product"}],"replies":[{"embeddable":true,"href":"https:\/\/stoic-curie.212-227-153-4.plesk.page\/hr\/wp-json\/wp\/v2\/comments?post=744333"}],"version-history":[{"count":0,"href":"https:\/\/stoic-curie.212-227-153-4.plesk.page\/hr\/wp-json\/wp\/v2\/product\/744333\/revisions"}],"wp:featuredmedia":[{"embeddable":true,"href":"https:\/\/stoic-curie.212-227-153-4.plesk.page\/hr\/wp-json\/wp\/v2\/media\/5946357"}],"wp:attachment":[{"href":"https:\/\/stoic-curie.212-227-153-4.plesk.page\/hr\/wp-json\/wp\/v2\/media?parent=744333"}],"wp:term":[{"taxonomy":"product_brand","embeddable":true,"href":"https:\/\/stoic-curie.212-227-153-4.plesk.page\/hr\/wp-json\/wp\/v2\/product_brand?post=744333"},{"taxonomy":"product_cat","embeddable":true,"href":"https:\/\/stoic-curie.212-227-153-4.plesk.page\/hr\/wp-json\/wp\/v2\/product_cat?post=744333"},{"taxonomy":"product_tag","embeddable":true,"href":"https:\/\/stoic-curie.212-227-153-4.plesk.page\/hr\/wp-json\/wp\/v2\/product_tag?post=744333"}],"curies":[{"name":"wp","href":"https:\/\/api.w.org\/{rel}","templated":true}]}}