{"id":744351,"date":"2025-03-03T19:10:00","date_gmt":"2025-03-03T18:10:00","guid":{"rendered":"https:\/\/stoic-curie.212-227-153-4.plesk.page\/producto\/kombinirani-stednjak-od-nehrdajuceg-celika-s-sudoperom-445-x-600-x-v1385-mm\/"},"modified":"2026-02-25T00:01:13","modified_gmt":"2026-02-25T00:01:13","slug":"kombinirani-stednjak-od-nehrdajuceg-celika-s-sudoperom-445-x-600-x-v1385-mm","status":"publish","type":"product","link":"https:\/\/stoic-curie.212-227-153-4.plesk.page\/hr\/product\/kombinirani-stednjak-od-nehrdajuceg-celika-s-sudoperom-445-x-600-x-v1385-mm\/","title":{"rendered":"Kombinirani \u0161tednjak od nehr\u0111aju\u0107eg \u010delika s sudoperom (445 x 600 x V138,5 mm)"},"content":{"rendered":"<p>Kombinirani \u0161tednjak od nehr\u0111aju\u0107eg \u010delika s sudoperom (445 x 600 x V138,5 mm) &#8211; <\/p>\n<p>Kompakt umivaonik od satinirane nehr\u0111aju\u0107e \u010delika s staklenim pokrovom, sigurnosnim termoelementima i priklju\u010dcima za odvodnju.<\/p>\n","protected":false},"excerpt":{"rendered":"<p>Kombinirani \u0161tednjak od nehr\u0111aju\u0107eg \u010delika s sudoperom (445 x 600 x V138,5 mm) &#8211; Kompakt umivaonik od satinirane nehr\u0111aju\u0107e \u010delika<\/p>\n","protected":false},"featured_media":5946406,"comment_status":"open","ping_status":"closed","template":"","meta":[],"product_brand":[3491],"product_cat":[1641,1663],"product_tag":[],"class_list":{"0":"post-744351","1":"product","2":"type-product","3":"status-publish","4":"has-post-thumbnail","6":"product_brand-trem-hr","7":"product_cat-brodski-stednjaci","8":"product_cat-sudoperi-u-kuhinji","10":"first","11":"instock","12":"shipping-taxable","13":"purchasable","14":"product-type-simple"},"_links":{"self":[{"href":"https:\/\/stoic-curie.212-227-153-4.plesk.page\/hr\/wp-json\/wp\/v2\/product\/744351","targetHints":{"allow":["GET"]}}],"collection":[{"href":"https:\/\/stoic-curie.212-227-153-4.plesk.page\/hr\/wp-json\/wp\/v2\/product"}],"about":[{"href":"https:\/\/stoic-curie.212-227-153-4.plesk.page\/hr\/wp-json\/wp\/v2\/types\/product"}],"replies":[{"embeddable":true,"href":"https:\/\/stoic-curie.212-227-153-4.plesk.page\/hr\/wp-json\/wp\/v2\/comments?post=744351"}],"version-history":[{"count":0,"href":"https:\/\/stoic-curie.212-227-153-4.plesk.page\/hr\/wp-json\/wp\/v2\/product\/744351\/revisions"}],"wp:featuredmedia":[{"embeddable":true,"href":"https:\/\/stoic-curie.212-227-153-4.plesk.page\/hr\/wp-json\/wp\/v2\/media\/5946406"}],"wp:attachment":[{"href":"https:\/\/stoic-curie.212-227-153-4.plesk.page\/hr\/wp-json\/wp\/v2\/media?parent=744351"}],"wp:term":[{"taxonomy":"product_brand","embeddable":true,"href":"https:\/\/stoic-curie.212-227-153-4.plesk.page\/hr\/wp-json\/wp\/v2\/product_brand?post=744351"},{"taxonomy":"product_cat","embeddable":true,"href":"https:\/\/stoic-curie.212-227-153-4.plesk.page\/hr\/wp-json\/wp\/v2\/product_cat?post=744351"},{"taxonomy":"product_tag","embeddable":true,"href":"https:\/\/stoic-curie.212-227-153-4.plesk.page\/hr\/wp-json\/wp\/v2\/product_tag?post=744351"}],"curies":[{"name":"wp","href":"https:\/\/api.w.org\/{rel}","templated":true}]}}