{"id":744365,"date":"2025-03-03T19:12:21","date_gmt":"2025-03-03T18:12:21","guid":{"rendered":"https:\/\/stoic-curie.212-227-153-4.plesk.page\/producto\/hladnjak-dometic-coolmatic-cd20-inox\/"},"modified":"2026-02-25T00:01:14","modified_gmt":"2026-02-25T00:01:14","slug":"hladnjak-dometic-coolmatic-cd20-inox","status":"publish","type":"product","link":"https:\/\/stoic-curie.212-227-153-4.plesk.page\/hr\/product\/hladnjak-dometic-coolmatic-cd20-inox\/","title":{"rendered":"Hladnjak Dometic Coolmatic CD 20S"},"content":{"rendered":"<p>Hladnjak Dometic Coolmatic CD 20S &#8211; <\/p>\n<p>Predstavljamo Dometic CoolMatic CD 20S ladicu sa srebrnim vratima. Ako imate malo prostora, ovaj moderni hladnjak sa ladicama zapremine 20 litara omogu\u0107uje Vam u\u017eivanje u u\u010dinkovitom hla\u0111enju bez kompromisa. Ima vanjsku rashladnu jedinicu koja se mo\u017ee smjestiti do 1,5 metara daleko i uklju\u010duje podesivu kontrolu temperature radi Va\u0161e udobnosti. Njegov kompaktni dizajn u\u010dinkovito maksimizira male prostore.<\/p>\n<p>Klju\u010dne zna\u010dajke:<\/p>\n<ul>\n<li>Idealno za ograni\u010dene prostore zahvaljuju\u0107i svom kompaktnom dizajnu.<\/li>\n<li>Podesiva kontrola temperature s neprekidno promjenjivim termostatom za bolju u\u010dinkovitost.<\/li>\n<li>Jednostavan pristup s ladicama koje se lako izvla\u010de i glatko klize na to\u010dkovima.<\/li>\n<li>Jednostavan mehanizam otklju\u010davanja i otvaranja za korisni\u010dki prijateljsku upotrebu.<\/li>\n<li>Temperaturni raspon od +15 \u00b0C do 0 \u00b0C.<\/li>\n<li>Rashladna jedinica mo\u017ee se instalirati odvojeno, \u0161to nudi fleksibilnost u smje\u0161taju.<\/li>\n<li>Vrata od nehr\u0111aju\u0107eg \u010delika kombiniraju eleganciju i izdr\u017eljivost.<\/li>\n<\/ul>\n<p>Dimenzije proizvoda:<\/p>\n<ul>\n<li>Dubina: 564 mm<\/li>\n<li>Visina: 250 mm<\/li>\n<li>\u0160irina: 440 mm<\/li>\n<li>Neto te\u017eina: 16,80 kg<\/li>\n<\/ul>\n<p>Ovaj hladnjak je savr\u0161eno rje\u0161enje za one koji trebaju pouzdanu opciju hla\u0111enja u sku\u010denim prostorima.<\/p>\n","protected":false},"excerpt":{"rendered":"<p>Hladnjak Dometic Coolmatic CD 20S &#8211; Predstavljamo Dometic CoolMatic CD 20S ladicu sa srebrnim vratima. Ako imate malo prostora, ovaj<\/p>\n","protected":false},"featured_media":5946411,"comment_status":"open","ping_status":"closed","template":"","meta":[],"product_brand":[2896],"product_cat":[1751],"product_tag":[],"class_list":{"0":"post-744365","1":"product","2":"type-product","3":"status-publish","4":"has-post-thumbnail","6":"product_brand-dometic-hr","7":"product_cat-hladnjaci-i-zamrzivaci","9":"first","10":"instock","11":"shipping-taxable","12":"purchasable","13":"product-type-simple"},"_links":{"self":[{"href":"https:\/\/stoic-curie.212-227-153-4.plesk.page\/hr\/wp-json\/wp\/v2\/product\/744365","targetHints":{"allow":["GET"]}}],"collection":[{"href":"https:\/\/stoic-curie.212-227-153-4.plesk.page\/hr\/wp-json\/wp\/v2\/product"}],"about":[{"href":"https:\/\/stoic-curie.212-227-153-4.plesk.page\/hr\/wp-json\/wp\/v2\/types\/product"}],"replies":[{"embeddable":true,"href":"https:\/\/stoic-curie.212-227-153-4.plesk.page\/hr\/wp-json\/wp\/v2\/comments?post=744365"}],"version-history":[{"count":0,"href":"https:\/\/stoic-curie.212-227-153-4.plesk.page\/hr\/wp-json\/wp\/v2\/product\/744365\/revisions"}],"wp:featuredmedia":[{"embeddable":true,"href":"https:\/\/stoic-curie.212-227-153-4.plesk.page\/hr\/wp-json\/wp\/v2\/media\/5946411"}],"wp:attachment":[{"href":"https:\/\/stoic-curie.212-227-153-4.plesk.page\/hr\/wp-json\/wp\/v2\/media?parent=744365"}],"wp:term":[{"taxonomy":"product_brand","embeddable":true,"href":"https:\/\/stoic-curie.212-227-153-4.plesk.page\/hr\/wp-json\/wp\/v2\/product_brand?post=744365"},{"taxonomy":"product_cat","embeddable":true,"href":"https:\/\/stoic-curie.212-227-153-4.plesk.page\/hr\/wp-json\/wp\/v2\/product_cat?post=744365"},{"taxonomy":"product_tag","embeddable":true,"href":"https:\/\/stoic-curie.212-227-153-4.plesk.page\/hr\/wp-json\/wp\/v2\/product_tag?post=744365"}],"curies":[{"name":"wp","href":"https:\/\/api.w.org\/{rel}","templated":true}]}}