{"id":744366,"date":"2025-03-03T19:12:21","date_gmt":"2025-03-03T18:12:21","guid":{"rendered":"https:\/\/stoic-curie.212-227-153-4.plesk.page\/producto\/hladnjak-dometic-coolmatic-cd20-bijela\/"},"modified":"2026-02-25T00:01:14","modified_gmt":"2026-02-25T00:01:14","slug":"hladnjak-dometic-coolmatic-cd20-bijela","status":"publish","type":"product","link":"https:\/\/stoic-curie.212-227-153-4.plesk.page\/hr\/product\/hladnjak-dometic-coolmatic-cd20-bijela\/","title":{"rendered":"Hladnjak Dometic Coolmatic CD20 bijela"},"content":{"rendered":"<p>Hladnjak Dometic Coolmatic CD20 bijela &#8211; <\/p>\n<p style=\"color: rgb(34, 34, 34); font-family: Arial, Helvetica, sans-serif; font-size: small;\">Predstavljamo WAECO CoolMatic CD 20, hladnjak u obliku ladice kreiran za optimalnu u\u010dinkovitost i jednostavnost kori\u0161tenja. Ova kompaktna aplikacija opremljena je vanjskim sustavom hla\u0111enja od 12\/24V koji se mo\u017ee postaviti do 1,5 metara daleko, nude\u0107i svestrane mogu\u0107nosti instalacije. S podesivim temperaturama, lako mo\u017eete odabrati savr\u0161enu razinu hla\u0111enja koja odgovara va\u0161im potrebama.<\/p>\n<p style=\"color: rgb(34, 34, 34); font-family: Arial, Helvetica, sans-serif; font-size: small;\">CD 20 je idealan za ograni\u010dene prostore, koriste\u0107i robusni kompresor za pove\u0107anje kapaciteta skladi\u0161tenja. Njegove ladice montirane na kugli\u010dnim le\u017eajevima omogu\u0107uju glatku, jednostranu operaciju, osiguravaju\u0107i lak pristup va\u0161im stvarima. Imate mogu\u0107nost instalacije rashladne jedinice s obje strane ladice ili \u010dak odvojeno, pru\u017eaju\u0107i dodatnu fleksibilnost u va\u0161oj postavci.<\/p>\n<p style=\"color: rgb(34, 34, 34); font-family: Arial, Helvetica, sans-serif; font-size: small;\">Ova ugra\u0111ena rashladna ladica tako\u0111er je pogodna za vanjske skladi\u0161ne prostore, \u010dine\u0107i je fantasti\u010dnom opcijom za upotrebu na flybridge.<\/p>\n<p style=\"color: rgb(34, 34, 34); font-family: Arial, Helvetica, sans-serif; font-size: small;\"><strong>Specifikacije:<\/strong><\/p>\n<ul style=\"color: rgb(34, 34, 34); font-family: Arial, Helvetica, sans-serif; font-size: small;\">\n<li><strong>Kapacitet:<\/strong>&nbsp;20 litara<\/li>\n<li><strong>Izvor napajanja:<\/strong>&nbsp;12V \/ 24V<\/li>\n<li><strong>230V veza:<\/strong>&nbsp;Dostupna putem opcionalnog ispravlja\u010da<\/li>\n<li><strong>Temperaturni raspon:<\/strong>&nbsp;+15\u00b0C do 0\u00b0C<\/li>\n<li><strong>Prosje\u010dna potro\u0161nja energije:<\/strong>&nbsp;40W<\/li>\n<li><strong>Potro\u0161nja struje:<\/strong>&nbsp;0.67 A\/h na +5\u00b0C unutarnjoj temperaturi s +20\u00b0C vanjskom temperaturom<\/li>\n<li><strong>Podesivi termostat:<\/strong>&nbsp;Da<\/li>\n<li><strong>Dimenzije:<\/strong>\n<ul>\n<li>Dubina: 564 mm (s ure\u0111ajem) \/ 421 mm (bez ure\u0111aja) \/ 440 mm (unutarnja)<\/li>\n<li>Prednja strana: 440 x 250 mm<\/li>\n<\/ul>\n<\/li>\n<li><strong>Te\u017eina:<\/strong>&nbsp;16.1 kg<\/li>\n<\/ul>\n<p style=\"color: rgb(34, 34, 34); font-family: Arial, Helvetica, sans-serif; font-size: small;\"><strong>Klju\u010dne zna\u010dajke:<\/strong><\/p>\n<ul style=\"color: rgb(34, 34, 34); font-family: Arial, Helvetica, sans-serif; font-size: small;\">\n<li>Kompaktan dizajn savr\u0161en za male prostore<\/li>\n<li>U\u010dinkovita regulacija temperature s kontinuirano podesivim termostatom<\/li>\n<li>Jednostavan pristup s ladicama za povla\u010denje sa kliznim le\u017eajevima<\/li>\n<li>Jednostavan mehanizam otklju\u010davanja i otvaranja<\/li>\n<li>Stilizirana i izdr\u017eljiva vrata od nehr\u0111aju\u0107eg \u010delika<\/li>\n<\/ul>\n<p style=\"color: rgb(34, 34, 34); font-family: Arial, Helvetica, sans-serif; font-size: small;\"><strong>Dimenzije:<\/strong><\/p>\n<ul style=\"color: rgb(34, 34, 34); font-family: Arial, Helvetica, sans-serif; font-size: small;\">\n<li>Dubina: 564 mm<\/li>\n<li>Visina: 250 mm<\/li>\n<li>\u0160irina: 440 mm<\/li>\n<li>Neto te\u017eina: 16.80 kg<\/li>\n<li>Ukupni volumen: 20 litara (IEC 62552-3)<\/li>\n<\/ul>\n<p style=\"color: rgb(34, 34, 34); font-family: Arial, Helvetica, sans-serif; font-size: small;\">Otkrijte idealnu kombinaciju funkcionalnosti i elegancije s WAECO CoolMatic CD 20.<\/p>\n","protected":false},"excerpt":{"rendered":"<p>Hladnjak Dometic Coolmatic CD20 bijela &#8211; Predstavljamo WAECO CoolMatic CD 20, hladnjak u obliku ladice kreiran za optimalnu u\u010dinkovitost i<\/p>\n","protected":false},"featured_media":5946417,"comment_status":"open","ping_status":"closed","template":"","meta":[],"product_brand":[2896],"product_cat":[1751],"product_tag":[],"class_list":{"0":"post-744366","1":"product","2":"type-product","3":"status-publish","4":"has-post-thumbnail","6":"product_brand-dometic-hr","7":"product_cat-hladnjaci-i-zamrzivaci","9":"first","10":"outofstock","11":"shipping-taxable","12":"purchasable","13":"product-type-simple"},"_links":{"self":[{"href":"https:\/\/stoic-curie.212-227-153-4.plesk.page\/hr\/wp-json\/wp\/v2\/product\/744366","targetHints":{"allow":["GET"]}}],"collection":[{"href":"https:\/\/stoic-curie.212-227-153-4.plesk.page\/hr\/wp-json\/wp\/v2\/product"}],"about":[{"href":"https:\/\/stoic-curie.212-227-153-4.plesk.page\/hr\/wp-json\/wp\/v2\/types\/product"}],"replies":[{"embeddable":true,"href":"https:\/\/stoic-curie.212-227-153-4.plesk.page\/hr\/wp-json\/wp\/v2\/comments?post=744366"}],"version-history":[{"count":0,"href":"https:\/\/stoic-curie.212-227-153-4.plesk.page\/hr\/wp-json\/wp\/v2\/product\/744366\/revisions"}],"wp:featuredmedia":[{"embeddable":true,"href":"https:\/\/stoic-curie.212-227-153-4.plesk.page\/hr\/wp-json\/wp\/v2\/media\/5946417"}],"wp:attachment":[{"href":"https:\/\/stoic-curie.212-227-153-4.plesk.page\/hr\/wp-json\/wp\/v2\/media?parent=744366"}],"wp:term":[{"taxonomy":"product_brand","embeddable":true,"href":"https:\/\/stoic-curie.212-227-153-4.plesk.page\/hr\/wp-json\/wp\/v2\/product_brand?post=744366"},{"taxonomy":"product_cat","embeddable":true,"href":"https:\/\/stoic-curie.212-227-153-4.plesk.page\/hr\/wp-json\/wp\/v2\/product_cat?post=744366"},{"taxonomy":"product_tag","embeddable":true,"href":"https:\/\/stoic-curie.212-227-153-4.plesk.page\/hr\/wp-json\/wp\/v2\/product_tag?post=744366"}],"curies":[{"name":"wp","href":"https:\/\/api.w.org\/{rel}","templated":true}]}}