{"id":744367,"date":"2025-03-03T19:12:21","date_gmt":"2025-03-03T18:12:21","guid":{"rendered":"https:\/\/stoic-curie.212-227-153-4.plesk.page\/producto\/hladnjak-dometic-coolmatic-cd30-inox\/"},"modified":"2026-02-25T00:01:14","modified_gmt":"2026-02-25T00:01:14","slug":"hladnjak-dometic-coolmatic-cd30-inox","status":"publish","type":"product","link":"https:\/\/stoic-curie.212-227-153-4.plesk.page\/hr\/product\/hladnjak-dometic-coolmatic-cd30-inox\/","title":{"rendered":"Hladnjak Dometic Coolmatic CD30S"},"content":{"rendered":"<p>Hladnjak Dometic Coolmatic CD30S &#8211; <\/p>\n<p style=\"color: rgb(34, 34, 34); font-family: Arial, Helvetica, sans-serif; font-size: small;\"><strong>Kompresorska ladica &#8211; hladnjak, 30 L, Prednja strana od nehr\u0111aju\u0107eg \u010delika<\/strong><\/p>\n<p style=\"color: rgb(34, 34, 34); font-family: Arial, Helvetica, sans-serif; font-size: small;\">Dometic CoolMatic CD30S je hladnjak ladica dizajniran za udobnost i u\u010dinkovitost. Ima vanjsku jedinicu za hla\u0111enje od 12\/24V koja se mo\u017ee postaviti do 1,5 metara udaljenosti, zajedno s podesivom kontrolom temperature. Njegov kompaktni dizajn savr\u0161en je za maksimiziranje malih prostora.<\/p>\n<p style=\"color: rgb(34, 34, 34); font-family: Arial, Helvetica, sans-serif; font-size: small;\">Ovaj hladnjak nudi fleksibilnost s podesivim temperaturama i odvojivom hla\u0111enjem, \u0161to vam omogu\u0107uje da ga prilagodite svojim potrebama. Pametan dizajn omogu\u0107uje vam da pozicionirate hla\u0111enje s obje strane hladnjaka, osiguravaju\u0107i da se savr\u0161eno uklapa u va\u0161 prostor.<\/p>\n<p style=\"color: rgb(34, 34, 34); font-family: Arial, Helvetica, sans-serif; font-size: small;\"><strong>Klju\u010dne zna\u010dajke:<\/strong><\/p>\n<ul style=\"color: rgb(34, 34, 34); font-family: Arial, Helvetica, sans-serif; font-size: small;\">\n<li>U\u0161teda prostora, ravno i kompaktno dizajnirano, idealno za uska podru\u010dja<\/li>\n<li>Jednostavno otklju\u010davanje i otvaranje jednim pokretom<\/li>\n<li>Za\u0161tita od niskog napona za za\u0161titu va\u0161e starter baterije<\/li>\n<li>Kontinuirano pode\u0161avanje temperature s promjenjivim termostatom<\/li>\n<\/ul>\n<p style=\"color: rgb(34, 34, 34); font-family: Arial, Helvetica, sans-serif; font-size: small;\"><strong>Hladnjak koji odgovara svakom prostoru<\/strong><br \/>Dometic CoolMatic CD30S pravi je izbor za ograni\u010dene prostore. Uz mogu\u0107nost solarne energije i odvojivu jedinicu za hla\u0111enje, ovaj mali hladnjak je pun funkcija. Uklju\u010deni kabel od 1,5 metara pru\u017ea fleksibilnost u postavljanju, \u010dine\u0107i ga odli\u010dnim izborom za putnike. Bez obzira gdje se nalazite u svijetu, CD30S \u0107e raditi pouzdano.<\/p>\n<p style=\"color: rgb(34, 34, 34); font-family: Arial, Helvetica, sans-serif; font-size: small;\"><strong>Postavite svoju temperaturu<\/strong><br \/>Podesite temperaturu prema vlastitoj \u017eelji, koriste\u0107i energiju u\u010dinkovito.<\/p>\n<p style=\"color: rgb(34, 34, 34); font-family: Arial, Helvetica, sans-serif; font-size: small;\"><strong>Specifikacije:<\/strong><\/p>\n<ul style=\"color: rgb(34, 34, 34); font-family: Arial, Helvetica, sans-serif; font-size: small;\">\n<li>Model: CD30S (Prednja strana od nehr\u0111aju\u0107eg \u010delika)<\/li>\n<li>Kapacitet: 30 L<\/li>\n<li>Vrsta rashladnog sredstva: R134a<\/li>\n<li>Temperaturni raspon: \u20132 \u00b0C do +12 \u00b0C<\/li>\n<li>Ulazni napon (DC): 12\/24 V<\/li>\n<li>Nominirana ulazna struja (DC): 3.0A\/1.5A<\/li>\n<li>Nominirana ulazna snaga (DC): 40 W<\/li>\n<li>Dimenzije (\u0160 x V x D): 440 x 250 x 730 mm<\/li>\n<li>Te\u017eina: 18 kg<\/li>\n<\/ul>\n","protected":false},"excerpt":{"rendered":"<p>Hladnjak Dometic Coolmatic CD30S &#8211; Kompresorska ladica &#8211; hladnjak, 30 L, Prednja strana od nehr\u0111aju\u0107eg \u010delika Dometic CoolMatic CD30S je<\/p>\n","protected":false},"featured_media":5946418,"comment_status":"open","ping_status":"closed","template":"","meta":[],"product_brand":[2896],"product_cat":[1751],"product_tag":[],"class_list":{"0":"post-744367","1":"product","2":"type-product","3":"status-publish","4":"has-post-thumbnail","6":"product_brand-dometic-hr","7":"product_cat-hladnjaci-i-zamrzivaci","9":"first","10":"instock","11":"shipping-taxable","12":"purchasable","13":"product-type-simple"},"_links":{"self":[{"href":"https:\/\/stoic-curie.212-227-153-4.plesk.page\/hr\/wp-json\/wp\/v2\/product\/744367","targetHints":{"allow":["GET"]}}],"collection":[{"href":"https:\/\/stoic-curie.212-227-153-4.plesk.page\/hr\/wp-json\/wp\/v2\/product"}],"about":[{"href":"https:\/\/stoic-curie.212-227-153-4.plesk.page\/hr\/wp-json\/wp\/v2\/types\/product"}],"replies":[{"embeddable":true,"href":"https:\/\/stoic-curie.212-227-153-4.plesk.page\/hr\/wp-json\/wp\/v2\/comments?post=744367"}],"version-history":[{"count":0,"href":"https:\/\/stoic-curie.212-227-153-4.plesk.page\/hr\/wp-json\/wp\/v2\/product\/744367\/revisions"}],"wp:featuredmedia":[{"embeddable":true,"href":"https:\/\/stoic-curie.212-227-153-4.plesk.page\/hr\/wp-json\/wp\/v2\/media\/5946418"}],"wp:attachment":[{"href":"https:\/\/stoic-curie.212-227-153-4.plesk.page\/hr\/wp-json\/wp\/v2\/media?parent=744367"}],"wp:term":[{"taxonomy":"product_brand","embeddable":true,"href":"https:\/\/stoic-curie.212-227-153-4.plesk.page\/hr\/wp-json\/wp\/v2\/product_brand?post=744367"},{"taxonomy":"product_cat","embeddable":true,"href":"https:\/\/stoic-curie.212-227-153-4.plesk.page\/hr\/wp-json\/wp\/v2\/product_cat?post=744367"},{"taxonomy":"product_tag","embeddable":true,"href":"https:\/\/stoic-curie.212-227-153-4.plesk.page\/hr\/wp-json\/wp\/v2\/product_tag?post=744367"}],"curies":[{"name":"wp","href":"https:\/\/api.w.org\/{rel}","templated":true}]}}