{"id":744368,"date":"2025-03-03T19:12:22","date_gmt":"2025-03-03T18:12:22","guid":{"rendered":"https:\/\/stoic-curie.212-227-153-4.plesk.page\/producto\/hladnjak-dometic-coolmatic-cd30-bijela\/"},"modified":"2026-02-25T00:01:14","modified_gmt":"2026-02-25T00:01:14","slug":"hladnjak-dometic-coolmatic-cd30-bijela","status":"publish","type":"product","link":"https:\/\/stoic-curie.212-227-153-4.plesk.page\/hr\/product\/hladnjak-dometic-coolmatic-cd30-bijela\/","title":{"rendered":"Hladnjak Dometic Coolmatic CD30 bijela"},"content":{"rendered":"<p>Hladnjak Dometic Coolmatic CD30 bijela &#8211; <\/p>\n<p style=\"color: rgb(34, 34, 34); font-family: Arial, Helvetica, sans-serif; font-size: small;\">Ovaj hladnjak je opremljen podesivim postavkama temperature i uklonjivom jedinicom za hla\u0111enje, pru\u017eaju\u0107i fleksibilnost za ispunjavanje va\u0161ih specifi\u010dnih zahtjeva. Njegov kompaktni dizajn je idealan za optimizaciju ograni\u010denih prostora. Jedinica za hla\u0111enje mo\u017ee se pri\u010dvrstiti s obje strane hladnjaka (lijevo ili desno) ili se mo\u017ee postaviti do 1,5 metra udaljenosti.<\/p>\n<p style=\"color: rgb(34, 34, 34); font-family: Arial, Helvetica, sans-serif; font-size: small;\">Ravna i kompaktna struktura savr\u0161ena je za sku\u010den prostor, omogu\u0107uju\u0107i u\u010dinkovito iskori\u0161tavanje prostora. Mo\u017eete ga lako otklju\u010dati i otvoriti jednim pokretom. Nadalje, sadr\u017ei za\u0161titu od niskog napona kako bi za\u0161titio va\u0161u starter bateriju.<\/p>\n<p style=\"color: rgb(34, 34, 34); font-family: Arial, Helvetica, sans-serif; font-size: small;\">Ovaj hladnjak na ladici radi na 12V i 24V i uklju\u010duje daljinsku jedinicu za hla\u0111enje koja omogu\u0107ava pode\u0161avanje temperature. Njegov kompaktni dizajn osigurava da i mali skladi\u0161ni prostori mogu iskoristiti sna\u017eno kompresorsko hla\u0111enje. WAECO CoolMatic CD 30 ugra\u0111ena ladica za hla\u0111enje dizajnirana je za jednostavno kori\u0161tenje jednom rukom, zahvaljuju\u0107i svom sustavu montiranim na kugli\u010dnim le\u017eajevima. U posebno sku\u010denim prostorima, jedinicu za hla\u0111enje mogu\u0107e je montirati sa strane ladice ili odvojeno, do 1,5 metra udaljenosti.<\/p>\n<p style=\"color: rgb(34, 34, 34); font-family: Arial, Helvetica, sans-serif; font-size: small;\">Ugra\u0111ena CD 30 ladica za hla\u0111enje tako\u0111er je pogodna za vanjske skladi\u0161ne prostore i mo\u017ee funkcionirati kao rezerva rashladne teku\u0107ine na flybridge-u.<\/p>\n<p style=\"color: rgb(34, 34, 34); font-family: Arial, Helvetica, sans-serif; font-size: small;\"><strong>Specifikacije:<\/strong><\/p>\n<ul style=\"color: rgb(34, 34, 34); font-family: Arial, Helvetica, sans-serif; font-size: small;\">\n<li>Kapacitet: 30 litara<\/li>\n<li>Napajanje: 12 V \/ 24 V<\/li>\n<li>230-voltnu vezu mogu\u0107e je ostvariti putem dodatnog ispravlja\u010da<\/li>\n<li>Raspon temperature: +12\u00b0C do -2\u00b0C<\/li>\n<li>Prosje\u010dna potro\u0161nja: 40 W<\/li>\n<li>Potro\u0161nja struje: 0,67 A\/h za unutarnju temperaturu +5\u00b0C pri vanjskoj temperaturi +20\u00b0C<\/li>\n<li>Podesivi termostat<\/li>\n<li>Dimenzije:\n<ul>\n<li>Dubina: 730 mm (s jedinicom) \/ 560 mm (bez jedinice) \/ 490 mm (unutarnja)<\/li>\n<li>Prednje dimenzije: 440 x 250 mm (izvana) \/ 370 x 245 mm (ladica) \/ 200 mm (unutarnja)<\/li>\n<\/ul>\n<\/li>\n<li>Te\u017eina: 18 kg<\/li>\n<\/ul>\n<p style=\"color: rgb(34, 34, 34); font-family: Arial, Helvetica, sans-serif; font-size: small;\"><strong>Dodatne dimenzije:<\/strong><\/p>\n<ul style=\"color: rgb(34, 34, 34); font-family: Arial, Helvetica, sans-serif; font-size: small;\">\n<li>Dubina: 730 mm<\/li>\n<li>Visina: 250 mm<\/li>\n<li>\u0160irina: 440 mm<\/li>\n<li>Neto te\u017eina: 19,3 kg<\/li>\n<\/ul>\n<p style=\"color: rgb(34, 34, 34); font-family: Arial, Helvetica, sans-serif; font-size: small;\">Ovaj hladnjak je izvrstan izbor za ljubitelje brodova koji tra\u017ee pouzdano i u\u010dinkovito rje\u0161enje za hla\u0111enje.<\/p>\n","protected":false},"excerpt":{"rendered":"<p>Hladnjak Dometic Coolmatic CD30 bijela &#8211; Ovaj hladnjak je opremljen podesivim postavkama temperature i uklonjivom jedinicom za hla\u0111enje, pru\u017eaju\u0107i fleksibilnost<\/p>\n","protected":false},"featured_media":5946422,"comment_status":"open","ping_status":"closed","template":"","meta":[],"product_brand":[2896],"product_cat":[1751],"product_tag":[],"class_list":{"0":"post-744368","1":"product","2":"type-product","3":"status-publish","4":"has-post-thumbnail","6":"product_brand-dometic-hr","7":"product_cat-hladnjaci-i-zamrzivaci","9":"first","10":"instock","11":"shipping-taxable","12":"purchasable","13":"product-type-simple"},"_links":{"self":[{"href":"https:\/\/stoic-curie.212-227-153-4.plesk.page\/hr\/wp-json\/wp\/v2\/product\/744368","targetHints":{"allow":["GET"]}}],"collection":[{"href":"https:\/\/stoic-curie.212-227-153-4.plesk.page\/hr\/wp-json\/wp\/v2\/product"}],"about":[{"href":"https:\/\/stoic-curie.212-227-153-4.plesk.page\/hr\/wp-json\/wp\/v2\/types\/product"}],"replies":[{"embeddable":true,"href":"https:\/\/stoic-curie.212-227-153-4.plesk.page\/hr\/wp-json\/wp\/v2\/comments?post=744368"}],"version-history":[{"count":0,"href":"https:\/\/stoic-curie.212-227-153-4.plesk.page\/hr\/wp-json\/wp\/v2\/product\/744368\/revisions"}],"wp:featuredmedia":[{"embeddable":true,"href":"https:\/\/stoic-curie.212-227-153-4.plesk.page\/hr\/wp-json\/wp\/v2\/media\/5946422"}],"wp:attachment":[{"href":"https:\/\/stoic-curie.212-227-153-4.plesk.page\/hr\/wp-json\/wp\/v2\/media?parent=744368"}],"wp:term":[{"taxonomy":"product_brand","embeddable":true,"href":"https:\/\/stoic-curie.212-227-153-4.plesk.page\/hr\/wp-json\/wp\/v2\/product_brand?post=744368"},{"taxonomy":"product_cat","embeddable":true,"href":"https:\/\/stoic-curie.212-227-153-4.plesk.page\/hr\/wp-json\/wp\/v2\/product_cat?post=744368"},{"taxonomy":"product_tag","embeddable":true,"href":"https:\/\/stoic-curie.212-227-153-4.plesk.page\/hr\/wp-json\/wp\/v2\/product_tag?post=744368"}],"curies":[{"name":"wp","href":"https:\/\/api.w.org\/{rel}","templated":true}]}}