{"id":744369,"date":"2025-03-03T19:12:22","date_gmt":"2025-03-03T18:12:22","guid":{"rendered":"https:\/\/stoic-curie.212-227-153-4.plesk.page\/producto\/kompresor-dometic-cu54-vodoravno-do-130lt\/"},"modified":"2026-02-25T00:01:14","modified_gmt":"2026-02-25T00:01:14","slug":"kompresor-dometic-cu54-vodoravno-do-130lt","status":"publish","type":"product","link":"https:\/\/stoic-curie.212-227-153-4.plesk.page\/hr\/product\/kompresor-dometic-cu54-vodoravno-do-130lt\/","title":{"rendered":"Kompresor Dometic CU54"},"content":{"rendered":"<p>Kompresor Dometic CU54 &#8211; <\/p>\n<p style=\"color: rgb(34, 34, 34); font-family: Arial, Helvetica, sans-serif; font-size: small;\"><strong>Dometic CU54 horizontalni kompresor &#8211; Kapacitet do 130 litara<\/strong><\/p>\n<p style=\"color: rgb(34, 34, 34); font-family: Arial, Helvetica, sans-serif; font-size: small;\">Dometic CU54 je osnovni kompresor posebno dizajniran za manje rashladne aplikacije, posebno u\u010dinkovit u hladnijim vodama poput Sjevernog i Balti\u010dkog mora. Pru\u017ea pouzdanu rashladnu kapacitet koja zadovoljava va\u0161e jedinstvene potrebe.<\/p>\n<p style=\"color: rgb(34, 34, 34); font-family: Arial, Helvetica, sans-serif; font-size: small;\">Ovaj kompresor radi s minimalnom bukom i uklju\u010duje zna\u010dajke kao \u0161to su regulacija snage, unaprijed napunjeni rashladni plin i samopazivne ventilne spojnice, \u0161to olak\u0161ava instalaciju. Njegova monta\u017ena plo\u010da, izra\u0111ena od \u010delika otpornog na koroziju, osigurava izdr\u017eljivost i dug radni vijek.<\/p>\n<p style=\"color: rgb(34, 34, 34); font-family: Arial, Helvetica, sans-serif; font-size: small;\"><strong>Kompatibilan s rashladnim sustavima uklju\u010duju\u0107i:<\/strong><\/p>\n<ul style=\"color: rgb(34, 34, 34); font-family: Arial, Helvetica, sans-serif; font-size: small;\">\n<li>1 x 12\/24V dvostruki naponski rashladni ure\u0111aj<\/li>\n<li>1 x Ispariva\u010d opremljen Dometic tip spojnicama<\/li>\n<\/ul>\n<p style=\"color: rgb(34, 34, 34); font-family: Arial, Helvetica, sans-serif; font-size: small;\"><strong>Tehni\u010dke specifikacije:<\/strong><\/p>\n<ul style=\"color: rgb(34, 34, 34); font-family: Arial, Helvetica, sans-serif; font-size: small;\">\n<li>Napon: 12\/24 volt DC<\/li>\n<li>Potro\u0161nja energije: Otprilike 35 ili 40 wata, ovisno o vrsti ispariva\u010da koji se koristi<\/li>\n<li>Dimenzije (\u0160xVxD): 386 x 165 x 130 mm<\/li>\n<li>Te\u017eina: Otprilike 6.0 kg<\/li>\n<li>Maksimalna rashladna kapacitet: 130 litara za standardno hla\u0111enje s direktnim ispariva\u010dima; 100 litara za primjene skladi\u0161tenja hladno\u0107e<\/li>\n<\/ul>\n<p style=\"color: rgb(34, 34, 34); font-family: Arial, Helvetica, sans-serif; font-size: small;\"><strong>COLD MACHINE SERIJA 50<\/strong>&nbsp;Ova serija je prilago\u0111ena za male rashladne volumene (do otprilike 130 litara) i posebno je pogodna za upotrebu u hladnijim vodenim okru\u017eenjima.<\/p>\n<p style=\"color: rgb(34, 34, 34); font-family: Arial, Helvetica, sans-serif; font-size: small;\"><strong>Zna\u010dajke:<\/strong><\/p>\n<ul style=\"color: rgb(34, 34, 34); font-family: Arial, Helvetica, sans-serif; font-size: small;\">\n<li>Potpuno hermeti\u010dan kompresor s integriranom kontrolnom elektronikom i za\u0161titom od niskog napona<\/li>\n<li>Funkcija isklju\u010divanja pri niskom naponu<\/li>\n<li>Elektroni\u010dka za\u0161tita od obrnutih polova<\/li>\n<li>Dinam\u010dki ventilirani kondenzator u obliku cijevi<\/li>\n<li>Samopazne ventile spojnice<\/li>\n<li>Dva zra\u010dna rashladna ure\u0111aja s razli\u010ditim oblicima tijela<\/li>\n<li>Tri tipa ispariva\u010da, svaki dizajniran da odgovara performansama kompresora<\/li>\n<li>Monta\u017ena plo\u010da otporna na koroziju od nehr\u0111aju\u0107eg \u010delika<\/li>\n<li>Pouzdano djelovanje \u010dak i u nagnutim polo\u017eajima<\/li>\n<\/ul>\n<p style=\"color: rgb(34, 34, 34); font-family: Arial, Helvetica, sans-serif; font-size: small;\"><strong>Brend:<\/strong>&nbsp;Dometic<br \/><strong>Model:<\/strong>&nbsp;CU-54<br \/><strong>Napon:<\/strong>&nbsp;12V DC \/ 24V DC<br \/><strong>Snaga:<\/strong>&nbsp;40W<br \/><strong>Odobrenja:<\/strong>&nbsp;CE<br \/><strong>Visina:<\/strong>&nbsp;165 mm<br \/><strong>\u0160irina:<\/strong>&nbsp;386 mm<br \/><strong>Dubina:<\/strong>&nbsp;130 mm<\/p>\n","protected":false},"excerpt":{"rendered":"<p>Kompresor Dometic CU54 &#8211; Dometic CU54 horizontalni kompresor &#8211; Kapacitet do 130 litara Dometic CU54 je osnovni kompresor posebno dizajniran<\/p>\n","protected":false},"featured_media":5946423,"comment_status":"open","ping_status":"closed","template":"","meta":[],"product_brand":[2896],"product_cat":[1751],"product_tag":[],"class_list":{"0":"post-744369","1":"product","2":"type-product","3":"status-publish","4":"has-post-thumbnail","6":"product_brand-dometic-hr","7":"product_cat-hladnjaci-i-zamrzivaci","9":"first","10":"instock","11":"shipping-taxable","12":"purchasable","13":"product-type-simple"},"_links":{"self":[{"href":"https:\/\/stoic-curie.212-227-153-4.plesk.page\/hr\/wp-json\/wp\/v2\/product\/744369","targetHints":{"allow":["GET"]}}],"collection":[{"href":"https:\/\/stoic-curie.212-227-153-4.plesk.page\/hr\/wp-json\/wp\/v2\/product"}],"about":[{"href":"https:\/\/stoic-curie.212-227-153-4.plesk.page\/hr\/wp-json\/wp\/v2\/types\/product"}],"replies":[{"embeddable":true,"href":"https:\/\/stoic-curie.212-227-153-4.plesk.page\/hr\/wp-json\/wp\/v2\/comments?post=744369"}],"version-history":[{"count":0,"href":"https:\/\/stoic-curie.212-227-153-4.plesk.page\/hr\/wp-json\/wp\/v2\/product\/744369\/revisions"}],"wp:featuredmedia":[{"embeddable":true,"href":"https:\/\/stoic-curie.212-227-153-4.plesk.page\/hr\/wp-json\/wp\/v2\/media\/5946423"}],"wp:attachment":[{"href":"https:\/\/stoic-curie.212-227-153-4.plesk.page\/hr\/wp-json\/wp\/v2\/media?parent=744369"}],"wp:term":[{"taxonomy":"product_brand","embeddable":true,"href":"https:\/\/stoic-curie.212-227-153-4.plesk.page\/hr\/wp-json\/wp\/v2\/product_brand?post=744369"},{"taxonomy":"product_cat","embeddable":true,"href":"https:\/\/stoic-curie.212-227-153-4.plesk.page\/hr\/wp-json\/wp\/v2\/product_cat?post=744369"},{"taxonomy":"product_tag","embeddable":true,"href":"https:\/\/stoic-curie.212-227-153-4.plesk.page\/hr\/wp-json\/wp\/v2\/product_tag?post=744369"}],"curies":[{"name":"wp","href":"https:\/\/api.w.org\/{rel}","templated":true}]}}