{"id":744372,"date":"2025-03-03T19:12:23","date_gmt":"2025-03-03T18:12:23","guid":{"rendered":"https:\/\/stoic-curie.212-227-153-4.plesk.page\/producto\/kompresor-dometic-cu85-okomito-do-250lt\/"},"modified":"2026-02-25T00:01:14","modified_gmt":"2026-02-25T00:01:14","slug":"kompresor-dometic-cu85-okomito-do-250lt","status":"publish","type":"product","link":"https:\/\/stoic-curie.212-227-153-4.plesk.page\/hr\/product\/kompresor-dometic-cu85-okomito-do-250lt\/","title":{"rendered":"Kompresor Dometic CU85 za do 250 litara"},"content":{"rendered":"<p>Kompresor Dometic CU85 za do 250 litara &#8211; <\/p>\n<p style=\"color: rgb(34, 34, 34); font-family: Arial, Helvetica, sans-serif; font-size: small;\">Dometic ColdMachine CU 85 Vertical<\/p>\n<p style=\"color: rgb(34, 34, 34); font-family: Arial, Helvetica, sans-serif; font-size: small;\">Dometic ColdMachine CU 85 Vertical je tiha jedinica za hla\u0111enje dizajnirana za u\u010dinkovitost. Odlikuje se regulacijom snage, unaprijed napunjenim rashladnim sredstvom i samosealnim ventilski spojevima za jednostavnu instalaciju. Monta\u017ena plo\u010da od nehr\u0111aju\u0107eg \u010delika otporna na koroziju osigurava dugotrajnost.<\/p>\n<p style=\"color: rgb(34, 34, 34); font-family: Arial, Helvetica, sans-serif; font-size: small;\">Ova jedinica za hla\u0111enje pogodna je za rashladne sustave koji uklju\u010duju:<\/p>\n<ul style=\"color: rgb(34, 34, 34); font-family: Arial, Helvetica, sans-serif; font-size: small;\">\n<li>1 x 12\/24 V dvostruka naponska jedinica za hla\u0111enje<\/li>\n<li>1 x Ispariva\u010d s Dometic spojevima<\/li>\n<\/ul>\n<p style=\"color: rgb(34, 34, 34); font-family: Arial, Helvetica, sans-serif; font-size: small;\">Idealna je za male do srednje potrebe hla\u0111enja, posebno u toplijim vodama poput Sredozemlja. Razli\u010diti tipovi ispariva\u010da dostupni su kako bi odgovarali izlazu kompresora. Sustav uklju\u010duje punu termalnu Danfoss BD35F kompresor s kontrolnom elektronikom, integriranom za\u0161titom od prenapona, prekida\u010dem za isklju\u010divanje pri prenapona, za\u0161titom od obrnutog polariteta i bezsaktotivog DC ventilatora.<\/p>\n<p style=\"color: rgb(34, 34, 34); font-family: Arial, Helvetica, sans-serif; font-size: small;\"><strong>Tehni\u010dke specifikacije:<\/strong><\/p>\n<ul style=\"color: rgb(34, 34, 34); font-family: Arial, Helvetica, sans-serif; font-size: small;\">\n<li>Napon: 12 V \/ 24 V<\/li>\n<li>Kapacitet hla\u0111enja:\n<ul>\n<li>Maksimalno 250 litara za normalno hla\u0111enje s direktnim ispariva\u010dima<\/li>\n<li>Maksimalno 70 litara za duboko smrzavanje<\/li>\n<\/ul>\n<\/li>\n<li>Potro\u0161nja elektri\u010dne energije: 45 &#8211; 60 vata, ovisno o tipu ispariva\u010da<\/li>\n<\/ul>\n<p style=\"color: rgb(34, 34, 34); font-family: Arial, Helvetica, sans-serif; font-size: small;\">Jedinica dolazi u raznim oblicima i veli\u010dinama, s dostupnih sedam tipova ispariva\u010da i jednim hladnim akumulatorom.<\/p>\n<p style=\"color: rgb(34, 34, 34); font-family: Arial, Helvetica, sans-serif; font-size: small;\"><strong>Dodatne zna\u010dajke:<\/strong><\/p>\n<ul style=\"color: rgb(34, 34, 34); font-family: Arial, Helvetica, sans-serif; font-size: small;\">\n<li>Kompatibilnost sa solarnom energijom: Funkcionira gdje god ima sun\u010deve svjetlosti<\/li>\n<li>Monta\u017ena plo\u010da od nehr\u0111aju\u0107eg \u010delika otporna na koroziju<\/li>\n<li>Rad na 12 ili 24 V DC<\/li>\n<li>230 V priklju\u010dak dostupan s povoljnim adapterom za mre\u017eu<\/li>\n<li>Kapacitet hla\u0111enja do 250 litara ili kapacitet smrzavanja od 70 litara<\/li>\n<\/ul>\n<p style=\"color: rgb(34, 34, 34); font-family: Arial, Helvetica, sans-serif; font-size: small;\"><strong>Dimenzije:<\/strong><\/p>\n<ul style=\"color: rgb(34, 34, 34); font-family: Arial, Helvetica, sans-serif; font-size: small;\">\n<li>Dubina: 220 mm<\/li>\n<li>Visina: 160 mm<\/li>\n<li>\u0160irina: 220 mm<\/li>\n<\/ul>\n","protected":false},"excerpt":{"rendered":"<p>Kompresor Dometic CU85 za do 250 litara &#8211; Dometic ColdMachine CU 85 Vertical Dometic ColdMachine CU 85 Vertical je tiha<\/p>\n","protected":false},"featured_media":5946427,"comment_status":"open","ping_status":"closed","template":"","meta":[],"product_brand":[2896],"product_cat":[1751],"product_tag":[],"class_list":{"0":"post-744372","1":"product","2":"type-product","3":"status-publish","4":"has-post-thumbnail","6":"product_brand-dometic-hr","7":"product_cat-hladnjaci-i-zamrzivaci","9":"first","10":"instock","11":"shipping-taxable","12":"purchasable","13":"product-type-simple"},"_links":{"self":[{"href":"https:\/\/stoic-curie.212-227-153-4.plesk.page\/hr\/wp-json\/wp\/v2\/product\/744372","targetHints":{"allow":["GET"]}}],"collection":[{"href":"https:\/\/stoic-curie.212-227-153-4.plesk.page\/hr\/wp-json\/wp\/v2\/product"}],"about":[{"href":"https:\/\/stoic-curie.212-227-153-4.plesk.page\/hr\/wp-json\/wp\/v2\/types\/product"}],"replies":[{"embeddable":true,"href":"https:\/\/stoic-curie.212-227-153-4.plesk.page\/hr\/wp-json\/wp\/v2\/comments?post=744372"}],"version-history":[{"count":0,"href":"https:\/\/stoic-curie.212-227-153-4.plesk.page\/hr\/wp-json\/wp\/v2\/product\/744372\/revisions"}],"wp:featuredmedia":[{"embeddable":true,"href":"https:\/\/stoic-curie.212-227-153-4.plesk.page\/hr\/wp-json\/wp\/v2\/media\/5946427"}],"wp:attachment":[{"href":"https:\/\/stoic-curie.212-227-153-4.plesk.page\/hr\/wp-json\/wp\/v2\/media?parent=744372"}],"wp:term":[{"taxonomy":"product_brand","embeddable":true,"href":"https:\/\/stoic-curie.212-227-153-4.plesk.page\/hr\/wp-json\/wp\/v2\/product_brand?post=744372"},{"taxonomy":"product_cat","embeddable":true,"href":"https:\/\/stoic-curie.212-227-153-4.plesk.page\/hr\/wp-json\/wp\/v2\/product_cat?post=744372"},{"taxonomy":"product_tag","embeddable":true,"href":"https:\/\/stoic-curie.212-227-153-4.plesk.page\/hr\/wp-json\/wp\/v2\/product_tag?post=744372"}],"curies":[{"name":"wp","href":"https:\/\/api.w.org\/{rel}","templated":true}]}}