{"id":744390,"date":"2025-03-03T19:14:16","date_gmt":"2025-03-03T18:14:16","guid":{"rendered":"https:\/\/stoic-curie.212-227-153-4.plesk.page\/producto\/led-svjetlo-sportlight-quick-todd-72mm-bijeli-3000k-crveni\/"},"modified":"2026-02-25T00:01:14","modified_gmt":"2026-02-25T00:01:14","slug":"led-svjetlo-sportlight-quick-todd-72mm-bijeli-3000k-crveni","status":"publish","type":"product","link":"https:\/\/stoic-curie.212-227-153-4.plesk.page\/hr\/product\/led-svjetlo-sportlight-quick-todd-72mm-bijeli-3000k-crveni\/","title":{"rendered":"LED svjetlo Sportlight Quick Todd 72mm (bijeli 3000k \/ crveni)"},"content":{"rendered":"<p>LED svjetlo Sportlight Quick Todd 72mm (bijeli 3000k \/ crveni) &#8211; <\/p>\n<p>Dupla 2W IP65 LED reflektor, izbor bijele ili crvene boje za unutarnje i vanjske prostore s ravnim rubom od 316 nehr\u0111aju\u0107eg \u010delika. Ugradnja s oprugama. Univerzalni napon 9-32V s regulabilnim LED svjetlima za\u0161ti\u0107enim od skokova i obrnutih polariteta.<\/p>\n","protected":false},"excerpt":{"rendered":"<p>LED svjetlo Sportlight Quick Todd 72mm (bijeli 3000k \/ crveni) &#8211; Dupla 2W IP65 LED reflektor, izbor bijele ili crvene<\/p>\n","protected":false},"featured_media":5946441,"comment_status":"open","ping_status":"closed","template":"","meta":[],"product_brand":[3281],"product_cat":[1739],"product_tag":[],"class_list":{"0":"post-744390","1":"product","2":"type-product","3":"status-publish","4":"has-post-thumbnail","6":"product_brand-quick-hr","7":"product_cat-rasvjeta","9":"first","10":"instock","11":"shipping-taxable","12":"purchasable","13":"product-type-simple"},"_links":{"self":[{"href":"https:\/\/stoic-curie.212-227-153-4.plesk.page\/hr\/wp-json\/wp\/v2\/product\/744390","targetHints":{"allow":["GET"]}}],"collection":[{"href":"https:\/\/stoic-curie.212-227-153-4.plesk.page\/hr\/wp-json\/wp\/v2\/product"}],"about":[{"href":"https:\/\/stoic-curie.212-227-153-4.plesk.page\/hr\/wp-json\/wp\/v2\/types\/product"}],"replies":[{"embeddable":true,"href":"https:\/\/stoic-curie.212-227-153-4.plesk.page\/hr\/wp-json\/wp\/v2\/comments?post=744390"}],"version-history":[{"count":0,"href":"https:\/\/stoic-curie.212-227-153-4.plesk.page\/hr\/wp-json\/wp\/v2\/product\/744390\/revisions"}],"wp:featuredmedia":[{"embeddable":true,"href":"https:\/\/stoic-curie.212-227-153-4.plesk.page\/hr\/wp-json\/wp\/v2\/media\/5946441"}],"wp:attachment":[{"href":"https:\/\/stoic-curie.212-227-153-4.plesk.page\/hr\/wp-json\/wp\/v2\/media?parent=744390"}],"wp:term":[{"taxonomy":"product_brand","embeddable":true,"href":"https:\/\/stoic-curie.212-227-153-4.plesk.page\/hr\/wp-json\/wp\/v2\/product_brand?post=744390"},{"taxonomy":"product_cat","embeddable":true,"href":"https:\/\/stoic-curie.212-227-153-4.plesk.page\/hr\/wp-json\/wp\/v2\/product_cat?post=744390"},{"taxonomy":"product_tag","embeddable":true,"href":"https:\/\/stoic-curie.212-227-153-4.plesk.page\/hr\/wp-json\/wp\/v2\/product_tag?post=744390"}],"curies":[{"name":"wp","href":"https:\/\/api.w.org\/{rel}","templated":true}]}}