{"id":744395,"date":"2025-03-03T19:14:18","date_gmt":"2025-03-03T18:14:18","guid":{"rendered":"https:\/\/stoic-curie.212-227-153-4.plesk.page\/producto\/led-usmjereno-svjetlo-quick-kai-82-x-h15-mm-toplo-3000-k\/"},"modified":"2026-02-25T00:01:14","modified_gmt":"2026-02-25T00:01:14","slug":"led-usmjereno-svjetlo-quick-kai-82-x-h15-mm-toplo-3000-k","status":"publish","type":"product","link":"https:\/\/stoic-curie.212-227-153-4.plesk.page\/hr\/product\/led-usmjereno-svjetlo-quick-kai-82-x-h15-mm-toplo-3000-k\/","title":{"rendered":"LED usmjereno svjetlo Quick KAI 82 x H1,5 mm &#8211; toplo 3000 k"},"content":{"rendered":"<p>LED usmjereno svjetlo Quick KAI 82 x H1,5 mm &#8211; toplo 3000 k &#8211; <\/p>\n<p>4W LED reflektor IP65 za unutarnju i vanjsku upotrebu s okvirom od 316 nehr\u0111aju\u0107eg \u010delika. Ugradnja s oprugama i okvirom ravnog profila od 1,5 mm ili s vijcima i okvirom normalnog profila od 4 mm. Univerzalni napon 9-32V s prigu\u0161ivim LED diodama za\u0161ti\u0107enim od naponskih skokova i obrnute polarizacije.<\/p>\n","protected":false},"excerpt":{"rendered":"<p>LED usmjereno svjetlo Quick KAI 82 x H1,5 mm &#8211; toplo 3000 k &#8211; 4W LED reflektor IP65 za unutarnju<\/p>\n","protected":false},"featured_media":5942188,"comment_status":"open","ping_status":"closed","template":"","meta":[],"product_brand":[3281],"product_cat":[1739],"product_tag":[],"class_list":{"0":"post-744395","1":"product","2":"type-product","3":"status-publish","4":"has-post-thumbnail","6":"product_brand-quick-hr","7":"product_cat-rasvjeta","9":"first","10":"instock","11":"shipping-taxable","12":"purchasable","13":"product-type-simple"},"_links":{"self":[{"href":"https:\/\/stoic-curie.212-227-153-4.plesk.page\/hr\/wp-json\/wp\/v2\/product\/744395","targetHints":{"allow":["GET"]}}],"collection":[{"href":"https:\/\/stoic-curie.212-227-153-4.plesk.page\/hr\/wp-json\/wp\/v2\/product"}],"about":[{"href":"https:\/\/stoic-curie.212-227-153-4.plesk.page\/hr\/wp-json\/wp\/v2\/types\/product"}],"replies":[{"embeddable":true,"href":"https:\/\/stoic-curie.212-227-153-4.plesk.page\/hr\/wp-json\/wp\/v2\/comments?post=744395"}],"version-history":[{"count":0,"href":"https:\/\/stoic-curie.212-227-153-4.plesk.page\/hr\/wp-json\/wp\/v2\/product\/744395\/revisions"}],"wp:featuredmedia":[{"embeddable":true,"href":"https:\/\/stoic-curie.212-227-153-4.plesk.page\/hr\/wp-json\/wp\/v2\/media\/5942188"}],"wp:attachment":[{"href":"https:\/\/stoic-curie.212-227-153-4.plesk.page\/hr\/wp-json\/wp\/v2\/media?parent=744395"}],"wp:term":[{"taxonomy":"product_brand","embeddable":true,"href":"https:\/\/stoic-curie.212-227-153-4.plesk.page\/hr\/wp-json\/wp\/v2\/product_brand?post=744395"},{"taxonomy":"product_cat","embeddable":true,"href":"https:\/\/stoic-curie.212-227-153-4.plesk.page\/hr\/wp-json\/wp\/v2\/product_cat?post=744395"},{"taxonomy":"product_tag","embeddable":true,"href":"https:\/\/stoic-curie.212-227-153-4.plesk.page\/hr\/wp-json\/wp\/v2\/product_tag?post=744395"}],"curies":[{"name":"wp","href":"https:\/\/api.w.org\/{rel}","templated":true}]}}