{"id":744396,"date":"2025-03-03T19:14:18","date_gmt":"2025-03-03T18:14:18","guid":{"rendered":"https:\/\/stoic-curie.212-227-153-4.plesk.page\/producto\/led-usmjereno-svjetlo-quick-marina-79-x-79-x-h15mm-dnevno-svjetlo-4000-k\/"},"modified":"2026-02-25T00:01:14","modified_gmt":"2026-02-25T00:01:14","slug":"led-usmjereno-svjetlo-quick-marina-79-x-79-x-h15mm-dnevno-svjetlo-4000-k","status":"publish","type":"product","link":"https:\/\/stoic-curie.212-227-153-4.plesk.page\/hr\/product\/led-usmjereno-svjetlo-quick-marina-79-x-79-x-h15mm-dnevno-svjetlo-4000-k\/","title":{"rendered":"LED usmjereno svjetlo Quick Marina 79 x 79 x H1,5mm &#8211; dnevno svjetlo 4000 k"},"content":{"rendered":"<p>LED usmjereno svjetlo Quick Marina 79 x 79 x H1,5mm &#8211; dnevno svjetlo 4000 k &#8211; <\/p>\n<p>4W IP65 LED reflektor za unutarnju i vanjsku upotrebu s okvirom od 316 nehr\u0111aju\u0107eg \u010delika. Ugradnja s oprugama i 1,5 mm ravnim profilom okvira ili s vijkom i 4 mm normalnim profilom okvira. Univerzalni napon 9-32V s pode\u0161ivom LED lampom za\u0161ti\u0107enom od prenapona i obrnute polaritete.<\/p>\n","protected":false},"excerpt":{"rendered":"<p>LED usmjereno svjetlo Quick Marina 79 x 79 x H1,5mm &#8211; dnevno svjetlo 4000 k &#8211; 4W IP65 LED reflektor<\/p>\n","protected":false},"featured_media":5937510,"comment_status":"open","ping_status":"closed","template":"","meta":[],"product_brand":[3281],"product_cat":[1739],"product_tag":[],"class_list":{"0":"post-744396","1":"product","2":"type-product","3":"status-publish","4":"has-post-thumbnail","6":"product_brand-quick-hr","7":"product_cat-rasvjeta","9":"first","10":"instock","11":"shipping-taxable","12":"purchasable","13":"product-type-simple"},"_links":{"self":[{"href":"https:\/\/stoic-curie.212-227-153-4.plesk.page\/hr\/wp-json\/wp\/v2\/product\/744396","targetHints":{"allow":["GET"]}}],"collection":[{"href":"https:\/\/stoic-curie.212-227-153-4.plesk.page\/hr\/wp-json\/wp\/v2\/product"}],"about":[{"href":"https:\/\/stoic-curie.212-227-153-4.plesk.page\/hr\/wp-json\/wp\/v2\/types\/product"}],"replies":[{"embeddable":true,"href":"https:\/\/stoic-curie.212-227-153-4.plesk.page\/hr\/wp-json\/wp\/v2\/comments?post=744396"}],"version-history":[{"count":0,"href":"https:\/\/stoic-curie.212-227-153-4.plesk.page\/hr\/wp-json\/wp\/v2\/product\/744396\/revisions"}],"wp:featuredmedia":[{"embeddable":true,"href":"https:\/\/stoic-curie.212-227-153-4.plesk.page\/hr\/wp-json\/wp\/v2\/media\/5937510"}],"wp:attachment":[{"href":"https:\/\/stoic-curie.212-227-153-4.plesk.page\/hr\/wp-json\/wp\/v2\/media?parent=744396"}],"wp:term":[{"taxonomy":"product_brand","embeddable":true,"href":"https:\/\/stoic-curie.212-227-153-4.plesk.page\/hr\/wp-json\/wp\/v2\/product_brand?post=744396"},{"taxonomy":"product_cat","embeddable":true,"href":"https:\/\/stoic-curie.212-227-153-4.plesk.page\/hr\/wp-json\/wp\/v2\/product_cat?post=744396"},{"taxonomy":"product_tag","embeddable":true,"href":"https:\/\/stoic-curie.212-227-153-4.plesk.page\/hr\/wp-json\/wp\/v2\/product_tag?post=744396"}],"curies":[{"name":"wp","href":"https:\/\/api.w.org\/{rel}","templated":true}]}}