{"id":744397,"date":"2025-03-03T19:14:18","date_gmt":"2025-03-03T18:14:18","guid":{"rendered":"https:\/\/stoic-curie.212-227-153-4.plesk.page\/producto\/led-usmjereno-svjetlo-quick-marina-79-x-79-x-v15mm-toplo-3000-k\/"},"modified":"2026-02-25T00:01:14","modified_gmt":"2026-02-25T00:01:14","slug":"led-usmjereno-svjetlo-quick-marina-79-x-79-x-v15mm-toplo-3000-k","status":"publish","type":"product","link":"https:\/\/stoic-curie.212-227-153-4.plesk.page\/hr\/product\/led-usmjereno-svjetlo-quick-marina-79-x-79-x-v15mm-toplo-3000-k\/","title":{"rendered":"LED usmjereno svjetlo Quick Marina 79 x 79 x V1,5mm &#8211; toplo 3000 k"},"content":{"rendered":"<p>LED usmjereno svjetlo Quick Marina 79 x 79 x V1,5mm &#8211; toplo 3000 k &#8211; <\/p>\n<p>4W IP65 LED reflektor za unutarnje i vanjske prostore s okvirom od 316 nehr\u0111aju\u0107eg \u010delika. Ugradni model s oprugama i ravnim profilom od 1,5 mm ili s vijkovima i normalnim profilom od 4 mm. Univerzalni napon 9-32V s LED-icama koje se mogu prigu\u0161iti i koje su za\u0161ti\u0107ene od prenapona i obrnute polariteta.<\/p>\n","protected":false},"excerpt":{"rendered":"<p>LED usmjereno svjetlo Quick Marina 79 x 79 x V1,5mm &#8211; toplo 3000 k &#8211; 4W IP65 LED reflektor za<\/p>\n","protected":false},"featured_media":5937510,"comment_status":"open","ping_status":"closed","template":"","meta":[],"product_brand":[3281],"product_cat":[1739],"product_tag":[],"class_list":{"0":"post-744397","1":"product","2":"type-product","3":"status-publish","4":"has-post-thumbnail","6":"product_brand-quick-hr","7":"product_cat-rasvjeta","9":"first","10":"instock","11":"shipping-taxable","12":"purchasable","13":"product-type-simple"},"_links":{"self":[{"href":"https:\/\/stoic-curie.212-227-153-4.plesk.page\/hr\/wp-json\/wp\/v2\/product\/744397","targetHints":{"allow":["GET"]}}],"collection":[{"href":"https:\/\/stoic-curie.212-227-153-4.plesk.page\/hr\/wp-json\/wp\/v2\/product"}],"about":[{"href":"https:\/\/stoic-curie.212-227-153-4.plesk.page\/hr\/wp-json\/wp\/v2\/types\/product"}],"replies":[{"embeddable":true,"href":"https:\/\/stoic-curie.212-227-153-4.plesk.page\/hr\/wp-json\/wp\/v2\/comments?post=744397"}],"version-history":[{"count":0,"href":"https:\/\/stoic-curie.212-227-153-4.plesk.page\/hr\/wp-json\/wp\/v2\/product\/744397\/revisions"}],"wp:featuredmedia":[{"embeddable":true,"href":"https:\/\/stoic-curie.212-227-153-4.plesk.page\/hr\/wp-json\/wp\/v2\/media\/5937510"}],"wp:attachment":[{"href":"https:\/\/stoic-curie.212-227-153-4.plesk.page\/hr\/wp-json\/wp\/v2\/media?parent=744397"}],"wp:term":[{"taxonomy":"product_brand","embeddable":true,"href":"https:\/\/stoic-curie.212-227-153-4.plesk.page\/hr\/wp-json\/wp\/v2\/product_brand?post=744397"},{"taxonomy":"product_cat","embeddable":true,"href":"https:\/\/stoic-curie.212-227-153-4.plesk.page\/hr\/wp-json\/wp\/v2\/product_cat?post=744397"},{"taxonomy":"product_tag","embeddable":true,"href":"https:\/\/stoic-curie.212-227-153-4.plesk.page\/hr\/wp-json\/wp\/v2\/product_tag?post=744397"}],"curies":[{"name":"wp","href":"https:\/\/api.w.org\/{rel}","templated":true}]}}