{"id":744401,"date":"2025-03-03T19:14:20","date_gmt":"2025-03-03T18:14:20","guid":{"rendered":"https:\/\/stoic-curie.212-227-153-4.plesk.page\/producto\/kompresijski-zasuni-roca-76mm-pod-kutom-bez-brave\/"},"modified":"2026-02-25T00:01:14","modified_gmt":"2026-02-25T00:01:14","slug":"kompresijski-zasuni-roca-76mm-pod-kutom-bez-brave","status":"publish","type":"product","link":"https:\/\/stoic-curie.212-227-153-4.plesk.page\/hr\/product\/kompresijski-zasuni-roca-76mm-pod-kutom-bez-brave\/","title":{"rendered":"Kompresijski zasuni Roca 76mm pod kutom (bez brave)"},"content":{"rendered":"<p>Kompresijski zasuni Roca 76mm pod kutom (bez brave) &#8211; <\/p>\n<p>Zrcalno polirani 316 nehr\u0111aju\u0107i \u010delik vodootporni kompresijski zaklju\u010davanje s podesivom cam barom. Koristi se za otvaranje i zatvaranje pregrada i poklopaca. Kutne cam \u0161ipke mogu se montirati u normalnom polo\u017eaju ili okrenute (Rev) kako bi pokrile sve potrebne debljine (A). Debljina vrata 222 mm (T).<\/p>\n","protected":false},"excerpt":{"rendered":"<p>Kompresijski zasuni Roca 76mm pod kutom (bez brave) &#8211; Zrcalno polirani 316 nehr\u0111aju\u0107i \u010delik vodootporni kompresijski zaklju\u010davanje s podesivom cam<\/p>\n","protected":false},"featured_media":5946447,"comment_status":"open","ping_status":"closed","template":"","meta":[],"product_brand":[3316],"product_cat":[1708,1687],"product_tag":[],"class_list":{"0":"post-744401","1":"product","2":"type-product","3":"status-publish","4":"has-post-thumbnail","6":"product_brand-roca-marine-hr","7":"product_cat-brave-za-vrata","8":"product_cat-brodski-zasuni","10":"first","11":"instock","12":"shipping-taxable","13":"purchasable","14":"product-type-simple"},"_links":{"self":[{"href":"https:\/\/stoic-curie.212-227-153-4.plesk.page\/hr\/wp-json\/wp\/v2\/product\/744401","targetHints":{"allow":["GET"]}}],"collection":[{"href":"https:\/\/stoic-curie.212-227-153-4.plesk.page\/hr\/wp-json\/wp\/v2\/product"}],"about":[{"href":"https:\/\/stoic-curie.212-227-153-4.plesk.page\/hr\/wp-json\/wp\/v2\/types\/product"}],"replies":[{"embeddable":true,"href":"https:\/\/stoic-curie.212-227-153-4.plesk.page\/hr\/wp-json\/wp\/v2\/comments?post=744401"}],"version-history":[{"count":0,"href":"https:\/\/stoic-curie.212-227-153-4.plesk.page\/hr\/wp-json\/wp\/v2\/product\/744401\/revisions"}],"wp:featuredmedia":[{"embeddable":true,"href":"https:\/\/stoic-curie.212-227-153-4.plesk.page\/hr\/wp-json\/wp\/v2\/media\/5946447"}],"wp:attachment":[{"href":"https:\/\/stoic-curie.212-227-153-4.plesk.page\/hr\/wp-json\/wp\/v2\/media?parent=744401"}],"wp:term":[{"taxonomy":"product_brand","embeddable":true,"href":"https:\/\/stoic-curie.212-227-153-4.plesk.page\/hr\/wp-json\/wp\/v2\/product_brand?post=744401"},{"taxonomy":"product_cat","embeddable":true,"href":"https:\/\/stoic-curie.212-227-153-4.plesk.page\/hr\/wp-json\/wp\/v2\/product_cat?post=744401"},{"taxonomy":"product_tag","embeddable":true,"href":"https:\/\/stoic-curie.212-227-153-4.plesk.page\/hr\/wp-json\/wp\/v2\/product_tag?post=744401"}],"curies":[{"name":"wp","href":"https:\/\/api.w.org\/{rel}","templated":true}]}}