{"id":744404,"date":"2025-03-03T19:14:20","date_gmt":"2025-03-03T18:14:20","guid":{"rendered":"https:\/\/stoic-curie.212-227-153-4.plesk.page\/producto\/pannel-redtech-s-indikatorom-baterije-183-x-120-mm\/"},"modified":"2026-02-25T00:01:14","modified_gmt":"2026-02-25T00:01:14","slug":"pannel-redtech-s-indikatorom-baterije-183-x-120-mm","status":"publish","type":"product","link":"https:\/\/stoic-curie.212-227-153-4.plesk.page\/hr\/product\/pannel-redtech-s-indikatorom-baterije-183-x-120-mm\/","title":{"rendered":"Pannel REDTECH s indikatorom baterije 183 x 120 mm"},"content":{"rendered":"<p>Pannel REDTECH s indikatorom baterije 183 x 120 mm &#8211; <\/p>\n<p>Polimerni panel s crvenim vodootpornim LED osvijetljenim prekida\u010dima. Prvi prekida\u010d je (UKLJU\u010cENO)-ISKLJU\u010cENO za akusti\u010dni signal. S voltmetrom 6-30V, 12V uti\u010dnicom i dvostrukom USB uti\u010dnicom 1+2.1A, sve potpuno s osigura\u010dem. Priklju\u010den, potpuno s vijkovima i unaprijed ispisanim oznakama.<\/p>\n","protected":false},"excerpt":{"rendered":"<p>Pannel REDTECH s indikatorom baterije 183 x 120 mm &#8211; Polimerni panel s crvenim vodootpornim LED osvijetljenim prekida\u010dima. Prvi prekida\u010d<\/p>\n","protected":false},"featured_media":5946465,"comment_status":"open","ping_status":"closed","template":"","meta":[],"product_brand":[2831],"product_cat":[1729,1746],"product_tag":[],"class_list":{"0":"post-744404","1":"product","2":"type-product","3":"status-publish","4":"has-post-thumbnail","6":"product_brand-blue-sea-systems-hr","7":"product_cat-baterije","8":"product_cat-elektricne-ploce-prekidaca","10":"first","11":"instock","12":"shipping-taxable","13":"purchasable","14":"product-type-simple"},"_links":{"self":[{"href":"https:\/\/stoic-curie.212-227-153-4.plesk.page\/hr\/wp-json\/wp\/v2\/product\/744404","targetHints":{"allow":["GET"]}}],"collection":[{"href":"https:\/\/stoic-curie.212-227-153-4.plesk.page\/hr\/wp-json\/wp\/v2\/product"}],"about":[{"href":"https:\/\/stoic-curie.212-227-153-4.plesk.page\/hr\/wp-json\/wp\/v2\/types\/product"}],"replies":[{"embeddable":true,"href":"https:\/\/stoic-curie.212-227-153-4.plesk.page\/hr\/wp-json\/wp\/v2\/comments?post=744404"}],"version-history":[{"count":0,"href":"https:\/\/stoic-curie.212-227-153-4.plesk.page\/hr\/wp-json\/wp\/v2\/product\/744404\/revisions"}],"wp:featuredmedia":[{"embeddable":true,"href":"https:\/\/stoic-curie.212-227-153-4.plesk.page\/hr\/wp-json\/wp\/v2\/media\/5946465"}],"wp:attachment":[{"href":"https:\/\/stoic-curie.212-227-153-4.plesk.page\/hr\/wp-json\/wp\/v2\/media?parent=744404"}],"wp:term":[{"taxonomy":"product_brand","embeddable":true,"href":"https:\/\/stoic-curie.212-227-153-4.plesk.page\/hr\/wp-json\/wp\/v2\/product_brand?post=744404"},{"taxonomy":"product_cat","embeddable":true,"href":"https:\/\/stoic-curie.212-227-153-4.plesk.page\/hr\/wp-json\/wp\/v2\/product_cat?post=744404"},{"taxonomy":"product_tag","embeddable":true,"href":"https:\/\/stoic-curie.212-227-153-4.plesk.page\/hr\/wp-json\/wp\/v2\/product_tag?post=744404"}],"curies":[{"name":"wp","href":"https:\/\/api.w.org\/{rel}","templated":true}]}}