{"id":744405,"date":"2025-03-03T19:14:21","date_gmt":"2025-03-03T18:14:21","guid":{"rendered":"https:\/\/stoic-curie.212-227-153-4.plesk.page\/producto\/redtech-elektricna-ploca-s-4-prekidaca-130-x-120-mm\/"},"modified":"2026-02-25T00:01:14","modified_gmt":"2026-02-25T00:01:14","slug":"redtech-elektricna-ploca-s-4-prekidaca-130-x-120-mm","status":"publish","type":"product","link":"https:\/\/stoic-curie.212-227-153-4.plesk.page\/hr\/product\/redtech-elektricna-ploca-s-4-prekidaca-130-x-120-mm\/","title":{"rendered":"Redtech elektri\u010dna plo\u010da s 4 prekidaca 130 x 120 mm"},"content":{"rendered":"<p>Redtech elektri\u010dna plo\u010da s 4 prekidaca 130 x 120 mm &#8211; <\/p>\n<p>Vodootporna plo\u010da od polimera s crvenim LED osvijetljenim prekida\u010dima. Prvi prekida\u010d je (UKLJU\u010cENO)-ISKLJU\u010cENO za akusti\u010dni signal. S voltmetrom 6-30V, 12V uti\u010dnicom i dvostrukom USB 1+2.1A uti\u010dnicom, obje s osigura\u010dem. Pred\u017ei\u010deno, potpuno sa vijcima i unaprijed ispisanim etiketama.<\/p>\n","protected":false},"excerpt":{"rendered":"<p>Redtech elektri\u010dna plo\u010da s 4 prekidaca 130 x 120 mm &#8211; Vodootporna plo\u010da od polimera s crvenim LED osvijetljenim prekida\u010dima.<\/p>\n","protected":false},"featured_media":5946467,"comment_status":"open","ping_status":"closed","template":"","meta":[],"product_brand":[2831,2167],"product_cat":[1746],"product_tag":[],"class_list":{"0":"post-744405","1":"product","2":"type-product","3":"status-publish","4":"has-post-thumbnail","6":"product_brand-blue-sea-systems-hr","7":"product_brand-blue-sea-systems","8":"product_cat-elektricne-ploce-prekidaca","10":"first","11":"instock","12":"shipping-taxable","13":"purchasable","14":"product-type-simple"},"_links":{"self":[{"href":"https:\/\/stoic-curie.212-227-153-4.plesk.page\/hr\/wp-json\/wp\/v2\/product\/744405","targetHints":{"allow":["GET"]}}],"collection":[{"href":"https:\/\/stoic-curie.212-227-153-4.plesk.page\/hr\/wp-json\/wp\/v2\/product"}],"about":[{"href":"https:\/\/stoic-curie.212-227-153-4.plesk.page\/hr\/wp-json\/wp\/v2\/types\/product"}],"replies":[{"embeddable":true,"href":"https:\/\/stoic-curie.212-227-153-4.plesk.page\/hr\/wp-json\/wp\/v2\/comments?post=744405"}],"version-history":[{"count":0,"href":"https:\/\/stoic-curie.212-227-153-4.plesk.page\/hr\/wp-json\/wp\/v2\/product\/744405\/revisions"}],"wp:featuredmedia":[{"embeddable":true,"href":"https:\/\/stoic-curie.212-227-153-4.plesk.page\/hr\/wp-json\/wp\/v2\/media\/5946467"}],"wp:attachment":[{"href":"https:\/\/stoic-curie.212-227-153-4.plesk.page\/hr\/wp-json\/wp\/v2\/media?parent=744405"}],"wp:term":[{"taxonomy":"product_brand","embeddable":true,"href":"https:\/\/stoic-curie.212-227-153-4.plesk.page\/hr\/wp-json\/wp\/v2\/product_brand?post=744405"},{"taxonomy":"product_cat","embeddable":true,"href":"https:\/\/stoic-curie.212-227-153-4.plesk.page\/hr\/wp-json\/wp\/v2\/product_cat?post=744405"},{"taxonomy":"product_tag","embeddable":true,"href":"https:\/\/stoic-curie.212-227-153-4.plesk.page\/hr\/wp-json\/wp\/v2\/product_tag?post=744405"}],"curies":[{"name":"wp","href":"https:\/\/api.w.org\/{rel}","templated":true}]}}