{"id":744407,"date":"2025-03-03T19:14:21","date_gmt":"2025-03-03T18:14:21","guid":{"rendered":"https:\/\/stoic-curie.212-227-153-4.plesk.page\/producto\/polu-fleksibilna-solarna-ploca-150w-12-24v-1190-x-670mm\/"},"modified":"2026-02-25T00:01:14","modified_gmt":"2026-02-25T00:01:14","slug":"polu-fleksibilna-solarna-ploca-150w-12-24v-1190-x-670mm","status":"publish","type":"product","link":"https:\/\/stoic-curie.212-227-153-4.plesk.page\/hr\/product\/polu-fleksibilna-solarna-ploca-150w-12-24v-1190-x-670mm\/","title":{"rendered":"Polu-fleksibilna solarna plo\u010da 150w 12-24v 1190 x 670mm"},"content":{"rendered":"<p>Polu-fleksibilna solarna plo\u010da 150w 12-24v 1190 x 670mm &#8211; <\/p>\n<p>Lagana i otporna polu fleksibilna solarna plo\u010da s visoko u\u010dinkovitim monokristalnim silicijskim \u0107elijama. ETFE polimerni poklopac i TPT kompozitna baza s ukupnom debljinom od 2,5 mm za superiornu fleksibilnost i \u010dvrsto\u0107u. U kompletu s nehr\u0111aju\u0107im \u010deli\u010dnim okovima za fiksiranje, dva 90 cm kabela i MC4 konektorima. Dioda i spojna kutija uronjeni u IP68 silikonsku pastu. Potrebno je dovr\u0161iti s regulatorom punjenja na temelju broja potrebnih izlaza i zbroja amperi (Imp) svakog pojedina\u010dnog panela. Wp = Ocijenjena snaga (W) Imp = Maksimalni broj amperea (A) Voc = Napetost otvorenog kruga (V)<\/p>\n","protected":false},"excerpt":{"rendered":"<p>Polu-fleksibilna solarna plo\u010da 150w 12-24v 1190 x 670mm &#8211; Lagana i otporna polu fleksibilna solarna plo\u010da s visoko u\u010dinkovitim monokristalnim<\/p>\n","protected":false},"featured_media":5943387,"comment_status":"open","ping_status":"closed","template":"","meta":[],"product_brand":[2831],"product_cat":[1749],"product_tag":[],"class_list":{"0":"post-744407","1":"product","2":"type-product","3":"status-publish","4":"has-post-thumbnail","6":"product_brand-blue-sea-systems-hr","7":"product_cat-solarni-paneli","9":"first","10":"instock","11":"shipping-taxable","12":"purchasable","13":"product-type-simple"},"_links":{"self":[{"href":"https:\/\/stoic-curie.212-227-153-4.plesk.page\/hr\/wp-json\/wp\/v2\/product\/744407","targetHints":{"allow":["GET"]}}],"collection":[{"href":"https:\/\/stoic-curie.212-227-153-4.plesk.page\/hr\/wp-json\/wp\/v2\/product"}],"about":[{"href":"https:\/\/stoic-curie.212-227-153-4.plesk.page\/hr\/wp-json\/wp\/v2\/types\/product"}],"replies":[{"embeddable":true,"href":"https:\/\/stoic-curie.212-227-153-4.plesk.page\/hr\/wp-json\/wp\/v2\/comments?post=744407"}],"version-history":[{"count":0,"href":"https:\/\/stoic-curie.212-227-153-4.plesk.page\/hr\/wp-json\/wp\/v2\/product\/744407\/revisions"}],"wp:featuredmedia":[{"embeddable":true,"href":"https:\/\/stoic-curie.212-227-153-4.plesk.page\/hr\/wp-json\/wp\/v2\/media\/5943387"}],"wp:attachment":[{"href":"https:\/\/stoic-curie.212-227-153-4.plesk.page\/hr\/wp-json\/wp\/v2\/media?parent=744407"}],"wp:term":[{"taxonomy":"product_brand","embeddable":true,"href":"https:\/\/stoic-curie.212-227-153-4.plesk.page\/hr\/wp-json\/wp\/v2\/product_brand?post=744407"},{"taxonomy":"product_cat","embeddable":true,"href":"https:\/\/stoic-curie.212-227-153-4.plesk.page\/hr\/wp-json\/wp\/v2\/product_cat?post=744407"},{"taxonomy":"product_tag","embeddable":true,"href":"https:\/\/stoic-curie.212-227-153-4.plesk.page\/hr\/wp-json\/wp\/v2\/product_tag?post=744407"}],"curies":[{"name":"wp","href":"https:\/\/api.w.org\/{rel}","templated":true}]}}