{"id":744410,"date":"2025-03-03T19:14:22","date_gmt":"2025-03-03T18:14:22","guid":{"rendered":"https:\/\/stoic-curie.212-227-153-4.plesk.page\/producto\/sklopiva-solarna-ploca-100wt-12-24v-565-x-1210mm\/"},"modified":"2026-02-25T00:01:14","modified_gmt":"2026-02-25T00:01:14","slug":"sklopiva-solarna-ploca-100wt-12-24v-565-x-1210mm","status":"publish","type":"product","link":"https:\/\/stoic-curie.212-227-153-4.plesk.page\/hr\/product\/sklopiva-solarna-ploca-100wt-12-24v-565-x-1210mm\/","title":{"rendered":"Sklopiva solarna ploca 100wt 12-24v 565 x 1210mm"},"content":{"rendered":"<p>Sklopiva solarna ploca 100wt 12-24v 565 x 1210mm &#8211; <\/p>\n<p>Lagana i otporna polu fleksibilna solarna panela superiorne kvalitete i visoke efikasnosti monokristalnih silicijumskih \u0107elija za bolji u\u010dinak koji mo\u017ee dose\u0107i 22%. Sklopive i prenosive poput aktovke s ru\u010dkom, zahvaljuju\u0107i isporu\u010denom stativu mogu se postaviti i usmjeriti prema suncu, ili fiksirati s dvostrano ljepljivom trakom ili vijcima. Tako\u0111er se koriste za punjenje mobitela, prijenosnih ra\u010dunala ili drugih USB ure\u0111aja. Potpuno s USB-A, 5V2A kabelskim izlazom, punja\u010dem za mobitele i ra\u010dunala-B, 5V3A. S 2 x 90cm kabelima i MC4 konektorima. Treba ga dopuniti regulatorom punjenja koji se mora odabrati prema naponu (12 ili 24V) baterije koja se puni i zbroju struje (Imp) svakog pojedina\u010dnog panela. Ukupna debljina panela je 3 mm. Wp = Ocjena snage (W) Imp = Maksimalna struja (A) Voc = Napon otvorenog kruga (V)<\/p>\n","protected":false},"excerpt":{"rendered":"<p>Sklopiva solarna ploca 100wt 12-24v 565 x 1210mm &#8211; Lagana i otporna polu fleksibilna solarna panela superiorne kvalitete i visoke<\/p>\n","protected":false},"featured_media":5946472,"comment_status":"open","ping_status":"closed","template":"","meta":[],"product_brand":[2831],"product_cat":[1749],"product_tag":[],"class_list":{"0":"post-744410","1":"product","2":"type-product","3":"status-publish","4":"has-post-thumbnail","6":"product_brand-blue-sea-systems-hr","7":"product_cat-solarni-paneli","9":"first","10":"instock","11":"shipping-taxable","12":"purchasable","13":"product-type-simple"},"_links":{"self":[{"href":"https:\/\/stoic-curie.212-227-153-4.plesk.page\/hr\/wp-json\/wp\/v2\/product\/744410","targetHints":{"allow":["GET"]}}],"collection":[{"href":"https:\/\/stoic-curie.212-227-153-4.plesk.page\/hr\/wp-json\/wp\/v2\/product"}],"about":[{"href":"https:\/\/stoic-curie.212-227-153-4.plesk.page\/hr\/wp-json\/wp\/v2\/types\/product"}],"replies":[{"embeddable":true,"href":"https:\/\/stoic-curie.212-227-153-4.plesk.page\/hr\/wp-json\/wp\/v2\/comments?post=744410"}],"version-history":[{"count":0,"href":"https:\/\/stoic-curie.212-227-153-4.plesk.page\/hr\/wp-json\/wp\/v2\/product\/744410\/revisions"}],"wp:featuredmedia":[{"embeddable":true,"href":"https:\/\/stoic-curie.212-227-153-4.plesk.page\/hr\/wp-json\/wp\/v2\/media\/5946472"}],"wp:attachment":[{"href":"https:\/\/stoic-curie.212-227-153-4.plesk.page\/hr\/wp-json\/wp\/v2\/media?parent=744410"}],"wp:term":[{"taxonomy":"product_brand","embeddable":true,"href":"https:\/\/stoic-curie.212-227-153-4.plesk.page\/hr\/wp-json\/wp\/v2\/product_brand?post=744410"},{"taxonomy":"product_cat","embeddable":true,"href":"https:\/\/stoic-curie.212-227-153-4.plesk.page\/hr\/wp-json\/wp\/v2\/product_cat?post=744410"},{"taxonomy":"product_tag","embeddable":true,"href":"https:\/\/stoic-curie.212-227-153-4.plesk.page\/hr\/wp-json\/wp\/v2\/product_tag?post=744410"}],"curies":[{"name":"wp","href":"https:\/\/api.w.org\/{rel}","templated":true}]}}