{"id":744412,"date":"2025-03-03T19:14:22","date_gmt":"2025-03-03T18:14:22","guid":{"rendered":"https:\/\/stoic-curie.212-227-153-4.plesk.page\/producto\/melaminsko-posude-bluebay-16-kom\/"},"modified":"2026-02-25T00:01:14","modified_gmt":"2026-02-25T00:01:14","slug":"melaminsko-posude-bluebay-16-kom","status":"publish","type":"product","link":"https:\/\/stoic-curie.212-227-153-4.plesk.page\/hr\/product\/melaminsko-posude-bluebay-16-kom\/","title":{"rendered":"Melaminsko posu\u0111e Bluebay 16 kom"},"content":{"rendered":"<p>Melaminsko posu\u0111e Bluebay 16 kom &#8211; <\/p>\n<p>Bluebay set od 16 komada napravljen od laganog i nelomljivog melamina koji je siguran za hranu. Sastoji se od: 4 x \u00d8 25 cm tanjura za ve\u010deru 4 x \u00d8 22 cm tanjura za juhu 4 x \u00d8 20 cm tanjura za desert 4 x 35 cl \u0161alica.<\/p>\n","protected":false},"excerpt":{"rendered":"<p>Melaminsko posu\u0111e Bluebay 16 kom &#8211; Bluebay set od 16 komada napravljen od laganog i nelomljivog melamina koji je siguran<\/p>\n","protected":false},"featured_media":5946474,"comment_status":"open","ping_status":"closed","template":"","meta":[],"product_brand":[2166,3236],"product_cat":[1645],"product_tag":[],"class_list":{"0":"post-744412","1":"product","2":"type-product","3":"status-publish","4":"has-post-thumbnail","6":"product_brand-osculati","7":"product_brand-osculati-hr","8":"product_cat-brodsko-posude","10":"first","11":"instock","12":"shipping-taxable","13":"purchasable","14":"product-type-simple"},"_links":{"self":[{"href":"https:\/\/stoic-curie.212-227-153-4.plesk.page\/hr\/wp-json\/wp\/v2\/product\/744412","targetHints":{"allow":["GET"]}}],"collection":[{"href":"https:\/\/stoic-curie.212-227-153-4.plesk.page\/hr\/wp-json\/wp\/v2\/product"}],"about":[{"href":"https:\/\/stoic-curie.212-227-153-4.plesk.page\/hr\/wp-json\/wp\/v2\/types\/product"}],"replies":[{"embeddable":true,"href":"https:\/\/stoic-curie.212-227-153-4.plesk.page\/hr\/wp-json\/wp\/v2\/comments?post=744412"}],"version-history":[{"count":0,"href":"https:\/\/stoic-curie.212-227-153-4.plesk.page\/hr\/wp-json\/wp\/v2\/product\/744412\/revisions"}],"wp:featuredmedia":[{"embeddable":true,"href":"https:\/\/stoic-curie.212-227-153-4.plesk.page\/hr\/wp-json\/wp\/v2\/media\/5946474"}],"wp:attachment":[{"href":"https:\/\/stoic-curie.212-227-153-4.plesk.page\/hr\/wp-json\/wp\/v2\/media?parent=744412"}],"wp:term":[{"taxonomy":"product_brand","embeddable":true,"href":"https:\/\/stoic-curie.212-227-153-4.plesk.page\/hr\/wp-json\/wp\/v2\/product_brand?post=744412"},{"taxonomy":"product_cat","embeddable":true,"href":"https:\/\/stoic-curie.212-227-153-4.plesk.page\/hr\/wp-json\/wp\/v2\/product_cat?post=744412"},{"taxonomy":"product_tag","embeddable":true,"href":"https:\/\/stoic-curie.212-227-153-4.plesk.page\/hr\/wp-json\/wp\/v2\/product_tag?post=744412"}],"curies":[{"name":"wp","href":"https:\/\/api.w.org\/{rel}","templated":true}]}}