{"id":744413,"date":"2025-03-03T19:14:23","date_gmt":"2025-03-03T18:14:23","guid":{"rendered":"https:\/\/stoic-curie.212-227-153-4.plesk.page\/producto\/samoljepljiva-vinilna-traka-3m-scotch-471-50-mm-x-33-m-plava\/"},"modified":"2026-02-25T00:01:14","modified_gmt":"2026-02-25T00:01:14","slug":"samoljepljiva-vinilna-traka-3m-scotch-471-50-mm-x-33-m-plava","status":"publish","type":"product","link":"https:\/\/stoic-curie.212-227-153-4.plesk.page\/hr\/product\/samoljepljiva-vinilna-traka-3m-scotch-471-50-mm-x-33-m-plava\/","title":{"rendered":"Samoljepljiva vinilna traka 3M Scotch 471 50 mm x 33 m plava"},"content":{"rendered":"<p>Samoljepljiva vinilna traka 3M Scotch 471 50 mm x 33 m plava &#8211; <\/p>\n<p>3M Scotch 471 PVC vinilna ljepljiva traka idealna je za ozna\u010davanje, kao \u0161to su vodene linije ili sigurnost. Namijenjena je omotavanju, brtvljenju i za\u0161titi od habanja. Debljina: 0,130 mm. Pogodna za ravne, zakrivljene ili konveksne povr\u0161ine.<\/p>\n","protected":false},"excerpt":{"rendered":"<p>Samoljepljiva vinilna traka 3M Scotch 471 50 mm x 33 m plava &#8211; 3M Scotch 471 PVC vinilna ljepljiva traka<\/p>\n","protected":false},"featured_media":5946479,"comment_status":"open","ping_status":"closed","template":"","meta":[],"product_brand":[2771],"product_cat":[1638],"product_tag":[],"class_list":{"0":"post-744413","1":"product","2":"type-product","3":"status-publish","4":"has-post-thumbnail","6":"product_brand-3m-marine-hr","7":"product_cat-ljepljiva-traka-za-vodnu-liniju","9":"first","10":"instock","11":"shipping-taxable","12":"purchasable","13":"product-type-simple"},"_links":{"self":[{"href":"https:\/\/stoic-curie.212-227-153-4.plesk.page\/hr\/wp-json\/wp\/v2\/product\/744413","targetHints":{"allow":["GET"]}}],"collection":[{"href":"https:\/\/stoic-curie.212-227-153-4.plesk.page\/hr\/wp-json\/wp\/v2\/product"}],"about":[{"href":"https:\/\/stoic-curie.212-227-153-4.plesk.page\/hr\/wp-json\/wp\/v2\/types\/product"}],"replies":[{"embeddable":true,"href":"https:\/\/stoic-curie.212-227-153-4.plesk.page\/hr\/wp-json\/wp\/v2\/comments?post=744413"}],"version-history":[{"count":0,"href":"https:\/\/stoic-curie.212-227-153-4.plesk.page\/hr\/wp-json\/wp\/v2\/product\/744413\/revisions"}],"wp:featuredmedia":[{"embeddable":true,"href":"https:\/\/stoic-curie.212-227-153-4.plesk.page\/hr\/wp-json\/wp\/v2\/media\/5946479"}],"wp:attachment":[{"href":"https:\/\/stoic-curie.212-227-153-4.plesk.page\/hr\/wp-json\/wp\/v2\/media?parent=744413"}],"wp:term":[{"taxonomy":"product_brand","embeddable":true,"href":"https:\/\/stoic-curie.212-227-153-4.plesk.page\/hr\/wp-json\/wp\/v2\/product_brand?post=744413"},{"taxonomy":"product_cat","embeddable":true,"href":"https:\/\/stoic-curie.212-227-153-4.plesk.page\/hr\/wp-json\/wp\/v2\/product_cat?post=744413"},{"taxonomy":"product_tag","embeddable":true,"href":"https:\/\/stoic-curie.212-227-153-4.plesk.page\/hr\/wp-json\/wp\/v2\/product_tag?post=744413"}],"curies":[{"name":"wp","href":"https:\/\/api.w.org\/{rel}","templated":true}]}}