{"id":744416,"date":"2025-03-03T19:14:24","date_gmt":"2025-03-03T18:14:24","guid":{"rendered":"https:\/\/stoic-curie.212-227-153-4.plesk.page\/producto\/jakna-musto-br1-crvena-velicina-m\/"},"modified":"2026-02-25T00:01:14","modified_gmt":"2026-02-25T00:01:14","slug":"jakna-musto-br1-crvena-velicina-m","status":"publish","type":"product","link":"https:\/\/stoic-curie.212-227-153-4.plesk.page\/hr\/product\/jakna-musto-br1-crvena-velicina-m\/","title":{"rendered":"Jakna Musto BR1 Crvena, Velicina : M"},"content":{"rendered":"<p>Jakna Musto BR1 Crvena, Velicina : M &#8211; <\/p>\n<p>Musto BR1 Channel Offshore jakna koja se odlikuje vrhunskom 3-slojnom vodonepropusnom i vjetrootpornom za\u0161titom. S potpuno zape\u010da\u0107enim \u0161avovima, podesivim man\u017eetama, mre\u017eastom podstavom koja se brzo su\u0161i, za\u0161titnom preklopom za oluju, visokim za\u0161titnim iz Fleece ovratnikom, vanjskim d\u017eepom s patentnim zatvara\u010dem, podesivim vezicom na rubu, D-prstenom za kill cord, visoko vidljivom podesivom tehni\u010dkom kapom i reflektiraju\u0107im elementima.<\/p>\n","protected":false},"excerpt":{"rendered":"<p>Jakna Musto BR1 Crvena, Velicina : M &#8211; Musto BR1 Channel Offshore jakna koja se odlikuje vrhunskom 3-slojnom vodonepropusnom i<\/p>\n","protected":false},"featured_media":5946481,"comment_status":"open","ping_status":"closed","template":"","meta":[],"product_brand":[3156],"product_cat":[1854],"product_tag":[],"class_list":{"0":"post-744416","1":"product","2":"type-product","3":"status-publish","4":"has-post-thumbnail","6":"product_brand-musto-hr","7":"product_cat-jedrilicarska-odjeca-musto","9":"first","10":"instock","11":"shipping-taxable","12":"purchasable","13":"product-type-simple"},"_links":{"self":[{"href":"https:\/\/stoic-curie.212-227-153-4.plesk.page\/hr\/wp-json\/wp\/v2\/product\/744416","targetHints":{"allow":["GET"]}}],"collection":[{"href":"https:\/\/stoic-curie.212-227-153-4.plesk.page\/hr\/wp-json\/wp\/v2\/product"}],"about":[{"href":"https:\/\/stoic-curie.212-227-153-4.plesk.page\/hr\/wp-json\/wp\/v2\/types\/product"}],"replies":[{"embeddable":true,"href":"https:\/\/stoic-curie.212-227-153-4.plesk.page\/hr\/wp-json\/wp\/v2\/comments?post=744416"}],"version-history":[{"count":0,"href":"https:\/\/stoic-curie.212-227-153-4.plesk.page\/hr\/wp-json\/wp\/v2\/product\/744416\/revisions"}],"wp:featuredmedia":[{"embeddable":true,"href":"https:\/\/stoic-curie.212-227-153-4.plesk.page\/hr\/wp-json\/wp\/v2\/media\/5946481"}],"wp:attachment":[{"href":"https:\/\/stoic-curie.212-227-153-4.plesk.page\/hr\/wp-json\/wp\/v2\/media?parent=744416"}],"wp:term":[{"taxonomy":"product_brand","embeddable":true,"href":"https:\/\/stoic-curie.212-227-153-4.plesk.page\/hr\/wp-json\/wp\/v2\/product_brand?post=744416"},{"taxonomy":"product_cat","embeddable":true,"href":"https:\/\/stoic-curie.212-227-153-4.plesk.page\/hr\/wp-json\/wp\/v2\/product_cat?post=744416"},{"taxonomy":"product_tag","embeddable":true,"href":"https:\/\/stoic-curie.212-227-153-4.plesk.page\/hr\/wp-json\/wp\/v2\/product_tag?post=744416"}],"curies":[{"name":"wp","href":"https:\/\/api.w.org\/{rel}","templated":true}]}}