{"id":744420,"date":"2025-03-03T19:16:09","date_gmt":"2025-03-03T18:16:09","guid":{"rendered":"https:\/\/stoic-curie.212-227-153-4.plesk.page\/producto\/jakna-musto-br1-crna-velicina-s\/"},"modified":"2026-02-25T00:01:14","modified_gmt":"2026-02-25T00:01:14","slug":"jakna-musto-br1-crna-velicina-s","status":"publish","type":"product","link":"https:\/\/stoic-curie.212-227-153-4.plesk.page\/hr\/product\/jakna-musto-br1-crna-velicina-s\/","title":{"rendered":"Jakna Musto BR1 Crna, Velicina : S"},"content":{"rendered":"<p>Jakna Musto BR1 Crna, Velicina : S &#8211; <\/p>\n<p>Musto BR1 Channel Offshore jakna pru\u017ea izvrsnu trodijelnu vodonepropusnu i vjetrootpornu za\u0161titu. S potpuno zalivenim \u0161avovima, pode\u0161ivim man\u017eetama, brzo suhom mre\u017eom podstavom, za\u0161titnim klapnom od oluje, visokim za\u0161titnim kragnim od flisa, vanjskim d\u017eepom s patent-zatvara\u010dem, pode\u0161avanjem na rubu, D-prstenom za sigurnosni kabel, dobro vidljivom pode\u0161avaju\u0107om tehni\u010dkom kapulja\u010dom i reflektiraju\u0107im elementima.<\/p>\n","protected":false},"excerpt":{"rendered":"<p>Jakna Musto BR1 Crna, Velicina : S &#8211; Musto BR1 Channel Offshore jakna pru\u017ea izvrsnu trodijelnu vodonepropusnu i vjetrootpornu za\u0161titu.<\/p>\n","protected":false},"featured_media":5946484,"comment_status":"open","ping_status":"closed","template":"","meta":[],"product_brand":[3156],"product_cat":[1854],"product_tag":[],"class_list":{"0":"post-744420","1":"product","2":"type-product","3":"status-publish","4":"has-post-thumbnail","6":"product_brand-musto-hr","7":"product_cat-jedrilicarska-odjeca-musto","9":"first","10":"instock","11":"shipping-taxable","12":"purchasable","13":"product-type-simple"},"_links":{"self":[{"href":"https:\/\/stoic-curie.212-227-153-4.plesk.page\/hr\/wp-json\/wp\/v2\/product\/744420","targetHints":{"allow":["GET"]}}],"collection":[{"href":"https:\/\/stoic-curie.212-227-153-4.plesk.page\/hr\/wp-json\/wp\/v2\/product"}],"about":[{"href":"https:\/\/stoic-curie.212-227-153-4.plesk.page\/hr\/wp-json\/wp\/v2\/types\/product"}],"replies":[{"embeddable":true,"href":"https:\/\/stoic-curie.212-227-153-4.plesk.page\/hr\/wp-json\/wp\/v2\/comments?post=744420"}],"version-history":[{"count":0,"href":"https:\/\/stoic-curie.212-227-153-4.plesk.page\/hr\/wp-json\/wp\/v2\/product\/744420\/revisions"}],"wp:featuredmedia":[{"embeddable":true,"href":"https:\/\/stoic-curie.212-227-153-4.plesk.page\/hr\/wp-json\/wp\/v2\/media\/5946484"}],"wp:attachment":[{"href":"https:\/\/stoic-curie.212-227-153-4.plesk.page\/hr\/wp-json\/wp\/v2\/media?parent=744420"}],"wp:term":[{"taxonomy":"product_brand","embeddable":true,"href":"https:\/\/stoic-curie.212-227-153-4.plesk.page\/hr\/wp-json\/wp\/v2\/product_brand?post=744420"},{"taxonomy":"product_cat","embeddable":true,"href":"https:\/\/stoic-curie.212-227-153-4.plesk.page\/hr\/wp-json\/wp\/v2\/product_cat?post=744420"},{"taxonomy":"product_tag","embeddable":true,"href":"https:\/\/stoic-curie.212-227-153-4.plesk.page\/hr\/wp-json\/wp\/v2\/product_tag?post=744420"}],"curies":[{"name":"wp","href":"https:\/\/api.w.org\/{rel}","templated":true}]}}