{"id":744421,"date":"2025-03-03T19:16:10","date_gmt":"2025-03-03T18:16:10","guid":{"rendered":"https:\/\/stoic-curie.212-227-153-4.plesk.page\/producto\/jakna-musto-br1-crna-velicina-m\/"},"modified":"2026-02-25T00:01:14","modified_gmt":"2026-02-25T00:01:14","slug":"jakna-musto-br1-crna-velicina-m","status":"publish","type":"product","link":"https:\/\/stoic-curie.212-227-153-4.plesk.page\/hr\/product\/jakna-musto-br1-crna-velicina-m\/","title":{"rendered":"Jakna Musto BR1 Crna, Velicina : M"},"content":{"rendered":"<p>Jakna Musto BR1 Crna, Velicina : M &#8211; <\/p>\n<p>Musto BR1 Channel Offshore jakna nudi vrhunski 3-slojni vodootporni i vjetrootporni za\u0161titu. Ima potpuno zape\u010da\u0107ene \u0161avove, podesive man\u017eete, brzo suhe mre\u017easte obloge, za\u0161titu protiv oluje, visoki za\u0161titni polarni ovratnik, vanjski zip d\u017eep, podesivi kabel na rubu, D-prsten za kill cord, visoko vidljivu podesivu tehni\u010dku kapu i reflektiraju\u0107e elemente.<\/p>\n","protected":false},"excerpt":{"rendered":"<p>Jakna Musto BR1 Crna, Velicina : M &#8211; Musto BR1 Channel Offshore jakna nudi vrhunski 3-slojni vodootporni i vjetrootporni za\u0161titu.<\/p>\n","protected":false},"featured_media":5946484,"comment_status":"open","ping_status":"closed","template":"","meta":[],"product_brand":[3156],"product_cat":[1854],"product_tag":[],"class_list":{"0":"post-744421","1":"product","2":"type-product","3":"status-publish","4":"has-post-thumbnail","6":"product_brand-musto-hr","7":"product_cat-jedrilicarska-odjeca-musto","9":"first","10":"instock","11":"shipping-taxable","12":"purchasable","13":"product-type-simple"},"_links":{"self":[{"href":"https:\/\/stoic-curie.212-227-153-4.plesk.page\/hr\/wp-json\/wp\/v2\/product\/744421","targetHints":{"allow":["GET"]}}],"collection":[{"href":"https:\/\/stoic-curie.212-227-153-4.plesk.page\/hr\/wp-json\/wp\/v2\/product"}],"about":[{"href":"https:\/\/stoic-curie.212-227-153-4.plesk.page\/hr\/wp-json\/wp\/v2\/types\/product"}],"replies":[{"embeddable":true,"href":"https:\/\/stoic-curie.212-227-153-4.plesk.page\/hr\/wp-json\/wp\/v2\/comments?post=744421"}],"version-history":[{"count":0,"href":"https:\/\/stoic-curie.212-227-153-4.plesk.page\/hr\/wp-json\/wp\/v2\/product\/744421\/revisions"}],"wp:featuredmedia":[{"embeddable":true,"href":"https:\/\/stoic-curie.212-227-153-4.plesk.page\/hr\/wp-json\/wp\/v2\/media\/5946484"}],"wp:attachment":[{"href":"https:\/\/stoic-curie.212-227-153-4.plesk.page\/hr\/wp-json\/wp\/v2\/media?parent=744421"}],"wp:term":[{"taxonomy":"product_brand","embeddable":true,"href":"https:\/\/stoic-curie.212-227-153-4.plesk.page\/hr\/wp-json\/wp\/v2\/product_brand?post=744421"},{"taxonomy":"product_cat","embeddable":true,"href":"https:\/\/stoic-curie.212-227-153-4.plesk.page\/hr\/wp-json\/wp\/v2\/product_cat?post=744421"},{"taxonomy":"product_tag","embeddable":true,"href":"https:\/\/stoic-curie.212-227-153-4.plesk.page\/hr\/wp-json\/wp\/v2\/product_tag?post=744421"}],"curies":[{"name":"wp","href":"https:\/\/api.w.org\/{rel}","templated":true}]}}