{"id":744430,"date":"2025-03-03T19:16:12","date_gmt":"2025-03-03T18:16:12","guid":{"rendered":"https:\/\/stoic-curie.212-227-153-4.plesk.page\/producto\/quick-10100-hidraulicki-magnetski-prekidac-100-a-dc\/"},"modified":"2026-02-25T00:01:14","modified_gmt":"2026-02-25T00:01:14","slug":"quick-10100-hidraulicki-magnetski-prekidac-100-a-dc","status":"publish","type":"product","link":"https:\/\/stoic-curie.212-227-153-4.plesk.page\/hr\/product\/quick-10100-hidraulicki-magnetski-prekidac-100-a-dc\/","title":{"rendered":"Quick 10100 hidraulicki magnetski prekidac (100 A \/ DC)"},"content":{"rendered":"<p>Quick 10100 hidraulicki magnetski prekidac (100 A \/ DC) &#8211; Quick 100 ampera hidrauli\u010dni magnetski prekida\u010d pru\u017ea za\u0161titu prilikom kori\u0161tenja istosmjernih struja. Spori prekida\u010d \u0107e se aktivirati u situacijama preoptere\u0107enja, prekidaju\u0107i krug i \u0161tite\u0107i va\u0161u opremu. Mo\u017ee se ru\u010dno resetirati i pogodan je do 80 V DC. Quick 10100 prekida\u010d se aktivira u slu\u010daju kratkog spoja ili dugotrajnih preoptere\u0107enja.<\/p>\n","protected":false},"excerpt":{"rendered":"<p>Quick 10100 hidraulicki magnetski prekidac (100 A \/ DC) &#8211; Quick 100 ampera hidrauli\u010dni magnetski prekida\u010d pru\u017ea za\u0161titu prilikom kori\u0161tenja<\/p>\n","protected":false},"featured_media":5946487,"comment_status":"open","ping_status":"closed","template":"","meta":[],"product_brand":[3281],"product_cat":[1611],"product_tag":[],"class_list":{"0":"post-744430","1":"product","2":"type-product","3":"status-publish","4":"has-post-thumbnail","6":"product_brand-quick-hr","7":"product_cat-vitla-quick","9":"first","10":"instock","11":"shipping-taxable","12":"purchasable","13":"product-type-simple"},"_links":{"self":[{"href":"https:\/\/stoic-curie.212-227-153-4.plesk.page\/hr\/wp-json\/wp\/v2\/product\/744430","targetHints":{"allow":["GET"]}}],"collection":[{"href":"https:\/\/stoic-curie.212-227-153-4.plesk.page\/hr\/wp-json\/wp\/v2\/product"}],"about":[{"href":"https:\/\/stoic-curie.212-227-153-4.plesk.page\/hr\/wp-json\/wp\/v2\/types\/product"}],"replies":[{"embeddable":true,"href":"https:\/\/stoic-curie.212-227-153-4.plesk.page\/hr\/wp-json\/wp\/v2\/comments?post=744430"}],"version-history":[{"count":0,"href":"https:\/\/stoic-curie.212-227-153-4.plesk.page\/hr\/wp-json\/wp\/v2\/product\/744430\/revisions"}],"wp:featuredmedia":[{"embeddable":true,"href":"https:\/\/stoic-curie.212-227-153-4.plesk.page\/hr\/wp-json\/wp\/v2\/media\/5946487"}],"wp:attachment":[{"href":"https:\/\/stoic-curie.212-227-153-4.plesk.page\/hr\/wp-json\/wp\/v2\/media?parent=744430"}],"wp:term":[{"taxonomy":"product_brand","embeddable":true,"href":"https:\/\/stoic-curie.212-227-153-4.plesk.page\/hr\/wp-json\/wp\/v2\/product_brand?post=744430"},{"taxonomy":"product_cat","embeddable":true,"href":"https:\/\/stoic-curie.212-227-153-4.plesk.page\/hr\/wp-json\/wp\/v2\/product_cat?post=744430"},{"taxonomy":"product_tag","embeddable":true,"href":"https:\/\/stoic-curie.212-227-153-4.plesk.page\/hr\/wp-json\/wp\/v2\/product_tag?post=744430"}],"curies":[{"name":"wp","href":"https:\/\/api.w.org\/{rel}","templated":true}]}}