{"id":744433,"date":"2025-03-03T19:16:13","date_gmt":"2025-03-03T18:16:13","guid":{"rendered":"https:\/\/stoic-curie.212-227-153-4.plesk.page\/producto\/quick-10050-hidraulicki-magnetski-prekidac-50a-dc\/"},"modified":"2026-02-25T00:01:14","modified_gmt":"2026-02-25T00:01:14","slug":"quick-10050-hidraulicki-magnetski-prekidac-50a-dc","status":"publish","type":"product","link":"https:\/\/stoic-curie.212-227-153-4.plesk.page\/hr\/product\/quick-10050-hidraulicki-magnetski-prekidac-50a-dc\/","title":{"rendered":"Quick 10050 hidraulicki magnetski prekidac (50A \/ DC)"},"content":{"rendered":"<p>Quick 10050 hidraulicki magnetski prekidac (50A \/ DC) &#8211; Quick 50 amperski hidrauli\u010dni magnetski prekida\u010d nudi za\u0161titu prilikom kori\u0161tenja jednosmjernih struja. Sporo sagorijevaju\u0107i prekida\u010d isklju\u010dit \u0107e se u situacijama preoptere\u0107enja, prekidaju\u0107i krug i \u0161tite\u0107i va\u0161u opremu. Mo\u017ee se ru\u010dno resetirati i pogodan je za do 80V DC. Quick 10050 prekida\u010d isklju\u010duje se u prisutnosti kratkih spojeva ili produ\u017eenih preoptere\u0107enja.<\/p>\n","protected":false},"excerpt":{"rendered":"<p>Quick 10050 hidraulicki magnetski prekidac (50A \/ DC) &#8211; Quick 50 amperski hidrauli\u010dni magnetski prekida\u010d nudi za\u0161titu prilikom kori\u0161tenja jednosmjernih<\/p>\n","protected":false},"featured_media":5946487,"comment_status":"open","ping_status":"closed","template":"","meta":[],"product_brand":[3281],"product_cat":[1748],"product_tag":[],"class_list":{"0":"post-744433","1":"product","2":"type-product","3":"status-publish","4":"has-post-thumbnail","6":"product_brand-quick-hr","7":"product_cat-prekidaci-i-releji","9":"first","10":"instock","11":"shipping-taxable","12":"purchasable","13":"product-type-simple"},"_links":{"self":[{"href":"https:\/\/stoic-curie.212-227-153-4.plesk.page\/hr\/wp-json\/wp\/v2\/product\/744433","targetHints":{"allow":["GET"]}}],"collection":[{"href":"https:\/\/stoic-curie.212-227-153-4.plesk.page\/hr\/wp-json\/wp\/v2\/product"}],"about":[{"href":"https:\/\/stoic-curie.212-227-153-4.plesk.page\/hr\/wp-json\/wp\/v2\/types\/product"}],"replies":[{"embeddable":true,"href":"https:\/\/stoic-curie.212-227-153-4.plesk.page\/hr\/wp-json\/wp\/v2\/comments?post=744433"}],"version-history":[{"count":0,"href":"https:\/\/stoic-curie.212-227-153-4.plesk.page\/hr\/wp-json\/wp\/v2\/product\/744433\/revisions"}],"wp:featuredmedia":[{"embeddable":true,"href":"https:\/\/stoic-curie.212-227-153-4.plesk.page\/hr\/wp-json\/wp\/v2\/media\/5946487"}],"wp:attachment":[{"href":"https:\/\/stoic-curie.212-227-153-4.plesk.page\/hr\/wp-json\/wp\/v2\/media?parent=744433"}],"wp:term":[{"taxonomy":"product_brand","embeddable":true,"href":"https:\/\/stoic-curie.212-227-153-4.plesk.page\/hr\/wp-json\/wp\/v2\/product_brand?post=744433"},{"taxonomy":"product_cat","embeddable":true,"href":"https:\/\/stoic-curie.212-227-153-4.plesk.page\/hr\/wp-json\/wp\/v2\/product_cat?post=744433"},{"taxonomy":"product_tag","embeddable":true,"href":"https:\/\/stoic-curie.212-227-153-4.plesk.page\/hr\/wp-json\/wp\/v2\/product_tag?post=744433"}],"curies":[{"name":"wp","href":"https:\/\/api.w.org\/{rel}","templated":true}]}}