{"id":744434,"date":"2025-03-03T19:16:13","date_gmt":"2025-03-03T18:16:13","guid":{"rendered":"https:\/\/stoic-curie.212-227-153-4.plesk.page\/producto\/quick-10040-hidraulicki-magnetski-prekidac-40a-dc\/"},"modified":"2026-02-25T00:01:14","modified_gmt":"2026-02-25T00:01:14","slug":"quick-10040-hidraulicki-magnetski-prekidac-40a-dc","status":"publish","type":"product","link":"https:\/\/stoic-curie.212-227-153-4.plesk.page\/hr\/product\/quick-10040-hidraulicki-magnetski-prekidac-40a-dc\/","title":{"rendered":"Quick 10040 hidraulicki magnetski prekidac (40A \/ DC)"},"content":{"rendered":"<p>Quick 10040 hidraulicki magnetski prekidac (40A \/ DC) &#8211; Brzi hidrauli\u010dni magnetski osigura\u010d od 40 ampera nudi za\u0161titu prilikom kori\u0161tenja istosmjernih struja. Osigura\u010d sporeg izgaranja ispada u situacijama prekomjernog optere\u0107enja, prekidaju\u0107i krug i \u0161tite\u0107i va\u0161u opremu. Mogu se ru\u010dno resetirati i pogodna su za do 80V DC. Brzi osigura\u010d 10040 isklju\u010duje se u prisutnosti kratkih spojeva ili dugotrajnih preoptere\u0107enja.<\/p>\n","protected":false},"excerpt":{"rendered":"<p>Quick 10040 hidraulicki magnetski prekidac (40A \/ DC) &#8211; Brzi hidrauli\u010dni magnetski osigura\u010d od 40 ampera nudi za\u0161titu prilikom kori\u0161tenja<\/p>\n","protected":false},"featured_media":5946487,"comment_status":"open","ping_status":"closed","template":"","meta":[],"product_brand":[3281],"product_cat":[1748],"product_tag":[],"class_list":{"0":"post-744434","1":"product","2":"type-product","3":"status-publish","4":"has-post-thumbnail","6":"product_brand-quick-hr","7":"product_cat-prekidaci-i-releji","9":"first","10":"instock","11":"shipping-taxable","12":"purchasable","13":"product-type-simple"},"_links":{"self":[{"href":"https:\/\/stoic-curie.212-227-153-4.plesk.page\/hr\/wp-json\/wp\/v2\/product\/744434","targetHints":{"allow":["GET"]}}],"collection":[{"href":"https:\/\/stoic-curie.212-227-153-4.plesk.page\/hr\/wp-json\/wp\/v2\/product"}],"about":[{"href":"https:\/\/stoic-curie.212-227-153-4.plesk.page\/hr\/wp-json\/wp\/v2\/types\/product"}],"replies":[{"embeddable":true,"href":"https:\/\/stoic-curie.212-227-153-4.plesk.page\/hr\/wp-json\/wp\/v2\/comments?post=744434"}],"version-history":[{"count":0,"href":"https:\/\/stoic-curie.212-227-153-4.plesk.page\/hr\/wp-json\/wp\/v2\/product\/744434\/revisions"}],"wp:featuredmedia":[{"embeddable":true,"href":"https:\/\/stoic-curie.212-227-153-4.plesk.page\/hr\/wp-json\/wp\/v2\/media\/5946487"}],"wp:attachment":[{"href":"https:\/\/stoic-curie.212-227-153-4.plesk.page\/hr\/wp-json\/wp\/v2\/media?parent=744434"}],"wp:term":[{"taxonomy":"product_brand","embeddable":true,"href":"https:\/\/stoic-curie.212-227-153-4.plesk.page\/hr\/wp-json\/wp\/v2\/product_brand?post=744434"},{"taxonomy":"product_cat","embeddable":true,"href":"https:\/\/stoic-curie.212-227-153-4.plesk.page\/hr\/wp-json\/wp\/v2\/product_cat?post=744434"},{"taxonomy":"product_tag","embeddable":true,"href":"https:\/\/stoic-curie.212-227-153-4.plesk.page\/hr\/wp-json\/wp\/v2\/product_tag?post=744434"}],"curies":[{"name":"wp","href":"https:\/\/api.w.org\/{rel}","templated":true}]}}