{"id":744435,"date":"2025-03-03T19:16:13","date_gmt":"2025-03-03T18:16:13","guid":{"rendered":"https:\/\/stoic-curie.212-227-153-4.plesk.page\/producto\/marinco-spotlight-bezicni-samo-daljinski-nosac-za-most\/"},"modified":"2026-02-25T00:01:14","modified_gmt":"2026-02-25T00:01:14","slug":"marinco-spotlight-bezicni-samo-daljinski-nosac-za-most","status":"publish","type":"product","link":"https:\/\/stoic-curie.212-227-153-4.plesk.page\/hr\/product\/marinco-spotlight-bezicni-samo-daljinski-nosac-za-most\/","title":{"rendered":"Marinco Spotlight be\u017ei\u010dni samo daljinski nosa\u010d za most"},"content":{"rendered":"<p>Marinco Spotlight be\u017ei\u010dni samo daljinski nosa\u010d za most &#8211; <\/p>\n<div>\n<p>Pogon: 12 ili 24 Volta (kabelski)<\/p>\n<p>Struja (neaktivan \/ u uporabi): zanemariva<\/p>\n<p>Be\u017ei\u010dni domet: 200&#8221; (65M)<\/p>\n<p>Dimenzije: 3,5&#8243; \u0160 x 2,25&#8243; V x 0,75&#8243; D (88 x 57 x 19 mm)<\/p>\n<p>Te\u017eina: 2,12 oz (60 g)<\/p>\n<p>Materijal ku\u0107i\u0161ta: UV otporna PC\/ASA<\/p>\n<p>Materijal gumba: Silikon (svijetli u mraku)<\/p>\n<p>Raspon radne temperature: 5<\/p>\n<\/div>\n","protected":false},"excerpt":{"rendered":"<p>Marinco Spotlight be\u017ei\u010dni samo daljinski nosa\u010d za most &#8211; Pogon: 12 ili 24 Volta (kabelski) Struja (neaktivan \/ u uporabi):<\/p>\n","protected":false},"featured_media":5946490,"comment_status":"open","ping_status":"closed","template":"","meta":[],"product_brand":[3106],"product_cat":[1734],"product_tag":[],"class_list":{"0":"post-744435","1":"product","2":"type-product","3":"status-publish","4":"has-post-thumbnail","6":"product_brand-marinco-hr","7":"product_cat-brodski-reflektori","9":"first","10":"instock","11":"shipping-taxable","12":"purchasable","13":"product-type-simple"},"_links":{"self":[{"href":"https:\/\/stoic-curie.212-227-153-4.plesk.page\/hr\/wp-json\/wp\/v2\/product\/744435","targetHints":{"allow":["GET"]}}],"collection":[{"href":"https:\/\/stoic-curie.212-227-153-4.plesk.page\/hr\/wp-json\/wp\/v2\/product"}],"about":[{"href":"https:\/\/stoic-curie.212-227-153-4.plesk.page\/hr\/wp-json\/wp\/v2\/types\/product"}],"replies":[{"embeddable":true,"href":"https:\/\/stoic-curie.212-227-153-4.plesk.page\/hr\/wp-json\/wp\/v2\/comments?post=744435"}],"version-history":[{"count":0,"href":"https:\/\/stoic-curie.212-227-153-4.plesk.page\/hr\/wp-json\/wp\/v2\/product\/744435\/revisions"}],"wp:featuredmedia":[{"embeddable":true,"href":"https:\/\/stoic-curie.212-227-153-4.plesk.page\/hr\/wp-json\/wp\/v2\/media\/5946490"}],"wp:attachment":[{"href":"https:\/\/stoic-curie.212-227-153-4.plesk.page\/hr\/wp-json\/wp\/v2\/media?parent=744435"}],"wp:term":[{"taxonomy":"product_brand","embeddable":true,"href":"https:\/\/stoic-curie.212-227-153-4.plesk.page\/hr\/wp-json\/wp\/v2\/product_brand?post=744435"},{"taxonomy":"product_cat","embeddable":true,"href":"https:\/\/stoic-curie.212-227-153-4.plesk.page\/hr\/wp-json\/wp\/v2\/product_cat?post=744435"},{"taxonomy":"product_tag","embeddable":true,"href":"https:\/\/stoic-curie.212-227-153-4.plesk.page\/hr\/wp-json\/wp\/v2\/product_tag?post=744435"}],"curies":[{"name":"wp","href":"https:\/\/api.w.org\/{rel}","templated":true}]}}