{"id":744436,"date":"2025-03-03T19:16:14","date_gmt":"2025-03-03T18:16:14","guid":{"rendered":"https:\/\/stoic-curie.212-227-153-4.plesk.page\/producto\/marinco-spotlight-bezicni-daljinski-samo-rucni\/"},"modified":"2026-02-25T00:01:14","modified_gmt":"2026-02-25T00:01:14","slug":"marinco-spotlight-bezicni-daljinski-samo-rucni","status":"publish","type":"product","link":"https:\/\/stoic-curie.212-227-153-4.plesk.page\/hr\/product\/marinco-spotlight-bezicni-daljinski-samo-rucni\/","title":{"rendered":"Marinco Spotlight be\u017ei\u010dni daljinski samo ru\u010dni"},"content":{"rendered":"<p>Marinco Spotlight be\u017ei\u010dni daljinski samo ru\u010dni &#8211; <\/p>\n<div>\n<p>Prijenosni mostovni daljinski upravlja\u010d<\/p>\n<p>Napajanje: CR2450 dugmadna baterija<\/p>\n<p>Strujna potro\u0161nja (neaktivno \/ u uporabi): zanemariva<\/p>\n<p>Be\u017ei\u010dni domet: 200&#8242; (65 m)<\/p>\n<p>Procijenjeno trajanje baterije: > 40 sati (neprekidna upotreba)<\/p>\n<p>Dimenzije: 2,0&#8243;\u0160 x 3,78&#8243;V x 1&#8243;D (51 x 96 x 25 mm)<\/p>\n<p>Te\u017eina: 2,82 oz (80 g)<\/p>\n<p>Materijal ku\u0107i\u0161ta: UV-otporan PC\/ASA<\/p>\n<p>Materijal gumba: Silikon (svjetli u mraku)<\/p>\n<p>Raspon radne temperature: 5<\/p>\n<\/div>\n","protected":false},"excerpt":{"rendered":"<p>Marinco Spotlight be\u017ei\u010dni daljinski samo ru\u010dni &#8211; Prijenosni mostovni daljinski upravlja\u010d Napajanje: CR2450 dugmadna baterija Strujna potro\u0161nja (neaktivno \/ u<\/p>\n","protected":false},"featured_media":5946491,"comment_status":"open","ping_status":"closed","template":"","meta":[],"product_brand":[3106],"product_cat":[1734],"product_tag":[],"class_list":{"0":"post-744436","1":"product","2":"type-product","3":"status-publish","4":"has-post-thumbnail","6":"product_brand-marinco-hr","7":"product_cat-brodski-reflektori","9":"first","10":"instock","11":"shipping-taxable","12":"purchasable","13":"product-type-simple"},"_links":{"self":[{"href":"https:\/\/stoic-curie.212-227-153-4.plesk.page\/hr\/wp-json\/wp\/v2\/product\/744436","targetHints":{"allow":["GET"]}}],"collection":[{"href":"https:\/\/stoic-curie.212-227-153-4.plesk.page\/hr\/wp-json\/wp\/v2\/product"}],"about":[{"href":"https:\/\/stoic-curie.212-227-153-4.plesk.page\/hr\/wp-json\/wp\/v2\/types\/product"}],"replies":[{"embeddable":true,"href":"https:\/\/stoic-curie.212-227-153-4.plesk.page\/hr\/wp-json\/wp\/v2\/comments?post=744436"}],"version-history":[{"count":0,"href":"https:\/\/stoic-curie.212-227-153-4.plesk.page\/hr\/wp-json\/wp\/v2\/product\/744436\/revisions"}],"wp:featuredmedia":[{"embeddable":true,"href":"https:\/\/stoic-curie.212-227-153-4.plesk.page\/hr\/wp-json\/wp\/v2\/media\/5946491"}],"wp:attachment":[{"href":"https:\/\/stoic-curie.212-227-153-4.plesk.page\/hr\/wp-json\/wp\/v2\/media?parent=744436"}],"wp:term":[{"taxonomy":"product_brand","embeddable":true,"href":"https:\/\/stoic-curie.212-227-153-4.plesk.page\/hr\/wp-json\/wp\/v2\/product_brand?post=744436"},{"taxonomy":"product_cat","embeddable":true,"href":"https:\/\/stoic-curie.212-227-153-4.plesk.page\/hr\/wp-json\/wp\/v2\/product_cat?post=744436"},{"taxonomy":"product_tag","embeddable":true,"href":"https:\/\/stoic-curie.212-227-153-4.plesk.page\/hr\/wp-json\/wp\/v2\/product_tag?post=744436"}],"curies":[{"name":"wp","href":"https:\/\/api.w.org\/{rel}","templated":true}]}}