{"id":744437,"date":"2025-03-03T19:16:14","date_gmt":"2025-03-03T18:16:14","guid":{"rendered":"https:\/\/stoic-curie.212-227-153-4.plesk.page\/producto\/jg-speedfit-ld-rezac-plasticnih-cijevi-maks-22-mm\/"},"modified":"2026-02-25T00:01:14","modified_gmt":"2026-02-25T00:01:14","slug":"jg-speedfit-ld-rezac-plasticnih-cijevi-maks-22-mm","status":"publish","type":"product","link":"https:\/\/stoic-curie.212-227-153-4.plesk.page\/hr\/product\/jg-speedfit-ld-rezac-plasticnih-cijevi-maks-22-mm\/","title":{"rendered":"JG Speedfit LD reza\u010d plasti\u010dnih cijevi maks. 22 mm"},"content":{"rendered":"<p>JG Speedfit LD reza\u010d plasti\u010dnih cijevi maks. 22 mm &#8211; <\/p>\n<div>\n<p>John Guest Speedfit reza\u010d cijevi JG-TS prikladan je za rezanje JG Speedfit barijernih cijevi promjera do 22 mm.<\/p>\n<p>Alat za rezanje Speedfit omogu\u0107uje vam u\u010dinkovito i sigurno rezanje va\u0161e Speedfit cijevi, stvaraju\u0107i uredan rez.<\/p>\n<\/div>\n","protected":false},"excerpt":{"rendered":"<p>JG Speedfit LD reza\u010d plasti\u010dnih cijevi maks. 22 mm &#8211; John Guest Speedfit reza\u010d cijevi JG-TS prikladan je za rezanje<\/p>\n","protected":false},"featured_media":5946506,"comment_status":"open","ping_status":"closed","template":"","meta":[],"product_brand":[3426],"product_cat":[1661],"product_tag":[],"class_list":{"0":"post-744437","1":"product","2":"type-product","3":"status-publish","4":"has-post-thumbnail","6":"product_brand-speedfit-hr","7":"product_cat-elementi-brodskog-vovovoda-plastika","9":"first","10":"instock","11":"shipping-taxable","12":"purchasable","13":"product-type-simple"},"_links":{"self":[{"href":"https:\/\/stoic-curie.212-227-153-4.plesk.page\/hr\/wp-json\/wp\/v2\/product\/744437","targetHints":{"allow":["GET"]}}],"collection":[{"href":"https:\/\/stoic-curie.212-227-153-4.plesk.page\/hr\/wp-json\/wp\/v2\/product"}],"about":[{"href":"https:\/\/stoic-curie.212-227-153-4.plesk.page\/hr\/wp-json\/wp\/v2\/types\/product"}],"replies":[{"embeddable":true,"href":"https:\/\/stoic-curie.212-227-153-4.plesk.page\/hr\/wp-json\/wp\/v2\/comments?post=744437"}],"version-history":[{"count":0,"href":"https:\/\/stoic-curie.212-227-153-4.plesk.page\/hr\/wp-json\/wp\/v2\/product\/744437\/revisions"}],"wp:featuredmedia":[{"embeddable":true,"href":"https:\/\/stoic-curie.212-227-153-4.plesk.page\/hr\/wp-json\/wp\/v2\/media\/5946506"}],"wp:attachment":[{"href":"https:\/\/stoic-curie.212-227-153-4.plesk.page\/hr\/wp-json\/wp\/v2\/media?parent=744437"}],"wp:term":[{"taxonomy":"product_brand","embeddable":true,"href":"https:\/\/stoic-curie.212-227-153-4.plesk.page\/hr\/wp-json\/wp\/v2\/product_brand?post=744437"},{"taxonomy":"product_cat","embeddable":true,"href":"https:\/\/stoic-curie.212-227-153-4.plesk.page\/hr\/wp-json\/wp\/v2\/product_cat?post=744437"},{"taxonomy":"product_tag","embeddable":true,"href":"https:\/\/stoic-curie.212-227-153-4.plesk.page\/hr\/wp-json\/wp\/v2\/product_tag?post=744437"}],"curies":[{"name":"wp","href":"https:\/\/api.w.org\/{rel}","templated":true}]}}