{"id":744446,"date":"2025-03-03T19:18:42","date_gmt":"2025-03-03T18:18:42","guid":{"rendered":"https:\/\/stoic-curie.212-227-153-4.plesk.page\/producto\/jakna-musto-essential-softshell-platinum-velicina-s\/"},"modified":"2026-02-25T00:01:14","modified_gmt":"2026-02-25T00:01:14","slug":"jakna-musto-essential-softshell-platinum-velicina-s","status":"publish","type":"product","link":"https:\/\/stoic-curie.212-227-153-4.plesk.page\/hr\/product\/jakna-musto-essential-softshell-platinum-velicina-s\/","title":{"rendered":"Jakna Musto Essential Softshell Platinum &#8211; velicina S"},"content":{"rendered":"<p>Jakna Musto Essential Softshell Platinum &#8211; velicina S &#8211; <\/p>\n<p>Musto Essential Softshell jakna od rastezljivog, prozra\u010dnog i vjetrootpornog materijala. S DWR (Durable Water Repellency) tretmanom, dvije bo\u010dne d\u017eepove i jednim na ruci sa zatvara\u010dem, rub i man\u017eetne s elasti\u010dnim rubovima za udoban fit i artikulisane rukave za maksimalnu slobodu kretanja.<\/p>\n","protected":false},"excerpt":{"rendered":"<p>Jakna Musto Essential Softshell Platinum &#8211; velicina S &#8211; Musto Essential Softshell jakna od rastezljivog, prozra\u010dnog i vjetrootpornog materijala. S<\/p>\n","protected":false},"featured_media":5946522,"comment_status":"open","ping_status":"closed","template":"","meta":[],"product_brand":[3156],"product_cat":[1854],"product_tag":[],"class_list":{"0":"post-744446","1":"product","2":"type-product","3":"status-publish","4":"has-post-thumbnail","6":"product_brand-musto-hr","7":"product_cat-jedrilicarska-odjeca-musto","9":"first","10":"instock","11":"shipping-taxable","12":"purchasable","13":"product-type-simple"},"_links":{"self":[{"href":"https:\/\/stoic-curie.212-227-153-4.plesk.page\/hr\/wp-json\/wp\/v2\/product\/744446","targetHints":{"allow":["GET"]}}],"collection":[{"href":"https:\/\/stoic-curie.212-227-153-4.plesk.page\/hr\/wp-json\/wp\/v2\/product"}],"about":[{"href":"https:\/\/stoic-curie.212-227-153-4.plesk.page\/hr\/wp-json\/wp\/v2\/types\/product"}],"replies":[{"embeddable":true,"href":"https:\/\/stoic-curie.212-227-153-4.plesk.page\/hr\/wp-json\/wp\/v2\/comments?post=744446"}],"version-history":[{"count":0,"href":"https:\/\/stoic-curie.212-227-153-4.plesk.page\/hr\/wp-json\/wp\/v2\/product\/744446\/revisions"}],"wp:featuredmedia":[{"embeddable":true,"href":"https:\/\/stoic-curie.212-227-153-4.plesk.page\/hr\/wp-json\/wp\/v2\/media\/5946522"}],"wp:attachment":[{"href":"https:\/\/stoic-curie.212-227-153-4.plesk.page\/hr\/wp-json\/wp\/v2\/media?parent=744446"}],"wp:term":[{"taxonomy":"product_brand","embeddable":true,"href":"https:\/\/stoic-curie.212-227-153-4.plesk.page\/hr\/wp-json\/wp\/v2\/product_brand?post=744446"},{"taxonomy":"product_cat","embeddable":true,"href":"https:\/\/stoic-curie.212-227-153-4.plesk.page\/hr\/wp-json\/wp\/v2\/product_cat?post=744446"},{"taxonomy":"product_tag","embeddable":true,"href":"https:\/\/stoic-curie.212-227-153-4.plesk.page\/hr\/wp-json\/wp\/v2\/product_tag?post=744446"}],"curies":[{"name":"wp","href":"https:\/\/api.w.org\/{rel}","templated":true}]}}