{"id":744459,"date":"2025-03-03T19:18:46","date_gmt":"2025-03-03T18:18:46","guid":{"rendered":"https:\/\/stoic-curie.212-227-153-4.plesk.page\/producto\/prsluk-musto-essential-softshell-plavi-velicina-xl\/"},"modified":"2026-02-25T00:01:14","modified_gmt":"2026-02-25T00:01:14","slug":"prsluk-musto-essential-softshell-plavi-velicina-xl","status":"publish","type":"product","link":"https:\/\/stoic-curie.212-227-153-4.plesk.page\/hr\/product\/prsluk-musto-essential-softshell-plavi-velicina-xl\/","title":{"rendered":"Prsluk Musto Essential Softshell plavi &#8211; Velicina: XL"},"content":{"rendered":"<p>Prsluk Musto Essential Softshell plavi &#8211; Velicina: XL &#8211; <\/p>\n<p>Musto Essential Softshell prsluk od rastezljive, prozra\u010dne i vjetrootporne tkanine. Opremljen DWR (Durable Water Repellency) tretmanom, dvije bo\u010dne i jednom prsnom d\u017eepom sa zatvara\u010dem, te rubom s elasti\u010dnim rubovima za usko pristajanje.<\/p>\n","protected":false},"excerpt":{"rendered":"<p>Prsluk Musto Essential Softshell plavi &#8211; Velicina: XL &#8211; Musto Essential Softshell prsluk od rastezljive, prozra\u010dne i vjetrootporne tkanine. Opremljen<\/p>\n","protected":false},"featured_media":5946524,"comment_status":"open","ping_status":"closed","template":"","meta":[],"product_brand":[3156],"product_cat":[1854],"product_tag":[],"class_list":{"0":"post-744459","1":"product","2":"type-product","3":"status-publish","4":"has-post-thumbnail","6":"product_brand-musto-hr","7":"product_cat-jedrilicarska-odjeca-musto","9":"first","10":"instock","11":"shipping-taxable","12":"purchasable","13":"product-type-simple"},"_links":{"self":[{"href":"https:\/\/stoic-curie.212-227-153-4.plesk.page\/hr\/wp-json\/wp\/v2\/product\/744459","targetHints":{"allow":["GET"]}}],"collection":[{"href":"https:\/\/stoic-curie.212-227-153-4.plesk.page\/hr\/wp-json\/wp\/v2\/product"}],"about":[{"href":"https:\/\/stoic-curie.212-227-153-4.plesk.page\/hr\/wp-json\/wp\/v2\/types\/product"}],"replies":[{"embeddable":true,"href":"https:\/\/stoic-curie.212-227-153-4.plesk.page\/hr\/wp-json\/wp\/v2\/comments?post=744459"}],"version-history":[{"count":0,"href":"https:\/\/stoic-curie.212-227-153-4.plesk.page\/hr\/wp-json\/wp\/v2\/product\/744459\/revisions"}],"wp:featuredmedia":[{"embeddable":true,"href":"https:\/\/stoic-curie.212-227-153-4.plesk.page\/hr\/wp-json\/wp\/v2\/media\/5946524"}],"wp:attachment":[{"href":"https:\/\/stoic-curie.212-227-153-4.plesk.page\/hr\/wp-json\/wp\/v2\/media?parent=744459"}],"wp:term":[{"taxonomy":"product_brand","embeddable":true,"href":"https:\/\/stoic-curie.212-227-153-4.plesk.page\/hr\/wp-json\/wp\/v2\/product_brand?post=744459"},{"taxonomy":"product_cat","embeddable":true,"href":"https:\/\/stoic-curie.212-227-153-4.plesk.page\/hr\/wp-json\/wp\/v2\/product_cat?post=744459"},{"taxonomy":"product_tag","embeddable":true,"href":"https:\/\/stoic-curie.212-227-153-4.plesk.page\/hr\/wp-json\/wp\/v2\/product_tag?post=744459"}],"curies":[{"name":"wp","href":"https:\/\/api.w.org\/{rel}","templated":true}]}}