{"id":744465,"date":"2025-03-03T19:19:34","date_gmt":"2025-03-03T18:19:34","guid":{"rendered":"https:\/\/stoic-curie.212-227-153-4.plesk.page\/producto\/prsluk-musto-essential-softshell-platina-velicina-xxl\/"},"modified":"2026-02-25T00:01:14","modified_gmt":"2026-02-25T00:01:14","slug":"prsluk-musto-essential-softshell-platina-velicina-xxl","status":"publish","type":"product","link":"https:\/\/stoic-curie.212-227-153-4.plesk.page\/hr\/product\/prsluk-musto-essential-softshell-platina-velicina-xxl\/","title":{"rendered":"Prsluk Musto essential softshell platina &#8211; velicina : XXL"},"content":{"rendered":"<p>Prsluk Musto essential softshell platina &#8211; velicina : XXL &#8211; <\/p>\n<p>Musto Essential Softshell prsluk od rastezljivog, prozra\u010dnog i vjetrootpornog materijala. S DWR (Durable Water Repellency) tretmanom, dva bo\u010dna d\u017eepa i jednim d\u017eepom na prsima sa zatvara\u010dem, rub sa elasti\u010dnim ivicama za \u010dvrsto prijanjanje.<\/p>\n","protected":false},"excerpt":{"rendered":"<p>Prsluk Musto essential softshell platina &#8211; velicina : XXL &#8211; Musto Essential Softshell prsluk od rastezljivog, prozra\u010dnog i vjetrootpornog materijala.<\/p>\n","protected":false},"featured_media":5946528,"comment_status":"open","ping_status":"closed","template":"","meta":[],"product_brand":[3156],"product_cat":[1854],"product_tag":[],"class_list":{"0":"post-744465","1":"product","2":"type-product","3":"status-publish","4":"has-post-thumbnail","6":"product_brand-musto-hr","7":"product_cat-jedrilicarska-odjeca-musto","9":"first","10":"instock","11":"shipping-taxable","12":"purchasable","13":"product-type-simple"},"_links":{"self":[{"href":"https:\/\/stoic-curie.212-227-153-4.plesk.page\/hr\/wp-json\/wp\/v2\/product\/744465","targetHints":{"allow":["GET"]}}],"collection":[{"href":"https:\/\/stoic-curie.212-227-153-4.plesk.page\/hr\/wp-json\/wp\/v2\/product"}],"about":[{"href":"https:\/\/stoic-curie.212-227-153-4.plesk.page\/hr\/wp-json\/wp\/v2\/types\/product"}],"replies":[{"embeddable":true,"href":"https:\/\/stoic-curie.212-227-153-4.plesk.page\/hr\/wp-json\/wp\/v2\/comments?post=744465"}],"version-history":[{"count":0,"href":"https:\/\/stoic-curie.212-227-153-4.plesk.page\/hr\/wp-json\/wp\/v2\/product\/744465\/revisions"}],"wp:featuredmedia":[{"embeddable":true,"href":"https:\/\/stoic-curie.212-227-153-4.plesk.page\/hr\/wp-json\/wp\/v2\/media\/5946528"}],"wp:attachment":[{"href":"https:\/\/stoic-curie.212-227-153-4.plesk.page\/hr\/wp-json\/wp\/v2\/media?parent=744465"}],"wp:term":[{"taxonomy":"product_brand","embeddable":true,"href":"https:\/\/stoic-curie.212-227-153-4.plesk.page\/hr\/wp-json\/wp\/v2\/product_brand?post=744465"},{"taxonomy":"product_cat","embeddable":true,"href":"https:\/\/stoic-curie.212-227-153-4.plesk.page\/hr\/wp-json\/wp\/v2\/product_cat?post=744465"},{"taxonomy":"product_tag","embeddable":true,"href":"https:\/\/stoic-curie.212-227-153-4.plesk.page\/hr\/wp-json\/wp\/v2\/product_tag?post=744465"}],"curies":[{"name":"wp","href":"https:\/\/api.w.org\/{rel}","templated":true}]}}