{"id":744471,"date":"2025-03-03T19:20:41","date_gmt":"2025-03-03T18:20:41","guid":{"rendered":"https:\/\/stoic-curie.212-227-153-4.plesk.page\/producto\/offshore-jakna-helly-hansen-skagen-red-velicina-s\/"},"modified":"2026-02-25T00:01:14","modified_gmt":"2026-02-25T00:01:14","slug":"offshore-jakna-helly-hansen-skagen-red-velicina-s","status":"publish","type":"product","link":"https:\/\/stoic-curie.212-227-153-4.plesk.page\/hr\/product\/offshore-jakna-helly-hansen-skagen-red-velicina-s\/","title":{"rendered":"Offshore jakna Helly Hansen Skagen Red, Velicina : S"},"content":{"rendered":"<p>Offshore jakna Helly Hansen Skagen Red, Velicina : S &#8211; <\/p>\n<p>Helly Hansen Skagen Offshore jakna za navigaciju na otvorenom moru i obali s potpunom za\u0161titom od vjetra i valova. S 2-slojnim materijalom sa \u0161to vodoodbojnom (DWR) obradom, vodootporna, vjetrootporna i prozra\u010dna HellyTech\u00c2\u00ae Performance tkanina. S potpuno zape\u010da\u0107enim \u0161avovima, brzo su\u0161e\u0107om mre\u017eastom podlogom, potporom za donji dio le\u0111a, dvostrukim za\u0161titnim flapom, dvostruko podesivim man\u017eetama, oblikovanim rukavima, prednjim d\u017eepovima s vodootpornim zatvorem, d\u017eepovima za rukavice podstavljenim flisom, velikim cargo d\u017eepovima, visokim ovratnikom s za\u0161titom za lice, EN471 podesivom vizibilnom kapulja\u010dom i Solas uskla\u0111enim reflektorima.<\/p>\n","protected":false},"excerpt":{"rendered":"<p>Offshore jakna Helly Hansen Skagen Red, Velicina : S &#8211; Helly Hansen Skagen Offshore jakna za navigaciju na otvorenom moru<\/p>\n","protected":false},"featured_media":5946530,"comment_status":"open","ping_status":"closed","template":"","meta":[],"product_brand":[3001],"product_cat":[1857],"product_tag":[],"class_list":{"0":"post-744471","1":"product","2":"type-product","3":"status-publish","4":"has-post-thumbnail","6":"product_brand-helly-hansen-hr","7":"product_cat-jedrilicarska-odjeca-helly-hansen","9":"first","10":"instock","11":"shipping-taxable","12":"purchasable","13":"product-type-simple"},"_links":{"self":[{"href":"https:\/\/stoic-curie.212-227-153-4.plesk.page\/hr\/wp-json\/wp\/v2\/product\/744471","targetHints":{"allow":["GET"]}}],"collection":[{"href":"https:\/\/stoic-curie.212-227-153-4.plesk.page\/hr\/wp-json\/wp\/v2\/product"}],"about":[{"href":"https:\/\/stoic-curie.212-227-153-4.plesk.page\/hr\/wp-json\/wp\/v2\/types\/product"}],"replies":[{"embeddable":true,"href":"https:\/\/stoic-curie.212-227-153-4.plesk.page\/hr\/wp-json\/wp\/v2\/comments?post=744471"}],"version-history":[{"count":0,"href":"https:\/\/stoic-curie.212-227-153-4.plesk.page\/hr\/wp-json\/wp\/v2\/product\/744471\/revisions"}],"wp:featuredmedia":[{"embeddable":true,"href":"https:\/\/stoic-curie.212-227-153-4.plesk.page\/hr\/wp-json\/wp\/v2\/media\/5946530"}],"wp:attachment":[{"href":"https:\/\/stoic-curie.212-227-153-4.plesk.page\/hr\/wp-json\/wp\/v2\/media?parent=744471"}],"wp:term":[{"taxonomy":"product_brand","embeddable":true,"href":"https:\/\/stoic-curie.212-227-153-4.plesk.page\/hr\/wp-json\/wp\/v2\/product_brand?post=744471"},{"taxonomy":"product_cat","embeddable":true,"href":"https:\/\/stoic-curie.212-227-153-4.plesk.page\/hr\/wp-json\/wp\/v2\/product_cat?post=744471"},{"taxonomy":"product_tag","embeddable":true,"href":"https:\/\/stoic-curie.212-227-153-4.plesk.page\/hr\/wp-json\/wp\/v2\/product_tag?post=744471"}],"curies":[{"name":"wp","href":"https:\/\/api.w.org\/{rel}","templated":true}]}}