{"id":744473,"date":"2025-03-03T19:20:42","date_gmt":"2025-03-03T18:20:42","guid":{"rendered":"https:\/\/stoic-curie.212-227-153-4.plesk.page\/producto\/offshore-jakna-helly-hansen-skagen-red-velicina-l\/"},"modified":"2026-02-25T00:01:14","modified_gmt":"2026-02-25T00:01:14","slug":"offshore-jakna-helly-hansen-skagen-red-velicina-l","status":"publish","type":"product","link":"https:\/\/stoic-curie.212-227-153-4.plesk.page\/hr\/product\/offshore-jakna-helly-hansen-skagen-red-velicina-l\/","title":{"rendered":"Offshore jakna Helly Hansen Skagen Red, Velicina : L"},"content":{"rendered":"<p>Offshore jakna Helly Hansen Skagen Red, Velicina : L &#8211; <\/p>\n<p>Helly Hansen Skagen Offshore jakna idealna je za navigaciju na otvorenom moru i uz obalu, pru\u017eaju\u0107i potpunu za\u0161titu od vjetra i valova. Izra\u0111ena je od dvostrukog materijala, vodootpornog, vjetrootpornog i prozra\u010dnog HellyTech\u00ae Performance platna tretiranog Durable Water Repellency (DWR). Jakna ima potpuno zape\u010da\u0107ene \u0161avove, mre\u017easti unutra\u0161nji sloj koji se brzo su\u0161i, poja\u010danje na donjem dijelu le\u0111a, dvostruku preklopnu za\u0161titu, dvostruko podesive rukave, artikulirane rukave, prednje d\u017eepove s vodootpornim patentnim zatvara\u010dem, d\u017eepove za ruke s flis podstavom, velike cargo d\u017eepove, visoki ovratnik s za\u0161titom za lice, visokovidljivu podesivu kapulja\u010du EN471 i reflektiraju\u0107e elemente u skladu sa SOLAS pravilima.<\/p>\n","protected":false},"excerpt":{"rendered":"<p>Offshore jakna Helly Hansen Skagen Red, Velicina : L &#8211; Helly Hansen Skagen Offshore jakna idealna je za navigaciju na<\/p>\n","protected":false},"featured_media":5946530,"comment_status":"open","ping_status":"closed","template":"","meta":[],"product_brand":[3001],"product_cat":[1857],"product_tag":[],"class_list":{"0":"post-744473","1":"product","2":"type-product","3":"status-publish","4":"has-post-thumbnail","6":"product_brand-helly-hansen-hr","7":"product_cat-jedrilicarska-odjeca-helly-hansen","9":"first","10":"instock","11":"shipping-taxable","12":"purchasable","13":"product-type-simple"},"_links":{"self":[{"href":"https:\/\/stoic-curie.212-227-153-4.plesk.page\/hr\/wp-json\/wp\/v2\/product\/744473","targetHints":{"allow":["GET"]}}],"collection":[{"href":"https:\/\/stoic-curie.212-227-153-4.plesk.page\/hr\/wp-json\/wp\/v2\/product"}],"about":[{"href":"https:\/\/stoic-curie.212-227-153-4.plesk.page\/hr\/wp-json\/wp\/v2\/types\/product"}],"replies":[{"embeddable":true,"href":"https:\/\/stoic-curie.212-227-153-4.plesk.page\/hr\/wp-json\/wp\/v2\/comments?post=744473"}],"version-history":[{"count":0,"href":"https:\/\/stoic-curie.212-227-153-4.plesk.page\/hr\/wp-json\/wp\/v2\/product\/744473\/revisions"}],"wp:featuredmedia":[{"embeddable":true,"href":"https:\/\/stoic-curie.212-227-153-4.plesk.page\/hr\/wp-json\/wp\/v2\/media\/5946530"}],"wp:attachment":[{"href":"https:\/\/stoic-curie.212-227-153-4.plesk.page\/hr\/wp-json\/wp\/v2\/media?parent=744473"}],"wp:term":[{"taxonomy":"product_brand","embeddable":true,"href":"https:\/\/stoic-curie.212-227-153-4.plesk.page\/hr\/wp-json\/wp\/v2\/product_brand?post=744473"},{"taxonomy":"product_cat","embeddable":true,"href":"https:\/\/stoic-curie.212-227-153-4.plesk.page\/hr\/wp-json\/wp\/v2\/product_cat?post=744473"},{"taxonomy":"product_tag","embeddable":true,"href":"https:\/\/stoic-curie.212-227-153-4.plesk.page\/hr\/wp-json\/wp\/v2\/product_tag?post=744473"}],"curies":[{"name":"wp","href":"https:\/\/api.w.org\/{rel}","templated":true}]}}