{"id":744474,"date":"2025-03-03T19:20:42","date_gmt":"2025-03-03T18:20:42","guid":{"rendered":"https:\/\/stoic-curie.212-227-153-4.plesk.page\/producto\/offshore-jakna-helly-hansen-skagen-red-velicina-xl\/"},"modified":"2026-02-25T00:01:14","modified_gmt":"2026-02-25T00:01:14","slug":"offshore-jakna-helly-hansen-skagen-red-velicina-xl","status":"publish","type":"product","link":"https:\/\/stoic-curie.212-227-153-4.plesk.page\/hr\/product\/offshore-jakna-helly-hansen-skagen-red-velicina-xl\/","title":{"rendered":"Offshore jakna Helly Hansen Skagen Red, velicina : XL"},"content":{"rendered":"<p>Offshore jakna Helly Hansen Skagen Red, velicina : XL &#8211; <\/p>\n<p>Helly Hansen Skagen Offshore jakna za plovidbu otvorenim morem i obalom s potpunom za\u0161titom od vjetra i valova. Izra\u0111ena od 2 sloja tkanine s dugotrajnom vodoodbojnom (DWR) obradom, vodootporna je, otpornija na vjetar i prozra\u010dna. Ova jakna ima potpuno zape\u010da\u0107ene \u0161avove, brzo su\u0161e\u0107u mre\u017eastu podlogu, poja\u010danje u donjem dijelu le\u0111a, dvostruku za\u0161titu od oluje, dvostruko prilagodljive man\u017eete, artikulirane rukave, d\u017eepove na prsima s vodoodpornim patentnim zatvara\u010dem, d\u017eepove za grijanje ruku s flis oblogom, velike cargo d\u017eepove, visoki ovratnik s za\u0161titom lica, EN471 visoko vidljivu podesivu kapu i refleksivne elemente uskla\u0111ene s Solas normama.<\/p>\n","protected":false},"excerpt":{"rendered":"<p>Offshore jakna Helly Hansen Skagen Red, velicina : XL &#8211; Helly Hansen Skagen Offshore jakna za plovidbu otvorenim morem i<\/p>\n","protected":false},"featured_media":5946530,"comment_status":"open","ping_status":"closed","template":"","meta":[],"product_brand":[3001],"product_cat":[1857],"product_tag":[],"class_list":{"0":"post-744474","1":"product","2":"type-product","3":"status-publish","4":"has-post-thumbnail","6":"product_brand-helly-hansen-hr","7":"product_cat-jedrilicarska-odjeca-helly-hansen","9":"first","10":"instock","11":"shipping-taxable","12":"purchasable","13":"product-type-simple"},"_links":{"self":[{"href":"https:\/\/stoic-curie.212-227-153-4.plesk.page\/hr\/wp-json\/wp\/v2\/product\/744474","targetHints":{"allow":["GET"]}}],"collection":[{"href":"https:\/\/stoic-curie.212-227-153-4.plesk.page\/hr\/wp-json\/wp\/v2\/product"}],"about":[{"href":"https:\/\/stoic-curie.212-227-153-4.plesk.page\/hr\/wp-json\/wp\/v2\/types\/product"}],"replies":[{"embeddable":true,"href":"https:\/\/stoic-curie.212-227-153-4.plesk.page\/hr\/wp-json\/wp\/v2\/comments?post=744474"}],"version-history":[{"count":0,"href":"https:\/\/stoic-curie.212-227-153-4.plesk.page\/hr\/wp-json\/wp\/v2\/product\/744474\/revisions"}],"wp:featuredmedia":[{"embeddable":true,"href":"https:\/\/stoic-curie.212-227-153-4.plesk.page\/hr\/wp-json\/wp\/v2\/media\/5946530"}],"wp:attachment":[{"href":"https:\/\/stoic-curie.212-227-153-4.plesk.page\/hr\/wp-json\/wp\/v2\/media?parent=744474"}],"wp:term":[{"taxonomy":"product_brand","embeddable":true,"href":"https:\/\/stoic-curie.212-227-153-4.plesk.page\/hr\/wp-json\/wp\/v2\/product_brand?post=744474"},{"taxonomy":"product_cat","embeddable":true,"href":"https:\/\/stoic-curie.212-227-153-4.plesk.page\/hr\/wp-json\/wp\/v2\/product_cat?post=744474"},{"taxonomy":"product_tag","embeddable":true,"href":"https:\/\/stoic-curie.212-227-153-4.plesk.page\/hr\/wp-json\/wp\/v2\/product_tag?post=744474"}],"curies":[{"name":"wp","href":"https:\/\/api.w.org\/{rel}","templated":true}]}}