{"id":744476,"date":"2025-03-03T19:20:43","date_gmt":"2025-03-03T18:20:43","guid":{"rendered":"https:\/\/stoic-curie.212-227-153-4.plesk.page\/producto\/prenosni-hladnjak-vitrifrigo-c65d-12-24v\/"},"modified":"2026-02-25T00:01:14","modified_gmt":"2026-02-25T00:01:14","slug":"prenosni-hladnjak-vitrifrigo-c65d-12-24v","status":"publish","type":"product","link":"https:\/\/stoic-curie.212-227-153-4.plesk.page\/hr\/product\/prenosni-hladnjak-vitrifrigo-c65d-12-24v\/","title":{"rendered":"Prijenosni hladnjak Vitrifrigo C65D"},"content":{"rendered":"<p>Prijenosni hladnjak Vitrifrigo C65D &#8211; <\/p>\n<p>Predstavljamo C65D prijenosni hladnjak i zamrziva\u010d tvrtke Vitrifrigo, dizajniran za posebne instalacije. Ovaj prijenosni hladnjak\/zamrziva\u010d ima jedinicu za hla\u0111enje Danfoss s dvostrukim naponom koja radi na 12\/24V.<\/p>\n<p>Unutarnju temperaturu mo\u017eete lako podesiti izme\u0111u +10\u00b0C i -20\u00b0C pomo\u0107u LED termostata ili digitalnog prikaza. Ure\u0111aj tro\u0161i 45W snage.<\/p>\n<p>C65D model opremljen je digitalnim termostatom, dok C65L ima LED termostat.<\/p>\n<p>C65D prijenosni hladnjak-zamrziva\u010d odli\u010dan je izbor za potrebe pohrane hrane dok ste u pokretu. S prostranim kapacitetom od 65 litara i te\u017einom od 24 kg, nudi dovoljno prostora za raznoliku hranu i pi\u0107a.<\/p>\n<p>Podesivi digitalni termostat omogu\u0107uje vam postavljanje savr\u0161ene temperature izme\u0111u +10\u00b0C i -20\u00b0C, osiguravaju\u0107i da va\u0161i artikli ostanu svje\u017ei.<\/p>\n<p>Za dodatnu udobnost, uklonjiva ko\u0161ara poma\u017ee vam organizirati hranu, a unutarnje LED svjetlo osigurava da mo\u017eete vidjeti sve unutra, \u010dak i pri slabom osvjetljenju.<\/p>\n<p><strong>Specifikacije:<\/strong><\/p>\n<ul>\n<li><strong>Zavr\u0161na obrada vrata:<\/strong> ABS<\/li>\n<li><strong>Kapacitet:<\/strong> 65 litara<\/li>\n<li><strong>Visina:<\/strong> 458 mm<\/li>\n<li><strong>Duljina:<\/strong> 765 mm<\/li>\n<li><strong>Dubina:<\/strong> 510 mm<\/li>\n<li><strong>Te\u017eina:<\/strong> 24 kg<\/li>\n<li><strong>Serija:<\/strong> VFREE<\/li>\n<li><strong>Obrtna vrata:<\/strong> Ne<\/li>\n<li><strong>Termostat:<\/strong> Digitalni<\/li>\n<li><strong>Tehnologija hla\u0111enja:<\/strong> Kompresor<\/li>\n<li><strong>Jedinica za hla\u0111enje:<\/strong> Unutarnja<\/li>\n<li><strong>Otvor vrata:<\/strong> U kokpitu<\/li>\n<li><strong>Napon:<\/strong> 12\/24 VDC<\/li>\n<\/ul>\n<p>Ovaj prijenosni hladnjak-zamrziva\u010d pouzdano je rje\u0161enje za odr\u017eavanje va\u0161e hrane i pi\u0107a hladnima, bez obzira kamo vas avanture odvedu.<\/p>\n","protected":false},"excerpt":{"rendered":"<p>Prijenosni hladnjak Vitrifrigo C65D &#8211; Predstavljamo C65D prijenosni hladnjak i zamrziva\u010d tvrtke Vitrifrigo, dizajniran za posebne instalacije. Ovaj prijenosni hladnjak\/zamrziva\u010d<\/p>\n","protected":false},"featured_media":5935946,"comment_status":"open","ping_status":"closed","template":"","meta":[],"product_brand":[3526],"product_cat":[1646,1751],"product_tag":[],"class_list":{"0":"post-744476","1":"product","2":"type-product","3":"status-publish","4":"has-post-thumbnail","6":"product_brand-vitrifrigo-hr","7":"product_cat-cool-box-hladnjaci","8":"product_cat-hladnjaci-i-zamrzivaci","10":"first","11":"instock","12":"shipping-taxable","13":"purchasable","14":"product-type-simple"},"_links":{"self":[{"href":"https:\/\/stoic-curie.212-227-153-4.plesk.page\/hr\/wp-json\/wp\/v2\/product\/744476","targetHints":{"allow":["GET"]}}],"collection":[{"href":"https:\/\/stoic-curie.212-227-153-4.plesk.page\/hr\/wp-json\/wp\/v2\/product"}],"about":[{"href":"https:\/\/stoic-curie.212-227-153-4.plesk.page\/hr\/wp-json\/wp\/v2\/types\/product"}],"replies":[{"embeddable":true,"href":"https:\/\/stoic-curie.212-227-153-4.plesk.page\/hr\/wp-json\/wp\/v2\/comments?post=744476"}],"version-history":[{"count":0,"href":"https:\/\/stoic-curie.212-227-153-4.plesk.page\/hr\/wp-json\/wp\/v2\/product\/744476\/revisions"}],"wp:featuredmedia":[{"embeddable":true,"href":"https:\/\/stoic-curie.212-227-153-4.plesk.page\/hr\/wp-json\/wp\/v2\/media\/5935946"}],"wp:attachment":[{"href":"https:\/\/stoic-curie.212-227-153-4.plesk.page\/hr\/wp-json\/wp\/v2\/media?parent=744476"}],"wp:term":[{"taxonomy":"product_brand","embeddable":true,"href":"https:\/\/stoic-curie.212-227-153-4.plesk.page\/hr\/wp-json\/wp\/v2\/product_brand?post=744476"},{"taxonomy":"product_cat","embeddable":true,"href":"https:\/\/stoic-curie.212-227-153-4.plesk.page\/hr\/wp-json\/wp\/v2\/product_cat?post=744476"},{"taxonomy":"product_tag","embeddable":true,"href":"https:\/\/stoic-curie.212-227-153-4.plesk.page\/hr\/wp-json\/wp\/v2\/product_tag?post=744476"}],"curies":[{"name":"wp","href":"https:\/\/api.w.org\/{rel}","templated":true}]}}