{"id":744477,"date":"2025-03-03T19:20:43","date_gmt":"2025-03-03T18:20:43","guid":{"rendered":"https:\/\/stoic-curie.212-227-153-4.plesk.page\/producto\/klimatizacijski-sustav-vitrifrigo-macs-12000\/"},"modified":"2026-02-25T00:01:14","modified_gmt":"2026-02-25T00:01:14","slug":"klimatizacijski-sustav-vitrifrigo-macs-12000","status":"publish","type":"product","link":"https:\/\/stoic-curie.212-227-153-4.plesk.page\/hr\/product\/klimatizacijski-sustav-vitrifrigo-macs-12000\/","title":{"rendered":"Klimatizacijski sustav Vitrifrigo MACS 12000"},"content":{"rendered":"<p>Klimatizacijski sustav Vitrifrigo MACS 12000 &#8211; <\/p>\n<p style=\"color: rgb(34, 34, 34); font-family: Arial, Helvetica, sans-serif; font-size: small;\">Vitrifrigo MACS 12000 klima ure\u0111aj posebno je dizajniran za pomorske primjene, \u010dine\u0107i ga izvrsnim izborom za hla\u0111enje jedne ili dvije susjedne prostorije. Ovaj sustav radi koriste\u0107i morevodeni krug, djeluju\u0107i i kao klima ure\u0111aj koji osigurava hladan zrak i kao grija\u010d koji isporu\u010duje topli zrak.<\/p>\n<p style=\"color: rgb(34, 34, 34); font-family: Arial, Helvetica, sans-serif; font-size: small;\">Ova kompaktna monoblok jedinica uklju\u010duje kompresor, kondenzator, ispariva\u010d, ventilator i kontrolnu plo\u010du, zajedno s 3-metra produ\u017enim kabelom i daljinskim upravlja\u010dem. Elektri\u010dna plo\u010da ima 1,2 metra produ\u017eetka i radi s napajanjem 220V\/890W\/4A (ili 1100W\/4.7A u re\u017eimu grijanja), prikladno za kori\u0161tenje s kopnenom energijom ili generatorom. Brzina protoka zraka iznosi 540 kubi\u010dnih metara na sat. Imajte na umu da se ova jedinica isporu\u010duje bez dodataka kao \u0161to su crijeva, re\u0161etke, vodene pumpe, filtri i usisni filteri, koji se moraju kupiti odvojeno. Vitrifrigo MACS 12000 osigurava optimalnu udobnost i dobrobit na brodu, \u010dak i u ekstremnim vremenskim uvjetima, s kapacitetom hla\u0111enja od 12.000 BTU\/h, \u0161to ga \u010dini idealnim za prostore do 25 \u010detvornih metara.<\/p>\n<p style=\"color: rgb(34, 34, 34); font-family: Arial, Helvetica, sans-serif; font-size: small;\">Monoblok struktura, koja integrira kompresor, kondenzator, ispariva\u010d i ventilator, pobolj\u0161ava svestranost jedinice za sezonsku upotrebu, posebno u pomorskim instalacijama.<\/p>\n<p style=\"color: rgb(34, 34, 34); font-family: Arial, Helvetica, sans-serif; font-size: small;\">Sustav ima digitalnu kontrolu temperature i LCD ekran koji osigurava preciznu i jednostavnu upotrebu. Njegov ekolo\u0161ki dizajn koristi rashladno sredstvo R410A s niskim emisijama stakleni\u010dkih plinova, u skladu s globalnim ekolo\u0161kim standardima.<\/p>\n<p style=\"color: rgb(34, 34, 34); font-family: Arial, Helvetica, sans-serif; font-size: small;\">S mogu\u0107no\u0161\u0107u kru\u017eenja zraka kroz izolirane kanale i distribucije putem difuznih re\u0161etki, ovaj klima ure\u0111aj pru\u017ea personaliziranu udobnost za korisnike.<\/p>\n<p style=\"color: rgb(34, 34, 34); font-family: Arial, Helvetica, sans-serif; font-size: small;\">Odabirom Vitrifrigo MACS 12000 ozna\u010dava se opredijeljenost prema kvalitetnim i ekolo\u0161ki odgovornim rje\u0161enjima hla\u0111enja.<\/p>\n<p style=\"color: rgb(34, 34, 34); font-family: Arial, Helvetica, sans-serif; font-size: small;\"> <strong>Specifikacije:<\/strong> <\/p>\n<ul style=\"color: rgb(34, 34, 34); font-family: Arial, Helvetica, sans-serif; font-size: small;\">\n<li>Serija: MACS<\/li>\n<li>Povratna vrata: Ne<\/li>\n<li>Termostat: Digitalni<\/li>\n<li>Tehnologija hla\u0111enja: Kompresor<\/li>\n<li>Napon: 230 VAC<\/li>\n<\/ul>\n","protected":false},"excerpt":{"rendered":"<p>Klimatizacijski sustav Vitrifrigo MACS 12000 &#8211; Vitrifrigo MACS 12000 klima ure\u0111aj posebno je dizajniran za pomorske primjene, \u010dine\u0107i ga izvrsnim<\/p>\n","protected":false},"featured_media":5946545,"comment_status":"open","ping_status":"closed","template":"","meta":[],"product_brand":[3526],"product_cat":[1647],"product_tag":[],"class_list":{"0":"post-744477","1":"product","2":"type-product","3":"status-publish","4":"has-post-thumbnail","6":"product_brand-vitrifrigo-hr","7":"product_cat-uredaji-za-brodske-kuhinje","9":"first","10":"instock","11":"shipping-taxable","12":"purchasable","13":"product-type-simple"},"_links":{"self":[{"href":"https:\/\/stoic-curie.212-227-153-4.plesk.page\/hr\/wp-json\/wp\/v2\/product\/744477","targetHints":{"allow":["GET"]}}],"collection":[{"href":"https:\/\/stoic-curie.212-227-153-4.plesk.page\/hr\/wp-json\/wp\/v2\/product"}],"about":[{"href":"https:\/\/stoic-curie.212-227-153-4.plesk.page\/hr\/wp-json\/wp\/v2\/types\/product"}],"replies":[{"embeddable":true,"href":"https:\/\/stoic-curie.212-227-153-4.plesk.page\/hr\/wp-json\/wp\/v2\/comments?post=744477"}],"version-history":[{"count":0,"href":"https:\/\/stoic-curie.212-227-153-4.plesk.page\/hr\/wp-json\/wp\/v2\/product\/744477\/revisions"}],"wp:featuredmedia":[{"embeddable":true,"href":"https:\/\/stoic-curie.212-227-153-4.plesk.page\/hr\/wp-json\/wp\/v2\/media\/5946545"}],"wp:attachment":[{"href":"https:\/\/stoic-curie.212-227-153-4.plesk.page\/hr\/wp-json\/wp\/v2\/media?parent=744477"}],"wp:term":[{"taxonomy":"product_brand","embeddable":true,"href":"https:\/\/stoic-curie.212-227-153-4.plesk.page\/hr\/wp-json\/wp\/v2\/product_brand?post=744477"},{"taxonomy":"product_cat","embeddable":true,"href":"https:\/\/stoic-curie.212-227-153-4.plesk.page\/hr\/wp-json\/wp\/v2\/product_cat?post=744477"},{"taxonomy":"product_tag","embeddable":true,"href":"https:\/\/stoic-curie.212-227-153-4.plesk.page\/hr\/wp-json\/wp\/v2\/product_tag?post=744477"}],"curies":[{"name":"wp","href":"https:\/\/api.w.org\/{rel}","templated":true}]}}