{"id":744485,"date":"2025-03-03T19:20:45","date_gmt":"2025-03-03T18:20:45","guid":{"rendered":"https:\/\/stoic-curie.212-227-153-4.plesk.page\/producto\/dalekozor-konus-konusvue-7-x-50\/"},"modified":"2026-02-25T00:01:14","modified_gmt":"2026-02-25T00:01:14","slug":"dalekozor-konus-konusvue-7-x-50","status":"publish","type":"product","link":"https:\/\/stoic-curie.212-227-153-4.plesk.page\/hr\/product\/dalekozor-konus-konusvue-7-x-50\/","title":{"rendered":"Dalekozor Konus KONUSVUE 7 x 50"},"content":{"rendered":"<p>Dalekozor Konus KONUSVUE 7 x 50 &#8211; <\/p>\n<p>Dalekozori s centralnim fokus sistemom i izuzetno svijetlom optikom za visoku razlu\u010divost o\u0161tre slike. \u010cvrsta, gumirana konstrukcija otporna na udarce za bolji hvat. Isporu\u010duje se s etuijem, remenom za rame i za\u0161titnim poklopcem za le\u0107e.<\/p>\n","protected":false},"excerpt":{"rendered":"<p>Dalekozor Konus KONUSVUE 7 x 50 &#8211; Dalekozori s centralnim fokus sistemom i izuzetno svijetlom optikom za visoku razlu\u010divost o\u0161tre<\/p>\n","protected":false},"featured_media":5946559,"comment_status":"open","ping_status":"closed","template":"","meta":[],"product_brand":[3056],"product_cat":[1779],"product_tag":[],"class_list":{"0":"post-744485","1":"product","2":"type-product","3":"status-publish","4":"has-post-thumbnail","6":"product_brand-konus-hr","7":"product_cat-brodski-dalekozor","9":"first","10":"instock","11":"shipping-taxable","12":"purchasable","13":"product-type-simple"},"_links":{"self":[{"href":"https:\/\/stoic-curie.212-227-153-4.plesk.page\/hr\/wp-json\/wp\/v2\/product\/744485","targetHints":{"allow":["GET"]}}],"collection":[{"href":"https:\/\/stoic-curie.212-227-153-4.plesk.page\/hr\/wp-json\/wp\/v2\/product"}],"about":[{"href":"https:\/\/stoic-curie.212-227-153-4.plesk.page\/hr\/wp-json\/wp\/v2\/types\/product"}],"replies":[{"embeddable":true,"href":"https:\/\/stoic-curie.212-227-153-4.plesk.page\/hr\/wp-json\/wp\/v2\/comments?post=744485"}],"version-history":[{"count":0,"href":"https:\/\/stoic-curie.212-227-153-4.plesk.page\/hr\/wp-json\/wp\/v2\/product\/744485\/revisions"}],"wp:featuredmedia":[{"embeddable":true,"href":"https:\/\/stoic-curie.212-227-153-4.plesk.page\/hr\/wp-json\/wp\/v2\/media\/5946559"}],"wp:attachment":[{"href":"https:\/\/stoic-curie.212-227-153-4.plesk.page\/hr\/wp-json\/wp\/v2\/media?parent=744485"}],"wp:term":[{"taxonomy":"product_brand","embeddable":true,"href":"https:\/\/stoic-curie.212-227-153-4.plesk.page\/hr\/wp-json\/wp\/v2\/product_brand?post=744485"},{"taxonomy":"product_cat","embeddable":true,"href":"https:\/\/stoic-curie.212-227-153-4.plesk.page\/hr\/wp-json\/wp\/v2\/product_cat?post=744485"},{"taxonomy":"product_tag","embeddable":true,"href":"https:\/\/stoic-curie.212-227-153-4.plesk.page\/hr\/wp-json\/wp\/v2\/product_tag?post=744485"}],"curies":[{"name":"wp","href":"https:\/\/api.w.org\/{rel}","templated":true}]}}