{"id":744488,"date":"2025-03-03T19:23:18","date_gmt":"2025-03-03T18:23:18","guid":{"rendered":"https:\/\/stoic-curie.212-227-153-4.plesk.page\/producto\/prenosni-hladnjak-vitrifrigo-c29d\/"},"modified":"2026-02-25T00:01:14","modified_gmt":"2026-02-25T00:01:14","slug":"prenosni-hladnjak-vitrifrigo-c29d","status":"publish","type":"product","link":"https:\/\/stoic-curie.212-227-153-4.plesk.page\/hr\/product\/prenosni-hladnjak-vitrifrigo-c29d\/","title":{"rendered":"Prijenosni hladnjak Vitrifrigo C29D"},"content":{"rendered":"<p>Prijenosni hladnjak Vitrifrigo C29D &#8211; <\/p>\n<p><strong>Prijenosni Hladnjak \/ Zamrziva\u010d Vitrifrigo C29D<\/strong><\/p>\n<p>Vitrifrigo C29D je vrlo prilagodljiv prijenosni hladnjak\/zamrziva\u010d koji sadr\u017ei digitalni termostat i multivoltni Danfoss sustav hla\u0111enja, prikladan za napajanje od 12V, 24V i 220V. Unutarnju temperaturu mo\u017eete prikladno mijenjati od +10\u00b0C do -15\u00b0C koriste\u0107i mehani\u010dki prekida\u010d ili digitalno su\u010delje. Ure\u0111aj radi uz potro\u0161nju od 48W.<\/p>\n<p><strong>Tehni\u010dke specifikacije:<\/strong><\/p>\n<ul>\n<li><strong>Ukupni Kapacitet:<\/strong> 29 litara<\/li>\n<li><strong>Neto Te\u017eina:<\/strong> 15 kg<\/li>\n<li><strong>Izvor Napajanja:<\/strong> 12\/24V DC &#8211; 100-240V AC, 50\/60Hz<\/li>\n<li><strong>Nominalna Potro\u0161nja:<\/strong> 48W<\/li>\n<li><strong>Dimenzije:<\/strong>\n<ul>\n<li>\u0160irina: 530 mm<\/li>\n<li>Visina: 390 mm<\/li>\n<li>Dubina: 345 mm<\/li>\n<\/ul>\n<\/li>\n<li><strong>Raspon Unutarnje Temperature:<\/strong> +10\u00b0C do -15\u00b0C<\/li>\n<\/ul>\n<p>Ovaj hladnjak\/zamrziva\u010d predstavlja izvrsnu opciju za vlasnike plovila koji tra\u017ee pouzdana i u\u010dinkovita rje\u0161enja za hla\u0111enje dok plove.<\/p>\n","protected":false},"excerpt":{"rendered":"<p>Prijenosni hladnjak Vitrifrigo C29D &#8211; Prijenosni Hladnjak \/ Zamrziva\u010d Vitrifrigo C29D Vitrifrigo C29D je vrlo prilagodljiv prijenosni hladnjak\/zamrziva\u010d koji sadr\u017ei<\/p>\n","protected":false},"featured_media":5938817,"comment_status":"open","ping_status":"closed","template":"","meta":[],"product_brand":[3526],"product_cat":[1646,1751],"product_tag":[],"class_list":{"0":"post-744488","1":"product","2":"type-product","3":"status-publish","4":"has-post-thumbnail","6":"product_brand-vitrifrigo-hr","7":"product_cat-cool-box-hladnjaci","8":"product_cat-hladnjaci-i-zamrzivaci","10":"first","11":"instock","12":"shipping-taxable","13":"purchasable","14":"product-type-simple"},"_links":{"self":[{"href":"https:\/\/stoic-curie.212-227-153-4.plesk.page\/hr\/wp-json\/wp\/v2\/product\/744488","targetHints":{"allow":["GET"]}}],"collection":[{"href":"https:\/\/stoic-curie.212-227-153-4.plesk.page\/hr\/wp-json\/wp\/v2\/product"}],"about":[{"href":"https:\/\/stoic-curie.212-227-153-4.plesk.page\/hr\/wp-json\/wp\/v2\/types\/product"}],"replies":[{"embeddable":true,"href":"https:\/\/stoic-curie.212-227-153-4.plesk.page\/hr\/wp-json\/wp\/v2\/comments?post=744488"}],"version-history":[{"count":0,"href":"https:\/\/stoic-curie.212-227-153-4.plesk.page\/hr\/wp-json\/wp\/v2\/product\/744488\/revisions"}],"wp:featuredmedia":[{"embeddable":true,"href":"https:\/\/stoic-curie.212-227-153-4.plesk.page\/hr\/wp-json\/wp\/v2\/media\/5938817"}],"wp:attachment":[{"href":"https:\/\/stoic-curie.212-227-153-4.plesk.page\/hr\/wp-json\/wp\/v2\/media?parent=744488"}],"wp:term":[{"taxonomy":"product_brand","embeddable":true,"href":"https:\/\/stoic-curie.212-227-153-4.plesk.page\/hr\/wp-json\/wp\/v2\/product_brand?post=744488"},{"taxonomy":"product_cat","embeddable":true,"href":"https:\/\/stoic-curie.212-227-153-4.plesk.page\/hr\/wp-json\/wp\/v2\/product_cat?post=744488"},{"taxonomy":"product_tag","embeddable":true,"href":"https:\/\/stoic-curie.212-227-153-4.plesk.page\/hr\/wp-json\/wp\/v2\/product_tag?post=744488"}],"curies":[{"name":"wp","href":"https:\/\/api.w.org\/{rel}","templated":true}]}}