{"id":744489,"date":"2025-03-03T19:23:18","date_gmt":"2025-03-03T18:23:18","guid":{"rendered":"https:\/\/stoic-curie.212-227-153-4.plesk.page\/producto\/prenosni-hladnjak-vitrifrigo-c41d\/"},"modified":"2026-02-25T00:01:14","modified_gmt":"2026-02-25T00:01:14","slug":"prenosni-hladnjak-vitrifrigo-c41d","status":"publish","type":"product","link":"https:\/\/stoic-curie.212-227-153-4.plesk.page\/hr\/product\/prenosni-hladnjak-vitrifrigo-c41d\/","title":{"rendered":"Prijenosni hladnjak Vitrifrigo C41D"},"content":{"rendered":"<p>Prijenosni hladnjak Vitrifrigo C41D &#8211; <\/p>\n<p><strong style=\"color: rgb(34, 34, 34); font-family: Arial, Helvetica, sans-serif; font-size: small;\">Prijenosni hladnjak i zamrziva\u010d<\/strong><span style=\"color: rgb(34, 34, 34); font-family: Arial, Helvetica, sans-serif; font-size: small; font-weight: 700;\"> Vitrifrigo C41D<\/span><\/p>\n<p style=\"color: rgb(34, 34, 34); font-family: Arial, Helvetica, sans-serif; font-size: small;\">Ovaj prijenosni hladnjak i zamrziva\u010d ima digitalni termostat i sustav s dvojnom napajanjem (12\/24V) s Danfoss rashladnom jedinicom. Lako mo\u017eete podesiti unutarnju temperaturu izme\u0111u +10\u00b0C i -10\u00b0C koriste\u0107i LED termostat ili digitalni prikaz. Ima potro\u0161nju energije od 43W.<\/p>\n<p style=\"color: rgb(34, 34, 34); font-family: Arial, Helvetica, sans-serif; font-size: small;\">S kapacitetom od 41 litra, ovaj prijenosni hladnjak izra\u0111en je od visokotla\u010dnog polietilena, \u0161to osigurava trajnost i otpornost. Uklju\u010duje prakti\u010dne ru\u010dke i prostranu unutarnju ko\u0161aru, \u0161to ga \u010dini idealnim za transport hrane, zamrznutih namirnica, lijekova i svakog drugog sadr\u017eaja koji zahtijeva stabilnu temperaturu.<\/p>\n<p style=\"color: rgb(34, 34, 34); font-family: Arial, Helvetica, sans-serif; font-size: small;\">Dostupan u tri razli\u010dita modela i veli\u010dine, ovi hladnjaci dizajnirani su pomo\u0107u sustava roto-lijevanja, \u0161to pove\u0107ava njihovu trajnost i eficijentnost uz o\u010duvanje atraktivnog izgleda. Podesivi temperaturni raspon omogu\u0107ava vam da dr\u017eite stavke hladnima ili smrznutima.<\/p>\n<p style=\"color: rgb(34, 34, 34); font-family: Arial, Helvetica, sans-serif; font-size: small;\">Ovi hladnjaci mogu se smjestiti u prostore gdje standardne jedinice mo\u017eda ne staju, zahvaljuju\u0107i zna\u010dajkama poput uklonjivih unutarnjih kanti (BRK 35 i C47) i kliznih otvora (C33ip). Dolaze unaprijed napunjeni R134a rashladnim sredstvom.<\/p>\n<p style=\"color: rgb(34, 34, 34); font-family: Arial, Helvetica, sans-serif; font-size: small;\"><strong>Tehni\u010dki podaci:<\/strong><\/p>\n<ul style=\"color: rgb(34, 34, 34); font-family: Arial, Helvetica, sans-serif; font-size: small;\">\n<li>Ukupni kapacitet: 41 litra<\/li>\n<li>Neto te\u017eina: 17 kg<\/li>\n<li>Napajanje: 12\/24Vdc (dostupno i s bivalentnom kontrolnom jedinicom za 12\/24Vdc &#8211; 100-240Vac 50\/60Hz)<\/li>\n<li>Rated potro\u0161nja energije: 43W<\/li>\n<li>Ukupna \u0161irina: 650 mm<\/li>\n<li>Ukupna visina: 400 mm<\/li>\n<li>Ukupna dubina: 385 mm<\/li>\n<li>Unutarnji temperaturni raspon: +10\u00b0C do -10\u00b0C<\/li>\n<\/ul>\n<p style=\"color: rgb(34, 34, 34); font-family: Arial, Helvetica, sans-serif; font-size: small;\"><strong>Zna\u010dajke i prednosti:<\/strong><\/p>\n<ul style=\"color: rgb(34, 34, 34); font-family: Arial, Helvetica, sans-serif; font-size: small;\">\n<li><strong>D Power (opcionalno):<\/strong> Bivalentna kontrolna jedinica za 12\/24Vdc &#8211; 100-240Vac 50\/60Hz.<\/li>\n<li><strong>Ru\u010dke (standardno):<\/strong> Opremljene su ru\u010dkama za lak\u0161i transport.<\/li>\n<li><strong>Ko\u0161ara za pohranu (standardno):<\/strong> Uklju\u010duje prakti\u010dnu ko\u0161aru od \u010deli\u010dne \u017eice.<\/li>\n<li><strong>Oporavni nosa\u010d (standardno):<\/strong> Dr\u017ea\u010d osigurava hladnjak na svom mjestu.<\/li>\n<li><strong>Kabel za akumulator (standardno):<\/strong> Dolazi s kablom za napajanje iz akumulatora s univerzalnim utika\u010dem za cigaretu.<\/li>\n<li><strong>Digitalni termostat:<\/strong> Omogu\u0107ava precizna pode\u0161avanja temperature prema va\u0161im potrebama.<\/li>\n<li><strong>LED svjetlo (standardno):<\/strong> Energetski u\u010dinkovito i niske potro\u0161nje.<\/li>\n<\/ul>\n","protected":false},"excerpt":{"rendered":"<p>Prijenosni hladnjak Vitrifrigo C41D &#8211; Prijenosni hladnjak i zamrziva\u010d Vitrifrigo C41D Ovaj prijenosni hladnjak i zamrziva\u010d ima digitalni termostat i<\/p>\n","protected":false},"featured_media":5946562,"comment_status":"open","ping_status":"closed","template":"","meta":[],"product_brand":[3526],"product_cat":[1646,1751],"product_tag":[],"class_list":{"0":"post-744489","1":"product","2":"type-product","3":"status-publish","4":"has-post-thumbnail","6":"product_brand-vitrifrigo-hr","7":"product_cat-cool-box-hladnjaci","8":"product_cat-hladnjaci-i-zamrzivaci","10":"first","11":"instock","12":"shipping-taxable","13":"purchasable","14":"product-type-simple"},"_links":{"self":[{"href":"https:\/\/stoic-curie.212-227-153-4.plesk.page\/hr\/wp-json\/wp\/v2\/product\/744489","targetHints":{"allow":["GET"]}}],"collection":[{"href":"https:\/\/stoic-curie.212-227-153-4.plesk.page\/hr\/wp-json\/wp\/v2\/product"}],"about":[{"href":"https:\/\/stoic-curie.212-227-153-4.plesk.page\/hr\/wp-json\/wp\/v2\/types\/product"}],"replies":[{"embeddable":true,"href":"https:\/\/stoic-curie.212-227-153-4.plesk.page\/hr\/wp-json\/wp\/v2\/comments?post=744489"}],"version-history":[{"count":0,"href":"https:\/\/stoic-curie.212-227-153-4.plesk.page\/hr\/wp-json\/wp\/v2\/product\/744489\/revisions"}],"wp:featuredmedia":[{"embeddable":true,"href":"https:\/\/stoic-curie.212-227-153-4.plesk.page\/hr\/wp-json\/wp\/v2\/media\/5946562"}],"wp:attachment":[{"href":"https:\/\/stoic-curie.212-227-153-4.plesk.page\/hr\/wp-json\/wp\/v2\/media?parent=744489"}],"wp:term":[{"taxonomy":"product_brand","embeddable":true,"href":"https:\/\/stoic-curie.212-227-153-4.plesk.page\/hr\/wp-json\/wp\/v2\/product_brand?post=744489"},{"taxonomy":"product_cat","embeddable":true,"href":"https:\/\/stoic-curie.212-227-153-4.plesk.page\/hr\/wp-json\/wp\/v2\/product_cat?post=744489"},{"taxonomy":"product_tag","embeddable":true,"href":"https:\/\/stoic-curie.212-227-153-4.plesk.page\/hr\/wp-json\/wp\/v2\/product_tag?post=744489"}],"curies":[{"name":"wp","href":"https:\/\/api.w.org\/{rel}","templated":true}]}}