{"id":744490,"date":"2025-03-03T19:23:18","date_gmt":"2025-03-03T18:23:18","guid":{"rendered":"https:\/\/stoic-curie.212-227-153-4.plesk.page\/producto\/hladnjak-za-boce-vitrifrigo-dcw62-20-boca-12-24-220v\/"},"modified":"2026-02-25T00:01:14","modified_gmt":"2026-02-25T00:01:14","slug":"hladnjak-za-boce-vitrifrigo-dcw62-20-boca-12-24-220v","status":"publish","type":"product","link":"https:\/\/stoic-curie.212-227-153-4.plesk.page\/hr\/product\/hladnjak-za-boce-vitrifrigo-dcw62-20-boca-12-24-220v\/","title":{"rendered":"Vitrifrigo DCW62 hladnjak"},"content":{"rendered":"<p>Vitrifrigo DCW62 hladnjak &#8211; <\/p>\n<p style=\"color: rgb(34, 34, 34); font-family: Arial, Helvetica, sans-serif; font-size: small;\"><strong>Vinski Podrum za Plovila: DCW62 od Vitrifriga<\/strong><\/p>\n<p style=\"color: rgb(34, 34, 34); font-family: Arial, Helvetica, sans-serif; font-size: small;\">DCW62 Vinski Podrum, dio kolekcije vinskih podrumskih ure\u0111aja, nudi ukupni kapacitet od 62 litre, \u0161to omogu\u0107ava pohranu do 18 standardnih boca, svaka s promjerom od 76mm i visinom od 315mm. Ovaj vinski podrum odlikuje se vanj\u0161tinom od bru\u0161enog nehr\u0111aju\u0107eg \u010delika te radi na 12\/24\/220V Danfoss internom sustavu hla\u0111enja, \u0161to ga \u010dini savr\u0161enim za odr\u017eavanje vina i \u0161ampanjca na optimalnim temperaturama. Ima digitalni termostat koji omogu\u0107uje postavku temperature izme\u0111u +4\u00b0C i +18\u00b0C, dok pru\u017ea \u010da\u0161u s tamnim staklom koja \u0161titi od \u0161tetnih UV zraka.<\/p>\n<p style=\"color: rgb(34, 34, 34); font-family: Arial, Helvetica, sans-serif; font-size: small;\">Elegantna zavr\u0161na obrada od bru\u0161enog nehr\u0111aju\u0107eg \u010delika i tamno staklo ne samo da unapre\u0111uju njegov estetski izgled, ve\u0107 tako\u0111er osiguravaju za\u0161titu va\u0161eg vina od \u0161tetnog UV zra\u010denja.<\/p>\n<p style=\"color: rgb(34, 34, 34); font-family: Arial, Helvetica, sans-serif; font-size: small;\">S digitalnim termostatom, pode\u0161avanje unutarnje temperature je jednostavno, osiguravaju\u0107i da se svaki tip vina pohranjuje pod idealnim uvjetima.<\/p>\n<p style=\"color: rgb(34, 34, 34); font-family: Arial, Helvetica, sans-serif; font-size: small;\">Osim toga, DCW62 vinski podrum, posebno dizajniran za morske uvjete, uklju\u010duje sigurnosnu iglu &#8220;Pin Lock&#8221;. Ovaj mehanizam zaklju\u010davanja pove\u0107ava sigurnost vrata, spre\u010davaju\u0107i slu\u010dajno otvaranje tijekom plovidbe.<\/p>\n<p style=\"color: rgb(34, 34, 34); font-family: Arial, Helvetica, sans-serif; font-size: small;\"><strong>Tehni\u010dke specifikacije:<\/strong><\/p>\n<ul style=\"color: rgb(34, 34, 34); font-family: Arial, Helvetica, sans-serif; font-size: small;\">\n<li><strong>Zavr\u0161na obrada vrata:<\/strong>&nbsp;Staklo<\/li>\n<li><strong>Kapacitet:<\/strong>&nbsp;62 litara<\/li>\n<li><strong>Visina:<\/strong>&nbsp;670 mm<\/li>\n<li><strong>Du\u017eina:<\/strong>&nbsp;430 mm<\/li>\n<li><strong>Dubina:<\/strong>&nbsp;470 mm<\/li>\n<li><strong>Te\u017eina:<\/strong>&nbsp;21 kg<\/li>\n<li><strong>Serija:<\/strong>&nbsp;Vinski Podrumi<\/li>\n<li><strong>Reverzibilna vrata:<\/strong>&nbsp;Ne<\/li>\n<li><strong>Termostat:<\/strong>&nbsp;Digitalni<\/li>\n<li><strong>Tehnologija hla\u0111enja:<\/strong>&nbsp;Kompresor<\/li>\n<li><strong>Jedini\u010dna hla\u0111enja:<\/strong>&nbsp;Interna<\/li>\n<li><strong>Otvaranje vrata:<\/strong>&nbsp;Jedna prednja vrata<\/li>\n<li><strong>Napon:<\/strong>&nbsp;12\/24 VDC \u2013 100\/240 VAC<\/li>\n<\/ul>\n","protected":false},"excerpt":{"rendered":"<p>Vitrifrigo DCW62 hladnjak &#8211; Vinski Podrum za Plovila: DCW62 od Vitrifriga DCW62 Vinski Podrum, dio kolekcije vinskih podrumskih ure\u0111aja, nudi<\/p>\n","protected":false},"featured_media":5946565,"comment_status":"open","ping_status":"closed","template":"","meta":[],"product_brand":[3526],"product_cat":[1751],"product_tag":[],"class_list":{"0":"post-744490","1":"product","2":"type-product","3":"status-publish","4":"has-post-thumbnail","6":"product_brand-vitrifrigo-hr","7":"product_cat-hladnjaci-i-zamrzivaci","9":"first","10":"instock","11":"shipping-taxable","12":"purchasable","13":"product-type-simple"},"_links":{"self":[{"href":"https:\/\/stoic-curie.212-227-153-4.plesk.page\/hr\/wp-json\/wp\/v2\/product\/744490","targetHints":{"allow":["GET"]}}],"collection":[{"href":"https:\/\/stoic-curie.212-227-153-4.plesk.page\/hr\/wp-json\/wp\/v2\/product"}],"about":[{"href":"https:\/\/stoic-curie.212-227-153-4.plesk.page\/hr\/wp-json\/wp\/v2\/types\/product"}],"replies":[{"embeddable":true,"href":"https:\/\/stoic-curie.212-227-153-4.plesk.page\/hr\/wp-json\/wp\/v2\/comments?post=744490"}],"version-history":[{"count":0,"href":"https:\/\/stoic-curie.212-227-153-4.plesk.page\/hr\/wp-json\/wp\/v2\/product\/744490\/revisions"}],"wp:featuredmedia":[{"embeddable":true,"href":"https:\/\/stoic-curie.212-227-153-4.plesk.page\/hr\/wp-json\/wp\/v2\/media\/5946565"}],"wp:attachment":[{"href":"https:\/\/stoic-curie.212-227-153-4.plesk.page\/hr\/wp-json\/wp\/v2\/media?parent=744490"}],"wp:term":[{"taxonomy":"product_brand","embeddable":true,"href":"https:\/\/stoic-curie.212-227-153-4.plesk.page\/hr\/wp-json\/wp\/v2\/product_brand?post=744490"},{"taxonomy":"product_cat","embeddable":true,"href":"https:\/\/stoic-curie.212-227-153-4.plesk.page\/hr\/wp-json\/wp\/v2\/product_cat?post=744490"},{"taxonomy":"product_tag","embeddable":true,"href":"https:\/\/stoic-curie.212-227-153-4.plesk.page\/hr\/wp-json\/wp\/v2\/product_tag?post=744490"}],"curies":[{"name":"wp","href":"https:\/\/api.w.org\/{rel}","templated":true}]}}