{"id":744491,"date":"2025-03-03T19:23:18","date_gmt":"2025-03-03T18:23:18","guid":{"rendered":"https:\/\/stoic-curie.212-227-153-4.plesk.page\/producto\/instalacijski-kit-za-vitrifrigo-macs-12000\/"},"modified":"2026-02-25T00:01:14","modified_gmt":"2026-02-25T00:01:14","slug":"instalacijski-kit-za-vitrifrigo-macs-12000","status":"publish","type":"product","link":"https:\/\/stoic-curie.212-227-153-4.plesk.page\/hr\/product\/instalacijski-kit-za-vitrifrigo-macs-12000\/","title":{"rendered":"Instalacijski kit za Vitrifrigo Macs 12000"},"content":{"rendered":"<p>Instalacijski kit za Vitrifrigo Macs 12000 &#8211; <\/p>\n<p style=\"color: rgb(34, 34, 34); font-family: Arial, Helvetica, sans-serif; font-size: small;\">Komplet dodataka za klima ure\u0111aj od 12000 BTU\/h, Vitrifrigo<\/p>\n<p style=\"color: rgb(34, 34, 34); font-family: Arial, Helvetica, sans-serif; font-size: small;\">Komplet dodataka dizajniran za monoblok klima ure\u0111aj MACS 12000 sastoji se od sljede\u0107ih dijelova:<\/p>\n<ul style=\"color: rgb(34, 34, 34); font-family: Arial, Helvetica, sans-serif; font-size: small;\">\n<li>Ulazna cijev za morsku vodu (Kod: WP519504)<\/li>\n<li>Izlazna cijev za morsku vodu (Kod: WP519544)<\/li>\n<li>Menski ventil (Kod: WP519724)<\/li>\n<li>Filter za morsku vodu (Kod: WP519444)<\/li>\n<li>Port za crijevo (Kod: 7699-0016)<\/li>\n<li>Pumpa za morsku vodu (Kod: WPPMD421.230\/50)<\/li>\n<li>Crijeva za vodu (Kod: WP519912)<\/li>\n<li>Izolirani PVC kanal (Kod: 0702-0013)<\/li>\n<li>Usisne re\u0161etke (Kod: 0702-0006)<\/li>\n<li>Re\u0161etka za ispu\u0161tanje (Kod: 0702-0007)<\/li>\n<\/ul>\n<p style=\"color: rgb(34, 34, 34); font-family: Arial, Helvetica, sans-serif; font-size: small;\">Ovaj komplet dodataka je klju\u010dan za ispravno funkcioniranje klima ure\u0111aja MACS 12000. Uklju\u010duje:<\/p>\n<ul style=\"color: rgb(34, 34, 34); font-family: Arial, Helvetica, sans-serif; font-size: small;\">\n<li>\u010cetiri spojnika za cijevi na crijevo promjera 20 mm, ulaz za morsku vodu i mu\u0161ki ventil, svi izra\u0111eni od mesinga s navojem od 3\/4 in\u010da<\/li>\n<li>Ulazni fitting za morsku vodu od kromiranog mesinga promjera 3\/4 in\u010da<\/li>\n<li>Filter za morsku vodu s priklju\u010dcima od 3\/4 in\u010da<\/li>\n<li>Pumpe za morsku vodu 220V\/40W\/0.4A s dva priklju\u010dka promjera 20 mm<\/li>\n<li>10 metara duga spiralna crijeva za vodu (20 mm)<\/li>\n<li>5 metara fleksibilnog zra\u010dnog kanala (152 mm)<\/li>\n<li>Re\u0161etka za povrat zraka s dimenzijom okvira 335 x 335 mm i udubljenim otvorom od 300 x 300 mm<\/li>\n<li>Re\u0161etka za ispu\u0161tanje s dimenzijom okvira 280 x 155 mm i udubljenim otvorom od 250 x 120 mm<\/li>\n<\/ul>\n<p style=\"color: rgb(34, 34, 34); font-family: Arial, Helvetica, sans-serif; font-size: small;\">Te\u017eina: 23.00 kg<br \/>Serija: MACS 12000<\/p>\n","protected":false},"excerpt":{"rendered":"<p>Instalacijski kit za Vitrifrigo Macs 12000 &#8211; Komplet dodataka za klima ure\u0111aj od 12000 BTU\/h, Vitrifrigo Komplet dodataka dizajniran za<\/p>\n","protected":false},"featured_media":5946261,"comment_status":"open","ping_status":"closed","template":"","meta":[],"product_brand":[3526],"product_cat":[1647],"product_tag":[],"class_list":{"0":"post-744491","1":"product","2":"type-product","3":"status-publish","4":"has-post-thumbnail","6":"product_brand-vitrifrigo-hr","7":"product_cat-uredaji-za-brodske-kuhinje","9":"first","10":"instock","11":"shipping-taxable","12":"purchasable","13":"product-type-simple"},"_links":{"self":[{"href":"https:\/\/stoic-curie.212-227-153-4.plesk.page\/hr\/wp-json\/wp\/v2\/product\/744491","targetHints":{"allow":["GET"]}}],"collection":[{"href":"https:\/\/stoic-curie.212-227-153-4.plesk.page\/hr\/wp-json\/wp\/v2\/product"}],"about":[{"href":"https:\/\/stoic-curie.212-227-153-4.plesk.page\/hr\/wp-json\/wp\/v2\/types\/product"}],"replies":[{"embeddable":true,"href":"https:\/\/stoic-curie.212-227-153-4.plesk.page\/hr\/wp-json\/wp\/v2\/comments?post=744491"}],"version-history":[{"count":0,"href":"https:\/\/stoic-curie.212-227-153-4.plesk.page\/hr\/wp-json\/wp\/v2\/product\/744491\/revisions"}],"wp:featuredmedia":[{"embeddable":true,"href":"https:\/\/stoic-curie.212-227-153-4.plesk.page\/hr\/wp-json\/wp\/v2\/media\/5946261"}],"wp:attachment":[{"href":"https:\/\/stoic-curie.212-227-153-4.plesk.page\/hr\/wp-json\/wp\/v2\/media?parent=744491"}],"wp:term":[{"taxonomy":"product_brand","embeddable":true,"href":"https:\/\/stoic-curie.212-227-153-4.plesk.page\/hr\/wp-json\/wp\/v2\/product_brand?post=744491"},{"taxonomy":"product_cat","embeddable":true,"href":"https:\/\/stoic-curie.212-227-153-4.plesk.page\/hr\/wp-json\/wp\/v2\/product_cat?post=744491"},{"taxonomy":"product_tag","embeddable":true,"href":"https:\/\/stoic-curie.212-227-153-4.plesk.page\/hr\/wp-json\/wp\/v2\/product_tag?post=744491"}],"curies":[{"name":"wp","href":"https:\/\/api.w.org\/{rel}","templated":true}]}}