{"id":744496,"date":"2025-03-03T19:23:20","date_gmt":"2025-03-03T18:23:20","guid":{"rendered":"https:\/\/stoic-curie.212-227-153-4.plesk.page\/producto\/spremnik-za-gorivo-can-sb-oem-406lt-1550-x-800-x-380-mm\/"},"modified":"2026-02-25T00:01:14","modified_gmt":"2026-02-25T00:01:14","slug":"spremnik-za-gorivo-can-sb-oem-406lt-1550-x-800-x-380-mm","status":"publish","type":"product","link":"https:\/\/stoic-curie.212-227-153-4.plesk.page\/hr\/product\/spremnik-za-gorivo-can-sb-oem-406lt-1550-x-800-x-380-mm\/","title":{"rendered":"Spremnik za gorivo Can-SB OEM 406lt (1550 x 800 x 380 mm)"},"content":{"rendered":"<p>Spremnik za gorivo Can-SB OEM 406lt (1550 x 800 x 380 mm) &#8211; <\/p>\n<p style=\"color: rgb(34, 34, 34); font-family: Arial, Helvetica, sans-serif; font-size: small;\">Na\u0161i rezervoari za gorivo od umre\u017eenog polietilena pa\u017eljivo su dizajnirani s oblikom donjeg trupa koji optimalno podr\u017eava njihovu instalaciju u raznim morskim aplikacijama. Ovi rezervoari dolaze sa predoblikovanim priklju\u010dcima, \u0161to ih \u010dini izuzetno pogodnima za instalacije proizvo\u0111a\u010da originalne opreme (OEM). Svaki rezervoar je pa\u017eljivo dizajniran s prozorom za inspekciju koji ima ventilaciju od 17\/19 mm, cijev za uranjanje goriva od 12 mm i sigurni navojni poklopac. Ova pa\u017enja prema detaljima osigurava da korisnici lako mogu pratiti razine goriva i odr\u017eavati integritet rezervoara. Nadalje, na\u0161i rezervoari su dovoljno svestrani da prihvate ulaze veli\u010dina 38\/50\/60 mm, prilago\u0111avaju\u0107i se \u0161irokom rasponu potreba za prijenosom goriva.<\/p>\n<p style=\"color: rgb(34, 34, 34); font-family: Arial, Helvetica, sans-serif; font-size: small;\">Ovi rezervoari od umre\u017eenog polietilena posebno su prilago\u0111eni vlasnicima \u010damaca koji zahtijevaju kapacitet za prijevoz zna\u010dajnih koli\u010dina benzina ili dizela na brodu. Kako bismo pobolj\u0161ali upotrebljivost, nudimo ove rezervoare u pravokutnim i nepravilnim oblicima, omogu\u0107uju\u0107i optimalno postavljanje na trupu va\u0161eg plovila. Ova fleksibilnost dizajna nadopunjuje se ventilacijskim opcijama i mogu\u0107nostima za priklju\u010dke od 38 mm i 50 mm, osiguravaju\u0107i da je instalacija jednostavna i u\u010dinkovita.<\/p>\n<p style=\"color: rgb(34, 34, 34); font-family: Arial, Helvetica, sans-serif; font-size: small;\">Odre\u0111eni modeli na\u0161ih rezervoara za gorivo opremljeni su kromiranim mesinganim plovkom, \u0161to ne samo da pove\u0107ava trajnost proizvoda, ve\u0107 i omogu\u0107uje instalaciju dodatnog plovka ako je potrebno. Za one koji koriste benzin, nudimo rezervoare opremljene kapacitivnim indikatorom razine, koji omogu\u0107ava precizno pra\u0107enje razina goriva. Va\u017eno je napomenuti da svi na\u0161i rezervoari za gorivo imaju RINA i CE odobrenja, \u0161to jam\u010di da ispunjavaju stroge standarde sigurnosti i kvalitete, pru\u017eaju\u0107i na\u0161im kupcima mir.<\/p>\n<p style=\"color: rgb(34, 34, 34); font-family: Arial, Helvetica, sans-serif; font-size: small;\">Rezervoari za gorivo prikazani na na\u0161oj web stranici me\u0111u najkvalitetnijim su plasti\u010dnim rezervoarima za gorivo dostupnim na tr\u017ei\u0161tu danas. Za razliku od tradicionalnih metalnih rezervoara, na\u0161e opcije od polietilena su od prirode otporne na koroziju, \u0161to je odli\u010dna prednost u morskom okru\u017eenju gdje je izlo\u017eenost slanoj vodi i drugim korozivnim elementima uobi\u010dajena. Pored toga, na\u0161i rezervoari su pribli\u017eno 30% lak\u0161i od metalnih rezervoara iste veli\u010dine, \u0161to mo\u017ee doprinijeti pobolj\u0161anju energetske u\u010dinkovitosti i ukupne izvedbe va\u0161eg plovila.<\/p>\n<p style=\"color: rgb(34, 34, 34); font-family: Arial, Helvetica, sans-serif; font-size: small;\">Izra\u0111eni od umre\u017eenog polietilena, ovi rezervoari su potpuno otporni na benzin i dizel, osiguravaju\u0107i da se ne\u0107e degradirati niti ugroziti kvalitetu goriva koje pohranjuju. Svaki rezervoar prolazi rigorozne pojedina\u010dne testove i postupke certifikacije kako bi osigurao pouzdanost i performanse, tako da mo\u017eete vjerovati da ula\u017eete u proizvod koji \u0107e vam dobro slu\u017eiti dugi niz godina. Na\u0161a predanost kvaliteti i zadovoljstvu kupaca je nepromjenjiva, a posve\u0107eni smo pru\u017eanju vlasnicima brodova najbolje opreme i dodataka koji su dostupni.<\/p>\n","protected":false},"excerpt":{"rendered":"<p>Spremnik za gorivo Can-SB OEM 406lt (1550 x 800 x 380 mm) &#8211; Na\u0161i rezervoari za gorivo od umre\u017eenog polietilena<\/p>\n","protected":false},"featured_media":5946579,"comment_status":"open","ping_status":"closed","template":"","meta":[],"product_brand":[2856],"product_cat":[1800],"product_tag":[],"class_list":{"0":"post-744496","1":"product","2":"type-product","3":"status-publish","4":"has-post-thumbnail","6":"product_brand-can-marine-hr","7":"product_cat-spremnici-goriva","9":"first","10":"instock","11":"shipping-taxable","12":"purchasable","13":"product-type-simple"},"_links":{"self":[{"href":"https:\/\/stoic-curie.212-227-153-4.plesk.page\/hr\/wp-json\/wp\/v2\/product\/744496","targetHints":{"allow":["GET"]}}],"collection":[{"href":"https:\/\/stoic-curie.212-227-153-4.plesk.page\/hr\/wp-json\/wp\/v2\/product"}],"about":[{"href":"https:\/\/stoic-curie.212-227-153-4.plesk.page\/hr\/wp-json\/wp\/v2\/types\/product"}],"replies":[{"embeddable":true,"href":"https:\/\/stoic-curie.212-227-153-4.plesk.page\/hr\/wp-json\/wp\/v2\/comments?post=744496"}],"version-history":[{"count":0,"href":"https:\/\/stoic-curie.212-227-153-4.plesk.page\/hr\/wp-json\/wp\/v2\/product\/744496\/revisions"}],"wp:featuredmedia":[{"embeddable":true,"href":"https:\/\/stoic-curie.212-227-153-4.plesk.page\/hr\/wp-json\/wp\/v2\/media\/5946579"}],"wp:attachment":[{"href":"https:\/\/stoic-curie.212-227-153-4.plesk.page\/hr\/wp-json\/wp\/v2\/media?parent=744496"}],"wp:term":[{"taxonomy":"product_brand","embeddable":true,"href":"https:\/\/stoic-curie.212-227-153-4.plesk.page\/hr\/wp-json\/wp\/v2\/product_brand?post=744496"},{"taxonomy":"product_cat","embeddable":true,"href":"https:\/\/stoic-curie.212-227-153-4.plesk.page\/hr\/wp-json\/wp\/v2\/product_cat?post=744496"},{"taxonomy":"product_tag","embeddable":true,"href":"https:\/\/stoic-curie.212-227-153-4.plesk.page\/hr\/wp-json\/wp\/v2\/product_tag?post=744496"}],"curies":[{"name":"wp","href":"https:\/\/api.w.org\/{rel}","templated":true}]}}