{"id":744498,"date":"2025-03-03T19:23:20","date_gmt":"2025-03-03T18:23:20","guid":{"rendered":"https:\/\/stoic-curie.212-227-153-4.plesk.page\/producto\/fiksno-postolje-garelick-h300mm\/"},"modified":"2026-02-25T00:01:14","modified_gmt":"2026-02-25T00:01:14","slug":"fiksno-postolje-garelick-h300mm","status":"publish","type":"product","link":"https:\/\/stoic-curie.212-227-153-4.plesk.page\/hr\/product\/fiksno-postolje-garelick-h300mm\/","title":{"rendered":"Fiksno postolje Garelick H300mm"},"content":{"rendered":"<p>Fiksno postolje Garelick H300mm &#8211; <\/p>\n<p>Fiksna visina anodizirani aluminijski Garelick stolac stalak postolje. Mo\u017ee se zavr\u0161iti standardnim vrhom ili vrhom sa kliza\u010dem sjedala naprijed-natrag. Oba vrha su opremljena Delrin le\u017eajem koji poni\u0161tava trenje i omogu\u0107uje savr\u0161enu rotaciju. Promjer postolja 73 mm, promjer baze 235 mm.<\/p>\n","protected":false},"excerpt":{"rendered":"<p>Fiksno postolje Garelick H300mm &#8211; Fiksna visina anodizirani aluminijski Garelick stolac stalak postolje. Mo\u017ee se zavr\u0161iti standardnim vrhom ili vrhom<\/p>\n","protected":false},"featured_media":5946593,"comment_status":"open","ping_status":"closed","template":"","meta":[],"product_brand":[2966],"product_cat":[1678,1698],"product_tag":[],"class_list":{"0":"post-744498","1":"product","2":"type-product","3":"status-publish","4":"has-post-thumbnail","6":"product_brand-garelick-hr","7":"product_cat-brodska-sjedala","8":"product_cat-stalci-za-sjedala","10":"first","11":"instock","12":"shipping-taxable","13":"purchasable","14":"product-type-simple"},"_links":{"self":[{"href":"https:\/\/stoic-curie.212-227-153-4.plesk.page\/hr\/wp-json\/wp\/v2\/product\/744498","targetHints":{"allow":["GET"]}}],"collection":[{"href":"https:\/\/stoic-curie.212-227-153-4.plesk.page\/hr\/wp-json\/wp\/v2\/product"}],"about":[{"href":"https:\/\/stoic-curie.212-227-153-4.plesk.page\/hr\/wp-json\/wp\/v2\/types\/product"}],"replies":[{"embeddable":true,"href":"https:\/\/stoic-curie.212-227-153-4.plesk.page\/hr\/wp-json\/wp\/v2\/comments?post=744498"}],"version-history":[{"count":0,"href":"https:\/\/stoic-curie.212-227-153-4.plesk.page\/hr\/wp-json\/wp\/v2\/product\/744498\/revisions"}],"wp:featuredmedia":[{"embeddable":true,"href":"https:\/\/stoic-curie.212-227-153-4.plesk.page\/hr\/wp-json\/wp\/v2\/media\/5946593"}],"wp:attachment":[{"href":"https:\/\/stoic-curie.212-227-153-4.plesk.page\/hr\/wp-json\/wp\/v2\/media?parent=744498"}],"wp:term":[{"taxonomy":"product_brand","embeddable":true,"href":"https:\/\/stoic-curie.212-227-153-4.plesk.page\/hr\/wp-json\/wp\/v2\/product_brand?post=744498"},{"taxonomy":"product_cat","embeddable":true,"href":"https:\/\/stoic-curie.212-227-153-4.plesk.page\/hr\/wp-json\/wp\/v2\/product_cat?post=744498"},{"taxonomy":"product_tag","embeddable":true,"href":"https:\/\/stoic-curie.212-227-153-4.plesk.page\/hr\/wp-json\/wp\/v2\/product_tag?post=744498"}],"curies":[{"name":"wp","href":"https:\/\/api.w.org\/{rel}","templated":true}]}}