{"id":744506,"date":"2025-03-03T19:26:18","date_gmt":"2025-03-03T18:26:18","guid":{"rendered":"https:\/\/stoic-curie.212-227-153-4.plesk.page\/producto\/nosac-stola-garelick-twist-lock-v-690-mm\/"},"modified":"2026-02-25T00:01:15","modified_gmt":"2026-02-25T00:01:15","slug":"nosac-stola-garelick-twist-lock-v-690-mm","status":"publish","type":"product","link":"https:\/\/stoic-curie.212-227-153-4.plesk.page\/hr\/product\/nosac-stola-garelick-twist-lock-v-690-mm\/","title":{"rendered":"Nosac stola garelick twist-lock v 690 mm"},"content":{"rendered":"<p>Nosac stola garelick twist-lock v 690 mm &#8211; <\/p>\n<p>Satinirano anodizirano aluminijsko postolje za stol s korozijskim otporom morskim polimernim bazama. Twist-Lock sustav omogu\u0107ava u\u010dvr\u0161\u0107ivanje ili uklanjanje potpore s ravne baze, ostavljaju\u0107i palubu slobodnom i bez potrebe za bu\u0161enjem rupa za instalaciju. Promjer cijevi 60 mm, gornja baza 180 mm, donja baza 170 mm.<\/p>\n","protected":false},"excerpt":{"rendered":"<p>Nosac stola garelick twist-lock v 690 mm &#8211; Satinirano anodizirano aluminijsko postolje za stol s korozijskim otporom morskim polimernim bazama.<\/p>\n","protected":false},"featured_media":5946604,"comment_status":"open","ping_status":"closed","template":"","meta":[],"product_brand":[2966],"product_cat":[1642],"product_tag":[],"class_list":{"0":"post-744506","1":"product","2":"type-product","3":"status-publish","4":"has-post-thumbnail","6":"product_brand-garelick-hr","7":"product_cat-brodske-stolice-i-stolovi","9":"first","10":"instock","11":"shipping-taxable","12":"purchasable","13":"product-type-simple"},"_links":{"self":[{"href":"https:\/\/stoic-curie.212-227-153-4.plesk.page\/hr\/wp-json\/wp\/v2\/product\/744506","targetHints":{"allow":["GET"]}}],"collection":[{"href":"https:\/\/stoic-curie.212-227-153-4.plesk.page\/hr\/wp-json\/wp\/v2\/product"}],"about":[{"href":"https:\/\/stoic-curie.212-227-153-4.plesk.page\/hr\/wp-json\/wp\/v2\/types\/product"}],"replies":[{"embeddable":true,"href":"https:\/\/stoic-curie.212-227-153-4.plesk.page\/hr\/wp-json\/wp\/v2\/comments?post=744506"}],"version-history":[{"count":0,"href":"https:\/\/stoic-curie.212-227-153-4.plesk.page\/hr\/wp-json\/wp\/v2\/product\/744506\/revisions"}],"wp:featuredmedia":[{"embeddable":true,"href":"https:\/\/stoic-curie.212-227-153-4.plesk.page\/hr\/wp-json\/wp\/v2\/media\/5946604"}],"wp:attachment":[{"href":"https:\/\/stoic-curie.212-227-153-4.plesk.page\/hr\/wp-json\/wp\/v2\/media?parent=744506"}],"wp:term":[{"taxonomy":"product_brand","embeddable":true,"href":"https:\/\/stoic-curie.212-227-153-4.plesk.page\/hr\/wp-json\/wp\/v2\/product_brand?post=744506"},{"taxonomy":"product_cat","embeddable":true,"href":"https:\/\/stoic-curie.212-227-153-4.plesk.page\/hr\/wp-json\/wp\/v2\/product_cat?post=744506"},{"taxonomy":"product_tag","embeddable":true,"href":"https:\/\/stoic-curie.212-227-153-4.plesk.page\/hr\/wp-json\/wp\/v2\/product_tag?post=744506"}],"curies":[{"name":"wp","href":"https:\/\/api.w.org\/{rel}","templated":true}]}}