{"id":744511,"date":"2025-03-03T19:26:19","date_gmt":"2025-03-03T18:26:19","guid":{"rendered":"https:\/\/stoic-curie.212-227-153-4.plesk.page\/producto\/garelick-abs-stol-46-x-76cm-s-aluminijskim-postoljem\/"},"modified":"2026-02-25T00:01:15","modified_gmt":"2026-02-25T00:01:15","slug":"garelick-abs-stol-46-x-76cm-s-aluminijskim-postoljem","status":"publish","type":"product","link":"https:\/\/stoic-curie.212-227-153-4.plesk.page\/hr\/product\/garelick-abs-stol-46-x-76cm-s-aluminijskim-postoljem\/","title":{"rendered":"Garelick ABS stol 46 x 76cm s aluminijskim postoljem"},"content":{"rendered":"<p>Garelick ABS stol 46 x 76cm s aluminijskim postoljem &#8211; <\/p>\n<p>Garelick ovalni stol sadr\u017ei korisni\u010dki prijateljski sustav bo\u010dne potpore koji omogu\u0107uje jednostavno odvajanje, koriste\u0107i jednostavan mehanizam pritiska pametno integriran u osnovu za monta\u017eu. Ovaj inovativni dizajn jam\u010di da mo\u017eete brzo i lako ukloniti stol kad god to zatrebate, \u010dine\u0107i ga savr\u0161enim izborom za pojedince koji cijene prakti\u010dnost i jednostavnost kori\u0161tenja. Potpora stola ima promjer od 6 cm i visinu od 41 cm, pru\u017eaju\u0107i robusnu osnovu za niz aktivnosti. Osim toga, osnovica za monta\u017eu mjeri 8 x 13 cm, osiguravaju\u0107i sigurno pri\u010dvr\u0161\u0107ivanje.<\/p>\n<p>Izvanredna zna\u010dajka ovog stola je njegov elegantno zakrivljen dizajn, koji ne samo da pove\u0107ava njegov vizualni \u0161arm, ve\u0107 tako\u0111er pru\u017ea izvanredno rje\u0161enje za \u0161tednju prostora u svakom okru\u017eenju. Osnova je uklonjiva, zahvaljuju\u0107i \u010dvrstoj nehr\u0111aju\u0107oj \u010deli\u010dnoj plo\u010di koja omogu\u0107uje brzu monta\u017eu i prakti\u010dno skladi\u0161tenje kada stol nije u uporabi.<\/p>\n<p>Ovaj prilagodljivi stol mo\u017ee se \u010dvrsto pri\u010dvrstiti na bilo koju vertikalnu povr\u0161inu, \u0161to ga \u010dini prakti\u010dnim dodatkom za razna okru\u017eenja, bilo za stambene svrhe, uredske prostore ili vanjske doga\u0111aje.<\/p>\n<p>Dimenzije: 46 x 76 cm<\/p>\n","protected":false},"excerpt":{"rendered":"<p>Garelick ABS stol 46 x 76cm s aluminijskim postoljem &#8211; Garelick ovalni stol sadr\u017ei korisni\u010dki prijateljski sustav bo\u010dne potpore koji<\/p>\n","protected":false},"featured_media":5946611,"comment_status":"open","ping_status":"closed","template":"","meta":[],"product_brand":[2966],"product_cat":[1642],"product_tag":[],"class_list":{"0":"post-744511","1":"product","2":"type-product","3":"status-publish","4":"has-post-thumbnail","6":"product_brand-garelick-hr","7":"product_cat-brodske-stolice-i-stolovi","9":"first","10":"instock","11":"shipping-taxable","12":"purchasable","13":"product-type-simple"},"_links":{"self":[{"href":"https:\/\/stoic-curie.212-227-153-4.plesk.page\/hr\/wp-json\/wp\/v2\/product\/744511","targetHints":{"allow":["GET"]}}],"collection":[{"href":"https:\/\/stoic-curie.212-227-153-4.plesk.page\/hr\/wp-json\/wp\/v2\/product"}],"about":[{"href":"https:\/\/stoic-curie.212-227-153-4.plesk.page\/hr\/wp-json\/wp\/v2\/types\/product"}],"replies":[{"embeddable":true,"href":"https:\/\/stoic-curie.212-227-153-4.plesk.page\/hr\/wp-json\/wp\/v2\/comments?post=744511"}],"version-history":[{"count":0,"href":"https:\/\/stoic-curie.212-227-153-4.plesk.page\/hr\/wp-json\/wp\/v2\/product\/744511\/revisions"}],"wp:featuredmedia":[{"embeddable":true,"href":"https:\/\/stoic-curie.212-227-153-4.plesk.page\/hr\/wp-json\/wp\/v2\/media\/5946611"}],"wp:attachment":[{"href":"https:\/\/stoic-curie.212-227-153-4.plesk.page\/hr\/wp-json\/wp\/v2\/media?parent=744511"}],"wp:term":[{"taxonomy":"product_brand","embeddable":true,"href":"https:\/\/stoic-curie.212-227-153-4.plesk.page\/hr\/wp-json\/wp\/v2\/product_brand?post=744511"},{"taxonomy":"product_cat","embeddable":true,"href":"https:\/\/stoic-curie.212-227-153-4.plesk.page\/hr\/wp-json\/wp\/v2\/product_cat?post=744511"},{"taxonomy":"product_tag","embeddable":true,"href":"https:\/\/stoic-curie.212-227-153-4.plesk.page\/hr\/wp-json\/wp\/v2\/product_tag?post=744511"}],"curies":[{"name":"wp","href":"https:\/\/api.w.org\/{rel}","templated":true}]}}