{"id":744513,"date":"2025-03-03T19:26:19","date_gmt":"2025-03-03T18:26:19","guid":{"rendered":"https:\/\/stoic-curie.212-227-153-4.plesk.page\/producto\/hladnjak-za-boce-vitrifrigo-dcw46-12-boce-12-24-220v\/"},"modified":"2026-02-25T00:01:15","modified_gmt":"2026-02-25T00:01:15","slug":"hladnjak-za-boce-vitrifrigo-dcw46-12-boce-12-24-220v","status":"publish","type":"product","link":"https:\/\/stoic-curie.212-227-153-4.plesk.page\/hr\/product\/hladnjak-za-boce-vitrifrigo-dcw46-12-boce-12-24-220v\/","title":{"rendered":"Vitrifrigo DCW46"},"content":{"rendered":"<p>Vitrifrigo DCW46 &#8211; <\/p>\n<p style=\"color: rgb(34, 34, 34); font-family: Arial, Helvetica, sans-serif; font-size: small;\"><strong>Vinski podrum za plovila, DCW46, Vitrifrigo<\/strong><\/p>\n<p style=\"color: rgb(34, 34, 34); font-family: Arial, Helvetica, sans-serif; font-size: small;\">Vitrifrigo hladnjaci za vino imaju elegantnu zavr\u0161nu obradu od bru\u0161enog nehr\u0111aju\u0107eg \u010delika i pouzdanu unutarnju jedinicu za hla\u0111enje Danfoss koja radi na 12\/24\/220V. Ovi vinski podrumi savr\u0161eni su za pohranu vina i \u0161ampanjca. Model DCW46, koji je dio serije Vinskih podrum\u00e2, ima ukupni kapacitet od 46 litara, \u0161to omogu\u0107uje pohranu do 10 standardnih boca, svaka promjera 76mm i visine 315mm.<\/p>\n<p style=\"color: rgb(34, 34, 34); font-family: Arial, Helvetica, sans-serif; font-size: small;\">Ovaj vinski podrum ne samo da izgleda elegantno s svom svojom zavr\u0161nom obradom od bru\u0161enog nehr\u0111aju\u0107eg \u010delika i zatamnjenim staklom, ve\u0107 tako\u0111er u\u010dinkovito \u0161titi va\u0161e vino od \u0161tetnih UV zraka.<\/p>\n<p style=\"color: rgb(34, 34, 34); font-family: Arial, Helvetica, sans-serif; font-size: small;\">Uz digitalni termostat, lako mo\u017eete prilagoditi unutarnju temperaturu izme\u0111u +4\u00b0C i +18\u00b0C, osiguravaju\u0107i da se svaka vrsta vina dr\u017ei u najboljim mogu\u0107im uvjetima.<\/p>\n<p style=\"color: rgb(34, 34, 34); font-family: Arial, Helvetica, sans-serif; font-size: small;\">Dodatno, DCW46 vinski podrum je dizajniran za pomorsku upotrebu i uklju\u010duje sigurnosnu iglu &#8220;Pin Lock&#8221;. Ovaj sustav zaklju\u010davanja dodaje dodatnu sigurnost vratima, spre\u010davaju\u0107i njihovo otvaranje tijekom brodskih putovanja.<\/p>\n<p style=\"color: rgb(34, 34, 34); font-family: Arial, Helvetica, sans-serif; font-size: small;\"><strong>Tehni\u010dke specifikacije:<\/strong><\/p>\n<ul style=\"color: rgb(34, 34, 34); font-family: Arial, Helvetica, sans-serif; font-size: small;\">\n<li><strong>Zavr\u0161na obrada vrata:<\/strong>&nbsp;Staklo<\/li>\n<li><strong>Kapacitet:<\/strong>&nbsp;46 litara<\/li>\n<li><strong>Visina:<\/strong>&nbsp;535 mm<\/li>\n<li><strong>Duljina:<\/strong>&nbsp;430 mm<\/li>\n<li><strong>Dubina:<\/strong>&nbsp;470 mm<\/li>\n<li><strong>Te\u017eina:<\/strong>&nbsp;18 kg<\/li>\n<li><strong>Serija:<\/strong>&nbsp;Vinski podrumi<\/li>\n<li><strong>Obrnuta vrata:<\/strong>&nbsp;Ne<\/li>\n<li><strong>Termostat:<\/strong>&nbsp;Digitalni<\/li>\n<li><strong>Tehnologija hla\u0111enja:<\/strong>&nbsp;Kompresor<\/li>\n<li><strong>Hladnja\u010dka jedinica:<\/strong>&nbsp;Unutarnja<\/li>\n<li><strong>Otvaranje vrata:<\/strong>&nbsp;Jedna prednja vrata<\/li>\n<li><strong>Napon:<\/strong>&nbsp;12\/24 VDC &#8211; 100\/240 VAC<\/li>\n<\/ul>\n","protected":false},"excerpt":{"rendered":"<p>Vitrifrigo DCW46 &#8211; Vinski podrum za plovila, DCW46, Vitrifrigo Vitrifrigo hladnjaci za vino imaju elegantnu zavr\u0161nu obradu od bru\u0161enog nehr\u0111aju\u0107eg<\/p>\n","protected":false},"featured_media":5946614,"comment_status":"open","ping_status":"closed","template":"","meta":[],"product_brand":[3526],"product_cat":[1751],"product_tag":[],"class_list":{"0":"post-744513","1":"product","2":"type-product","3":"status-publish","4":"has-post-thumbnail","6":"product_brand-vitrifrigo-hr","7":"product_cat-hladnjaci-i-zamrzivaci","9":"first","10":"instock","11":"shipping-taxable","12":"purchasable","13":"product-type-simple"},"_links":{"self":[{"href":"https:\/\/stoic-curie.212-227-153-4.plesk.page\/hr\/wp-json\/wp\/v2\/product\/744513","targetHints":{"allow":["GET"]}}],"collection":[{"href":"https:\/\/stoic-curie.212-227-153-4.plesk.page\/hr\/wp-json\/wp\/v2\/product"}],"about":[{"href":"https:\/\/stoic-curie.212-227-153-4.plesk.page\/hr\/wp-json\/wp\/v2\/types\/product"}],"replies":[{"embeddable":true,"href":"https:\/\/stoic-curie.212-227-153-4.plesk.page\/hr\/wp-json\/wp\/v2\/comments?post=744513"}],"version-history":[{"count":0,"href":"https:\/\/stoic-curie.212-227-153-4.plesk.page\/hr\/wp-json\/wp\/v2\/product\/744513\/revisions"}],"wp:featuredmedia":[{"embeddable":true,"href":"https:\/\/stoic-curie.212-227-153-4.plesk.page\/hr\/wp-json\/wp\/v2\/media\/5946614"}],"wp:attachment":[{"href":"https:\/\/stoic-curie.212-227-153-4.plesk.page\/hr\/wp-json\/wp\/v2\/media?parent=744513"}],"wp:term":[{"taxonomy":"product_brand","embeddable":true,"href":"https:\/\/stoic-curie.212-227-153-4.plesk.page\/hr\/wp-json\/wp\/v2\/product_brand?post=744513"},{"taxonomy":"product_cat","embeddable":true,"href":"https:\/\/stoic-curie.212-227-153-4.plesk.page\/hr\/wp-json\/wp\/v2\/product_cat?post=744513"},{"taxonomy":"product_tag","embeddable":true,"href":"https:\/\/stoic-curie.212-227-153-4.plesk.page\/hr\/wp-json\/wp\/v2\/product_tag?post=744513"}],"curies":[{"name":"wp","href":"https:\/\/api.w.org\/{rel}","templated":true}]}}