{"id":744515,"date":"2025-03-03T19:26:20","date_gmt":"2025-03-03T18:26:20","guid":{"rendered":"https:\/\/stoic-curie.212-227-153-4.plesk.page\/producto\/rucna-pumpa-spojke-ifm-256lt-minuta\/"},"modified":"2026-02-25T00:01:15","modified_gmt":"2026-02-25T00:01:15","slug":"rucna-pumpa-spojke-ifm-256lt-minuta","status":"publish","type":"product","link":"https:\/\/stoic-curie.212-227-153-4.plesk.page\/hr\/product\/rucna-pumpa-spojke-ifm-256lt-minuta\/","title":{"rendered":"Ru\u010dno kva\u010dilo pumpa Tellarini IFM 40"},"content":{"rendered":"<p>Ru\u010dno kva\u010dilo pumpa Tellarini IFM 40 &#8211; <\/p>\n<p style=\"color: rgb(34, 34, 34); font-family: Arial, Helvetica, sans-serif; font-size: small;\">Predstavljamo idealno rje\u0161enje za usisavanje i prijenos teku\u0107ina, s izvanrednim svojstvima samousisavanja. Ova pumpa u\u010dinkovito radi \u010dak i kada je opskrba teku\u0107inom isprekidana i omogu\u0107uje obrnutu struju. IFM serija je izra\u0111ena od izdr\u017eljivog mesinga CB754S s osovinom od nehr\u0111aju\u0107eg \u010delika. Ovaj model uklju\u010duje potporu i remenicu za jednostavno spajanje s motorom. Mehani\u010dka spojka izme\u0111u remenice i osovine omogu\u0107uje vam povezivanje pumpe s radnim motorom te kontrolu njezinog uklju\u010divanja i isklju\u010divanja jednostavnim polugom. Va\u017eno je provjeriti kompatibilnost i odabrati odgovaraju\u0107e brtve za svaku primjenu.<\/p>\n<p style=\"color: rgb(34, 34, 34); font-family: Arial, Helvetica, sans-serif; font-size: small;\">Ovaj proizvod posebno je prikladan za:<\/p>\n<ul style=\"color: rgb(34, 34, 34); font-family: Arial, Helvetica, sans-serif; font-size: small;\">\n<li>Nauti\u010dke primjene (\u010damci, usluge, hla\u0111enje, pranje, morska voda)<\/li>\n<li>Poljoprivredu (fungicidi, teku\u0107a gnojiva, dijelovi poljoprivrednih strojeva, navodnjavanje)<\/li>\n<li>Prijevoz (cisterni, cestovni strojevi, sustavi za vodu na brodu)<\/li>\n<\/ul>\n<p style=\"color: rgb(34, 34, 34); font-family: Arial, Helvetica, sans-serif; font-size: small;\"><strong>Hidrauli\u010dke specifikacije:<\/strong><\/p>\n<ul style=\"color: rgb(34, 34, 34); font-family: Arial, Helvetica, sans-serif; font-size: small;\">\n<li>maksimalni kapacitet: 258 litara\/minutu<\/li>\n<li>maksimalna visina: 65 metara<\/li>\n<li>brtva osovine: Da<\/li>\n<li>maksimalna visina usisavanja: 6 metara<\/li>\n<li>navojni priklju\u010dci: 1\u00bd in\u010da<\/li>\n<li>maksimalna gusto\u0107a teku\u0107ine: 1.1 g\/cm\u00b3 (bez tvrdih \u010destica)<\/li>\n<li>maksimalna temperatura: 90\u00b0C<\/li>\n<li>nije pogodna za agresivne teku\u0107ine koje mogu o\u0161tetiti materijale pumpe i brtve (pogledajte tehni\u010dke specifikacije)<\/li>\n<li>nije namijenjena za prijenos benzina, otapala ili kori\u0161tenje u eksplozivnim ili zapaljivim okru\u017eenjima<\/li>\n<li>obrnuti protok<\/li>\n<li>uklju\u010duje par mesinganih priklju\u010daka za crijevo za cijevi promjera 40 mm (jedan ravni i jedan zakrivljeni)<\/li>\n<li>mo\u017ee raditi kratko vrijeme s zatvorenim cjevovodima<\/li>\n<li>pumpa mora biti ispunjena teku\u0107inom tijekom instalacije; ovaj korak nije potreban nakon toga<\/li>\n<\/ul>\n<p style=\"color: rgb(34, 34, 34); font-family: Arial, Helvetica, sans-serif; font-size: small;\"><strong>Tehni\u010dke specifikacije:<\/strong><\/p>\n<ul style=\"color: rgb(34, 34, 34); font-family: Arial, Helvetica, sans-serif; font-size: small;\">\n<li>projektirana za spoj putem remenice 1A100<\/li>\n<li>mehani\u010dki upravljana spojka postavljena je izme\u0111u remenice i osovine, \u0161to omogu\u0107uje jednostavno upravljanje radom pumpe polugom.<\/li>\n<\/ul>\n<p style=\"color: rgb(34, 34, 34); font-family: Arial, Helvetica, sans-serif; font-size: small;\"><strong>Materijali:<\/strong><\/p>\n<ul style=\"color: rgb(34, 34, 34); font-family: Arial, Helvetica, sans-serif; font-size: small;\">\n<li>dijelovi pumpe: mesing<\/li>\n<li>osovina: AISI 304 nehr\u0111aju\u0107i \u010delik<\/li>\n<li>impeler: mesing<\/li>\n<li>brtve: NBR<\/li>\n<\/ul>\n<p style=\"color: rgb(34, 34, 34); font-family: Arial, Helvetica, sans-serif; font-size: small;\"><strong>Karakteristike pumpe:<\/strong><\/p>\n<ul style=\"color: rgb(34, 34, 34); font-family: Arial, Helvetica, sans-serif; font-size: small;\">\n<li>priklju\u010dci: 1\u00bd in\u010da<\/li>\n<li>priklju\u010dak za crijevo: 40 mm<\/li>\n<li>sposobnost usisavanja: 6 metara<\/li>\n<li>maksimalna protok: 258 litara\/minutu<\/li>\n<li>maksimalna visina: 65 metara<\/li>\n<\/ul>\n<p style=\"color: rgb(34, 34, 34); font-family: Arial, Helvetica, sans-serif; font-size: small;\"><strong>Ukupne dimenzije:<\/strong><\/p>\n<ul style=\"color: rgb(34, 34, 34); font-family: Arial, Helvetica, sans-serif; font-size: small;\">\n<li>\u0160irina: 350 mm<\/li>\n<li>Du\u017eina: 158 mm<\/li>\n<li>Visina: 180 mm<\/li>\n<li>Te\u017eina: 10.7 kg<\/li>\n<\/ul>\n","protected":false},"excerpt":{"rendered":"<p>Ru\u010dno kva\u010dilo pumpa Tellarini IFM 40 &#8211; Predstavljamo idealno rje\u0161enje za usisavanje i prijenos teku\u0107ina, s izvanrednim svojstvima samousisavanja. Ova<\/p>\n","protected":false},"featured_media":5946617,"comment_status":"open","ping_status":"closed","template":"","meta":[],"product_brand":[2976],"product_cat":[1809],"product_tag":[],"class_list":{"0":"post-744515","1":"product","2":"type-product","3":"status-publish","4":"has-post-thumbnail","6":"product_brand-gianneschi-hr","7":"product_cat-pumpe-za-hladenje-motora","9":"first","10":"instock","11":"shipping-taxable","12":"purchasable","13":"product-type-simple"},"_links":{"self":[{"href":"https:\/\/stoic-curie.212-227-153-4.plesk.page\/hr\/wp-json\/wp\/v2\/product\/744515","targetHints":{"allow":["GET"]}}],"collection":[{"href":"https:\/\/stoic-curie.212-227-153-4.plesk.page\/hr\/wp-json\/wp\/v2\/product"}],"about":[{"href":"https:\/\/stoic-curie.212-227-153-4.plesk.page\/hr\/wp-json\/wp\/v2\/types\/product"}],"replies":[{"embeddable":true,"href":"https:\/\/stoic-curie.212-227-153-4.plesk.page\/hr\/wp-json\/wp\/v2\/comments?post=744515"}],"version-history":[{"count":0,"href":"https:\/\/stoic-curie.212-227-153-4.plesk.page\/hr\/wp-json\/wp\/v2\/product\/744515\/revisions"}],"wp:featuredmedia":[{"embeddable":true,"href":"https:\/\/stoic-curie.212-227-153-4.plesk.page\/hr\/wp-json\/wp\/v2\/media\/5946617"}],"wp:attachment":[{"href":"https:\/\/stoic-curie.212-227-153-4.plesk.page\/hr\/wp-json\/wp\/v2\/media?parent=744515"}],"wp:term":[{"taxonomy":"product_brand","embeddable":true,"href":"https:\/\/stoic-curie.212-227-153-4.plesk.page\/hr\/wp-json\/wp\/v2\/product_brand?post=744515"},{"taxonomy":"product_cat","embeddable":true,"href":"https:\/\/stoic-curie.212-227-153-4.plesk.page\/hr\/wp-json\/wp\/v2\/product_cat?post=744515"},{"taxonomy":"product_tag","embeddable":true,"href":"https:\/\/stoic-curie.212-227-153-4.plesk.page\/hr\/wp-json\/wp\/v2\/product_tag?post=744515"}],"curies":[{"name":"wp","href":"https:\/\/api.w.org\/{rel}","templated":true}]}}