{"id":744516,"date":"2025-03-03T19:26:20","date_gmt":"2025-03-03T18:26:20","guid":{"rendered":"https:\/\/stoic-curie.212-227-153-4.plesk.page\/producto\/elektromagnetska-pumpa-spojke-ife-12v-166lt-minuta\/"},"modified":"2026-02-25T00:01:15","modified_gmt":"2026-02-25T00:01:15","slug":"elektromagnetska-pumpa-spojke-ife-12v-166lt-minuta","status":"publish","type":"product","link":"https:\/\/stoic-curie.212-227-153-4.plesk.page\/hr\/product\/elektromagnetska-pumpa-spojke-ife-12v-166lt-minuta\/","title":{"rendered":"Elektromagnetska pumpa spojke Tellarini IFE 30-12"},"content":{"rendered":"<p>Elektromagnetska pumpa spojke Tellarini IFE 30-12 &#8211; <\/p>\n<p style=\"color: rgb(34, 34, 34); font-family: Arial, Helvetica, sans-serif; font-size: small;\">Ova pumpa ima impeler od mesinga i osovinu od nehr\u0111aju\u0107eg \u010delika, opremljena elektromagnetskom spojkom. Radi na maksimalnoj brzini od 2900 okretaja u minuti (RPM) i mo\u017ee posti\u0107i uspon od 65 metara pri 1400 RPM.<\/p>\n<p style=\"color: rgb(34, 34, 34); font-family: Arial, Helvetica, sans-serif; font-size: small;\">Dizajnirana za primjene u slatkoj i slanoj vodi, ova pumpa je izvrsna za usisavanje i transfer teku\u0107ina. Njena sna\u017ena samoprinose\u0107a sposobnost omogu\u0107uje joj rad \u010dak i kada je opskrba teku\u0107inom prekidana, a pru\u017ea i fleksibilnost reverzibilnog toka. IFE serija se sastoji od mesinga CB754S i uklju\u010duje osovinu od nehr\u0111aju\u0107eg \u010delika. Model dolazi s podr\u0161kom i remenicom za jednostavno povezivanje motora. Elektromagnetska spojka, smje\u0161tena izme\u0111u remenice i osovine, omogu\u0107uje daljinsko upravljanje uklju\u010divanjem i isklju\u010divanjem pumpe putem jednostavnog prekida\u010da. Bitno je provjeriti kompatibilnost i odabrati odgovaraju\u0107e brtve za svaku specifi\u010dnu primjenu.<\/p>\n<p style=\"color: rgb(34, 34, 34); font-family: Arial, Helvetica, sans-serif; font-size: small;\"><strong>Idealne primjene:<\/strong><\/p>\n<ul style=\"color: rgb(34, 34, 34); font-family: Arial, Helvetica, sans-serif; font-size: small;\">\n<li><strong>Nautika:<\/strong> Razne primjene poput bilge, servis, hla\u0111enje, pranje i morska voda.<\/li>\n<li><strong>Poljoprivreda:<\/strong> Fungicidi, teku\u0107a gnojiva, dijelovi poljoprivrednih strojeva i navodnjavanje.<\/li>\n<li><strong>Transport:<\/strong> Cisterna, cestovni strojevi i sustavi za vodu na brodu.<\/li>\n<\/ul>\n<p style=\"color: rgb(34, 34, 34); font-family: Arial, Helvetica, sans-serif; font-size: small;\"><strong>Hidrauli\u010dna specifikacija:<\/strong><\/p>\n<ul style=\"color: rgb(34, 34, 34); font-family: Arial, Helvetica, sans-serif; font-size: small;\">\n<li>Maksimalni kapacitet: 166 litara u minuti<\/li>\n<li>Maksimalna visina: 65 metara<\/li>\n<li>Brtva osovine: Da<\/li>\n<li>Maksimalna visina primanja: 6 metara<\/li>\n<li>Navojni priklju\u010dci: 1&#8243;\u00bd<\/li>\n<li>Maksimalna gusto\u0107a teku\u0107ine: 1.1 g\/cm\u00b3 (slobodno od tvrdih \u010destica)<\/li>\n<li>Maksimalna temperatura: 90\u00b0C<\/li>\n<li>Nije pogodna za agresivne teku\u0107ine koje mogu o\u0161tetiti materijale pumpe i brtve (pogledajte tehni\u010dke specifikacije).<\/li>\n<li>Nije namijenjena za prijenos benzina, otapala ili u okru\u017eenjima s rizicima od eksplozije i po\u017eara.<\/li>\n<li>Reverzibilna sposobnost pumpe.<\/li>\n<li>Uklju\u010duje par mesinganih priklju\u010daka za crijeva promjera 30 mm (jedan ravan i jedan zakrivljen).<\/li>\n<li>Mo\u017ee raditi kratko vrijeme s zatvorenim cijevima.<\/li>\n<li>Pumpa mora biti ispunjena teku\u0107inom tijekom instalacije; ovaj korak nije potreban kasnije.<\/li>\n<\/ul>\n<p style=\"color: rgb(34, 34, 34); font-family: Arial, Helvetica, sans-serif; font-size: small;\"><strong>Tehni\u010dke specifikacije:<\/strong><\/p>\n<ul style=\"color: rgb(34, 34, 34); font-family: Arial, Helvetica, sans-serif; font-size: small;\">\n<li>Pripremljeno za povezivanje putem remenice 2A148.<\/li>\n<li>Posjeduje 12V DC elektromagnetsku spojku izme\u0111u remenice i osovine za daljinsko upravljanje uklju\u010divanjem i isklju\u010divanjem pumpe.<\/li>\n<\/ul>\n<p style=\"color: rgb(34, 34, 34); font-family: Arial, Helvetica, sans-serif; font-size: small;\"><strong>Materijali:<\/strong><\/p>\n<ul style=\"color: rgb(34, 34, 34); font-family: Arial, Helvetica, sans-serif; font-size: small;\">\n<li>Djela pumpe: Mjed<\/li>\n<li>Osovina: AISI 304<\/li>\n<li>Impeler: Mjed<\/li>\n<li>Brtve: NBR<\/li>\n<\/ul>\n<p style=\"color: rgb(34, 34, 34); font-family: Arial, Helvetica, sans-serif; font-size: small;\"><strong>Karakteristike pumpe:<\/strong><\/p>\n<ul style=\"color: rgb(34, 34, 34); font-family: Arial, Helvetica, sans-serif; font-size: small;\">\n<li>Priklju\u010dci: 1&#8243;\u00bd<\/li>\n<li>Promjer priklju\u010dka crijeva: 30 mm<\/li>\n<li>Sposobnost primanja: 6 m<\/li>\n<li>Maksimalni protok: 166 litara u minuti<\/li>\n<li>Maksimalna visina: 65 m<\/li>\n<\/ul>\n<p style=\"color: rgb(34, 34, 34); font-family: Arial, Helvetica, sans-serif; font-size: small;\"><strong>Ukupne dimenzije:<\/strong><\/p>\n<ul style=\"color: rgb(34, 34, 34); font-family: Arial, Helvetica, sans-serif; font-size: small;\">\n<li>\u0160irina: 304 mm<\/li>\n<li>Du\u017eina: 158 mm<\/li>\n<li>Visina: 180 mm<\/li>\n<li>Te\u017eina: 11.3 kg<\/li>\n<\/ul>\n","protected":false},"excerpt":{"rendered":"<p>Elektromagnetska pumpa spojke Tellarini IFE 30-12 &#8211; Ova pumpa ima impeler od mesinga i osovinu od nehr\u0111aju\u0107eg \u010delika, opremljena elektromagnetskom<\/p>\n","protected":false},"featured_media":5946619,"comment_status":"open","ping_status":"closed","template":"","meta":[],"product_brand":[2976],"product_cat":[1809],"product_tag":[],"class_list":{"0":"post-744516","1":"product","2":"type-product","3":"status-publish","4":"has-post-thumbnail","6":"product_brand-gianneschi-hr","7":"product_cat-pumpe-za-hladenje-motora","9":"first","10":"instock","11":"shipping-taxable","12":"purchasable","13":"product-type-simple"},"_links":{"self":[{"href":"https:\/\/stoic-curie.212-227-153-4.plesk.page\/hr\/wp-json\/wp\/v2\/product\/744516","targetHints":{"allow":["GET"]}}],"collection":[{"href":"https:\/\/stoic-curie.212-227-153-4.plesk.page\/hr\/wp-json\/wp\/v2\/product"}],"about":[{"href":"https:\/\/stoic-curie.212-227-153-4.plesk.page\/hr\/wp-json\/wp\/v2\/types\/product"}],"replies":[{"embeddable":true,"href":"https:\/\/stoic-curie.212-227-153-4.plesk.page\/hr\/wp-json\/wp\/v2\/comments?post=744516"}],"version-history":[{"count":0,"href":"https:\/\/stoic-curie.212-227-153-4.plesk.page\/hr\/wp-json\/wp\/v2\/product\/744516\/revisions"}],"wp:featuredmedia":[{"embeddable":true,"href":"https:\/\/stoic-curie.212-227-153-4.plesk.page\/hr\/wp-json\/wp\/v2\/media\/5946619"}],"wp:attachment":[{"href":"https:\/\/stoic-curie.212-227-153-4.plesk.page\/hr\/wp-json\/wp\/v2\/media?parent=744516"}],"wp:term":[{"taxonomy":"product_brand","embeddable":true,"href":"https:\/\/stoic-curie.212-227-153-4.plesk.page\/hr\/wp-json\/wp\/v2\/product_brand?post=744516"},{"taxonomy":"product_cat","embeddable":true,"href":"https:\/\/stoic-curie.212-227-153-4.plesk.page\/hr\/wp-json\/wp\/v2\/product_cat?post=744516"},{"taxonomy":"product_tag","embeddable":true,"href":"https:\/\/stoic-curie.212-227-153-4.plesk.page\/hr\/wp-json\/wp\/v2\/product_tag?post=744516"}],"curies":[{"name":"wp","href":"https:\/\/api.w.org\/{rel}","templated":true}]}}